{"id":3541,"date":"2025-10-09T00:00:00","date_gmt":"2025-10-08T22:00:00","guid":{"rendered":"https:\/\/yotavis.ch\/product\/sap1000\/"},"modified":"2026-04-24T13:26:58","modified_gmt":"2026-04-24T11:26:58","slug":"sap1000","status":"publish","type":"product","link":"https:\/\/yotavis.ch\/it\/prodotto\/sap1000\/","title":{"rendered":"SAP1000"},"content":{"rendered":"<p>Il SAP1000 \u00e8 una sonda attiva con una larghezza di banda di 1000 MHz, progettata per funzionare con una tensione massima di 8 V. \u00c8 prodotto da Siglent e dispone di un'interfaccia compatibile con le apparecchiature Siglent. Questo prodotto \u00e8 destinato all'uso in applicazioni che richiedono il rilevamento di segnali ad alta frequenza fino a 1 GHz. La sonda attiva \u00e8 stata progettata per fornire misure accurate del segnale entro l'intervallo di tensione specificato. Il suo design supporta l'integrazione con altri dispositivi Siglent, facilitando la connettivit\u00e0 e il funzionamento senza soluzione di continuit\u00e0. Il SAP1000 \u00e8 adatto a vari scenari di test e misura in cui \u00e8 necessaria un'acquisizione precisa del segnale.<\/p>","protected":false},"excerpt":{"rendered":"<p>Sonda attiva, 1 GHz<\/p>","protected":false},"featured_media":4767,"comment_status":"closed","ping_status":"closed","template":"","meta":{"_acf_changed":false,"slim_seo":{"title":"SAP1000 - YOTAVIS AG","description":"Sonda attiva, 1 GHz"}},"product_brand":[506],"product_cat":[511,509],"product_tag":[],"class_list":{"0":"post-3541","1":"product","2":"type-product","3":"status-publish","4":"has-post-thumbnail","6":"product_brand-siglent","7":"product_cat-active-probes-en","8":"product_cat-probes-en","9":"pa_bandwidth-mhz-84","10":"pa_interface-siglent","11":"pa_voltage-max-v-86","13":"first","14":"instock","15":"taxable","16":"shipping-taxable","17":"purchasable","18":"product-type-simple"},"acf":[],"_links":{"self":[{"href":"https:\/\/yotavis.ch\/it\/wp-json\/wp\/v2\/product\/3541","targetHints":{"allow":["GET"]}}],"collection":[{"href":"https:\/\/yotavis.ch\/it\/wp-json\/wp\/v2\/product"}],"about":[{"href":"https:\/\/yotavis.ch\/it\/wp-json\/wp\/v2\/types\/product"}],"replies":[{"embeddable":true,"href":"https:\/\/yotavis.ch\/it\/wp-json\/wp\/v2\/comments?post=3541"}],"wp:featuredmedia":[{"embeddable":true,"href":"https:\/\/yotavis.ch\/it\/wp-json\/wp\/v2\/media\/4767"}],"wp:attachment":[{"href":"https:\/\/yotavis.ch\/it\/wp-json\/wp\/v2\/media?parent=3541"}],"wp:term":[{"taxonomy":"product_brand","embeddable":true,"href":"https:\/\/yotavis.ch\/it\/wp-json\/wp\/v2\/product_brand?post=3541"},{"taxonomy":"product_cat","embeddable":true,"href":"https:\/\/yotavis.ch\/it\/wp-json\/wp\/v2\/product_cat?post=3541"},{"taxonomy":"product_tag","embeddable":true,"href":"https:\/\/yotavis.ch\/it\/wp-json\/wp\/v2\/product_tag?post=3541"}],"curies":[{"name":"wp","href":"https:\/\/api.w.org\/{rel}","templated":true}]}}