{"id":3542,"date":"2025-10-09T00:00:00","date_gmt":"2025-10-08T22:00:00","guid":{"rendered":"https:\/\/yotavis.ch\/product\/sds3034x-hd\/"},"modified":"2026-04-24T13:26:59","modified_gmt":"2026-04-24T11:26:59","slug":"sds3034x-hd","status":"publish","type":"product","link":"https:\/\/yotavis.ch\/it\/prodotto\/sds3034x-hd\/","title":{"rendered":"SDS3034X HD"},"content":{"rendered":"<p>L'SDS3034X HD di Siglent \u00e8 un oscilloscopio a 4 canali con una risoluzione verticale di 12 bit e una larghezza di banda di 350 MHz. Offre un'elevata frequenza di campionamento di 2000 MS\/s per canale, consentendo un'analisi dettagliata dei segnali. Il dispositivo dispone di una profondit\u00e0 di memoria di 400 Mpt, che consente di memorizzare forme d'onda complesse. Questo oscilloscopio \u00e8 dotato di un'interfaccia touch screen che migliora l'interazione con l'utente e la facilit\u00e0 di funzionamento. Il suo design supporta misure multicanale simultanee, rendendolo adatto a varie applicazioni di test e diagnostica. La combinazione di alta risoluzione, larghezza di banda e frequenza di campionamento garantisce un'acquisizione del segnale accurata e affidabile.<\/p>","protected":false},"excerpt":{"rendered":"<p>Oscilloscopio a 4 canali 12bit 350 MHz<\/p>","protected":false},"featured_media":4773,"comment_status":"closed","ping_status":"closed","template":"","meta":{"_acf_changed":false,"slim_seo":{"title":"SDS3034X HD - YOTAVIS AG","description":"Oscilloscopio a 4 canali 12bit 350 MHz"}},"product_brand":[506],"product_cat":[508,507],"product_tag":[],"class_list":{"0":"post-3542","1":"product","2":"type-product","3":"status-publish","4":"has-post-thumbnail","6":"product_brand-siglent","7":"product_cat-desktop-en","8":"product_cat-oscilloscope","9":"pa_bandwidth-mhz-76","10":"pa_channels-338","11":"pa_digital-channels-opt","12":"pa_memory-depht-mpts-89","13":"pa_sampling-rate-channels-ms-s-347","14":"pa_touch-screen-yes","15":"pa_vertical-resolution-bits-348","17":"first","18":"instock","19":"taxable","20":"shipping-taxable","21":"purchasable","22":"product-type-simple"},"acf":[],"_links":{"self":[{"href":"https:\/\/yotavis.ch\/it\/wp-json\/wp\/v2\/product\/3542","targetHints":{"allow":["GET"]}}],"collection":[{"href":"https:\/\/yotavis.ch\/it\/wp-json\/wp\/v2\/product"}],"about":[{"href":"https:\/\/yotavis.ch\/it\/wp-json\/wp\/v2\/types\/product"}],"replies":[{"embeddable":true,"href":"https:\/\/yotavis.ch\/it\/wp-json\/wp\/v2\/comments?post=3542"}],"wp:featuredmedia":[{"embeddable":true,"href":"https:\/\/yotavis.ch\/it\/wp-json\/wp\/v2\/media\/4773"}],"wp:attachment":[{"href":"https:\/\/yotavis.ch\/it\/wp-json\/wp\/v2\/media?parent=3542"}],"wp:term":[{"taxonomy":"product_brand","embeddable":true,"href":"https:\/\/yotavis.ch\/it\/wp-json\/wp\/v2\/product_brand?post=3542"},{"taxonomy":"product_cat","embeddable":true,"href":"https:\/\/yotavis.ch\/it\/wp-json\/wp\/v2\/product_cat?post=3542"},{"taxonomy":"product_tag","embeddable":true,"href":"https:\/\/yotavis.ch\/it\/wp-json\/wp\/v2\/product_tag?post=3542"}],"curies":[{"name":"wp","href":"https:\/\/api.w.org\/{rel}","templated":true}]}}