{"id":3544,"date":"2025-10-09T00:00:00","date_gmt":"2025-10-08T22:00:00","guid":{"rendered":"https:\/\/yotavis.ch\/product\/sds3104x-hd\/"},"modified":"2026-04-24T13:27:01","modified_gmt":"2026-04-24T11:27:01","slug":"sds3104x-hd","status":"publish","type":"product","link":"https:\/\/yotavis.ch\/it\/prodotto\/sds3104x-hd\/","title":{"rendered":"SDS3104X HD"},"content":{"rendered":"<p>Il Siglent SDS3104X HD \u00e8 un oscilloscopio a 4 canali con una risoluzione verticale di 12 bit e una larghezza di banda di 1000 MHz. Offre un'elevata frequenza di campionamento di 2000 MS\/s per canale, che consente un'analisi dettagliata dei segnali. Il dispositivo include una profondit\u00e0 di memoria di 400 Mpt, che supporta l'acquisizione di dati estesi per forme d'onda complesse. Questo oscilloscopio \u00e8 dotato di un'interfaccia touch screen che migliora l'interazione con l'utente e la facilit\u00e0 di funzionamento. Con quattro canali di ingresso, \u00e8 in grado di monitorare simultaneamente pi\u00f9 segnali. La combinazione di elevata larghezza di banda e frequenza di campionamento lo rende adatto a un'ampia gamma di applicazioni di test e misurazione elettronica. Il modello \u00e8 stato progettato da Siglent, un marchio riconosciuto nel settore delle apparecchiature di test e misura.<\/p>","protected":false},"excerpt":{"rendered":"<p>Oscilloscopio a 4 canali 12bit 1 GHz<\/p>","protected":false},"featured_media":4775,"comment_status":"closed","ping_status":"closed","template":"","meta":{"_acf_changed":false,"slim_seo":{"title":"SDS3104X HD - YOTAVIS AG","description":"Oscilloscopio a 4 canali 12bit 1 GHz"}},"product_brand":[506],"product_cat":[508,507],"product_tag":[],"class_list":{"0":"post-3544","1":"product","2":"type-product","3":"status-publish","4":"has-post-thumbnail","6":"product_brand-siglent","7":"product_cat-desktop-en","8":"product_cat-oscilloscope","9":"pa_bandwidth-mhz-84","10":"pa_channels-338","11":"pa_digital-channels-opt","12":"pa_memory-depht-mpts-89","13":"pa_sampling-rate-channels-ms-s-347","14":"pa_touch-screen-yes","15":"pa_vertical-resolution-bits-348","17":"first","18":"instock","19":"taxable","20":"shipping-taxable","21":"purchasable","22":"product-type-simple"},"acf":[],"_links":{"self":[{"href":"https:\/\/yotavis.ch\/it\/wp-json\/wp\/v2\/product\/3544","targetHints":{"allow":["GET"]}}],"collection":[{"href":"https:\/\/yotavis.ch\/it\/wp-json\/wp\/v2\/product"}],"about":[{"href":"https:\/\/yotavis.ch\/it\/wp-json\/wp\/v2\/types\/product"}],"replies":[{"embeddable":true,"href":"https:\/\/yotavis.ch\/it\/wp-json\/wp\/v2\/comments?post=3544"}],"wp:featuredmedia":[{"embeddable":true,"href":"https:\/\/yotavis.ch\/it\/wp-json\/wp\/v2\/media\/4775"}],"wp:attachment":[{"href":"https:\/\/yotavis.ch\/it\/wp-json\/wp\/v2\/media?parent=3544"}],"wp:term":[{"taxonomy":"product_brand","embeddable":true,"href":"https:\/\/yotavis.ch\/it\/wp-json\/wp\/v2\/product_brand?post=3544"},{"taxonomy":"product_cat","embeddable":true,"href":"https:\/\/yotavis.ch\/it\/wp-json\/wp\/v2\/product_cat?post=3544"},{"taxonomy":"product_tag","embeddable":true,"href":"https:\/\/yotavis.ch\/it\/wp-json\/wp\/v2\/product_tag?post=3544"}],"curies":[{"name":"wp","href":"https:\/\/api.w.org\/{rel}","templated":true}]}}