{"id":3546,"date":"2025-10-09T00:00:00","date_gmt":"2025-10-08T22:00:00","guid":{"rendered":"https:\/\/yotavis.ch\/product\/sds2204x-hd\/"},"modified":"2026-04-24T13:27:04","modified_gmt":"2026-04-24T11:27:04","slug":"sds2204x-hd","status":"publish","type":"product","link":"https:\/\/yotavis.ch\/it\/prodotto\/sds2204x-hd\/","title":{"rendered":"SDS2204X HD"},"content":{"rendered":"<p>Il Siglent SDS2204X HD \u00e8 un oscilloscopio a 4 canali con una risoluzione verticale di 12 bit e una larghezza di banda di 200 MHz. Offre un'elevata frequenza di campionamento di 1000 MS\/s per canale, che consente un'analisi dettagliata dei segnali. Il dispositivo include una profondit\u00e0 di memoria di 200 Mpt, che supporta l'acquisizione e l'analisi di forme d'onda estese. Questo oscilloscopio \u00e8 dotato di un'interfaccia touch screen che migliora l'interazione con l'utente e la facilit\u00e0 di funzionamento. La combinazione di quattro canali e di un'elevata frequenza di campionamento lo rende adatto al monitoraggio di segnali complessi e alla risoluzione dei problemi. La risoluzione a 12 bit offre capacit\u00e0 di misura precise, mentre la larghezza di banda di 200 MHz garantisce la gestione di un'ampia gamma di frequenze di segnale. Nel complesso, l'SDS2204X HD integra funzioni avanzate progettate per test e misure elettroniche dettagliate.<\/p>","protected":false},"excerpt":{"rendered":"<p>Oscilloscopio a 4 canali 12bit 200 MHz<\/p>","protected":false},"featured_media":4787,"comment_status":"closed","ping_status":"closed","template":"","meta":{"_acf_changed":false,"slim_seo":{"title":"SDS2204X HD - YOTAVIS AG","description":"Oscilloscopio a 4 canali 12bit 200 MHz"}},"product_brand":[506],"product_cat":[508,507],"product_tag":[],"class_list":{"0":"post-3546","1":"product","2":"type-product","3":"status-publish","4":"has-post-thumbnail","6":"product_brand-siglent","7":"product_cat-desktop-en","8":"product_cat-oscilloscope","9":"pa_bandwidth-mhz-92","10":"pa_channels-338","11":"pa_digital-channels-opt","12":"pa_memory-depht-mpts-91","13":"pa_sampling-rate-channels-ms-s-349","14":"pa_touch-screen-yes","15":"pa_vertical-resolution-bits-348","17":"first","18":"instock","19":"taxable","20":"shipping-taxable","21":"purchasable","22":"product-type-simple"},"acf":[],"_links":{"self":[{"href":"https:\/\/yotavis.ch\/it\/wp-json\/wp\/v2\/product\/3546","targetHints":{"allow":["GET"]}}],"collection":[{"href":"https:\/\/yotavis.ch\/it\/wp-json\/wp\/v2\/product"}],"about":[{"href":"https:\/\/yotavis.ch\/it\/wp-json\/wp\/v2\/types\/product"}],"replies":[{"embeddable":true,"href":"https:\/\/yotavis.ch\/it\/wp-json\/wp\/v2\/comments?post=3546"}],"wp:featuredmedia":[{"embeddable":true,"href":"https:\/\/yotavis.ch\/it\/wp-json\/wp\/v2\/media\/4787"}],"wp:attachment":[{"href":"https:\/\/yotavis.ch\/it\/wp-json\/wp\/v2\/media?parent=3546"}],"wp:term":[{"taxonomy":"product_brand","embeddable":true,"href":"https:\/\/yotavis.ch\/it\/wp-json\/wp\/v2\/product_brand?post=3546"},{"taxonomy":"product_cat","embeddable":true,"href":"https:\/\/yotavis.ch\/it\/wp-json\/wp\/v2\/product_cat?post=3546"},{"taxonomy":"product_tag","embeddable":true,"href":"https:\/\/yotavis.ch\/it\/wp-json\/wp\/v2\/product_tag?post=3546"}],"curies":[{"name":"wp","href":"https:\/\/api.w.org\/{rel}","templated":true}]}}