{"id":3547,"date":"2025-10-09T00:00:00","date_gmt":"2025-10-08T22:00:00","guid":{"rendered":"https:\/\/yotavis.ch\/product\/sds2354x-hd\/"},"modified":"2026-04-24T13:27:04","modified_gmt":"2026-04-24T11:27:04","slug":"sds2354x-hd","status":"publish","type":"product","link":"https:\/\/yotavis.ch\/it\/prodotto\/sds2354x-hd\/","title":{"rendered":"SDS2354X HD"},"content":{"rendered":"<p>Il Siglent SDS2354X HD \u00e8 un oscilloscopio a 4 canali con una risoluzione verticale di 12 bit e una larghezza di banda di 350 MHz. Offre un'elevata frequenza di campionamento di 1000 MS\/s per canale, che consente un'analisi dettagliata dei segnali. Il dispositivo include una profondit\u00e0 di memoria di 200 Mpt, che supporta l'acquisizione e l'analisi di forme d'onda estese. Questo oscilloscopio \u00e8 dotato di un'interfaccia touch screen che migliora l'interazione con l'utente e la facilit\u00e0 di funzionamento. Il suo design supporta pi\u00f9 canali contemporaneamente, rendendolo adatto al monitoraggio di segnali complessi. La combinazione di elevata larghezza di banda e frequenza di campionamento garantisce una rappresentazione accurata dei segnali in rapida evoluzione. L'SDS2354X HD \u00e8 costruito per gestire una variet\u00e0 di attivit\u00e0 di misura con precisione e chiarezza.<\/p>","protected":false},"excerpt":{"rendered":"<p>Oscilloscopio a 4 canali 12bit 350 MHz<\/p>","protected":false},"featured_media":4791,"comment_status":"closed","ping_status":"closed","template":"","meta":{"_acf_changed":false,"slim_seo":{"title":"SDS2354X HD - YOTAVIS AG","description":"Oscilloscopio a 4 canali 12bit 350 MHz"}},"product_brand":[506],"product_cat":[508,507],"product_tag":[],"class_list":{"0":"post-3547","1":"product","2":"type-product","3":"status-publish","4":"has-post-thumbnail","6":"product_brand-siglent","7":"product_cat-desktop-en","8":"product_cat-oscilloscope","9":"pa_bandwidth-mhz-76","10":"pa_channels-338","11":"pa_digital-channels-opt","12":"pa_memory-depht-mpts-91","13":"pa_sampling-rate-channels-ms-s-349","14":"pa_touch-screen-yes","15":"pa_vertical-resolution-bits-348","17":"first","18":"instock","19":"taxable","20":"shipping-taxable","21":"purchasable","22":"product-type-simple"},"acf":[],"_links":{"self":[{"href":"https:\/\/yotavis.ch\/it\/wp-json\/wp\/v2\/product\/3547","targetHints":{"allow":["GET"]}}],"collection":[{"href":"https:\/\/yotavis.ch\/it\/wp-json\/wp\/v2\/product"}],"about":[{"href":"https:\/\/yotavis.ch\/it\/wp-json\/wp\/v2\/types\/product"}],"replies":[{"embeddable":true,"href":"https:\/\/yotavis.ch\/it\/wp-json\/wp\/v2\/comments?post=3547"}],"wp:featuredmedia":[{"embeddable":true,"href":"https:\/\/yotavis.ch\/it\/wp-json\/wp\/v2\/media\/4791"}],"wp:attachment":[{"href":"https:\/\/yotavis.ch\/it\/wp-json\/wp\/v2\/media?parent=3547"}],"wp:term":[{"taxonomy":"product_brand","embeddable":true,"href":"https:\/\/yotavis.ch\/it\/wp-json\/wp\/v2\/product_brand?post=3547"},{"taxonomy":"product_cat","embeddable":true,"href":"https:\/\/yotavis.ch\/it\/wp-json\/wp\/v2\/product_cat?post=3547"},{"taxonomy":"product_tag","embeddable":true,"href":"https:\/\/yotavis.ch\/it\/wp-json\/wp\/v2\/product_tag?post=3547"}],"curies":[{"name":"wp","href":"https:\/\/api.w.org\/{rel}","templated":true}]}}