{"id":3550,"date":"2025-10-09T00:00:00","date_gmt":"2025-10-08T22:00:00","guid":{"rendered":"https:\/\/yotavis.ch\/product\/sds2204x-plus\/"},"modified":"2026-04-24T13:27:10","modified_gmt":"2026-04-24T11:27:10","slug":"sds2204x-plus","status":"publish","type":"product","link":"https:\/\/yotavis.ch\/it\/prodotto\/sds2204x-plus\/","title":{"rendered":"SDS2204X Plus"},"content":{"rendered":"<p>L'SDS2204X Plus di Siglent \u00e8 un oscilloscopio a 4 canali con una larghezza di banda di 200 MHz e una velocit\u00e0 di campionamento di 2 GS\/s. Dispone di una profondit\u00e0 di memoria di 400 Mpt, che consente un'analisi dettagliata dei segnali per periodi prolungati. Il dispositivo offre una risoluzione verticale di 8 bit, garantendo una rappresentazione precisa delle forme d'onda. Ogni canale supporta una frequenza di campionamento di 1000 MS\/s, assicurando un'acquisizione accurata dei segnali ad alta velocit\u00e0. L'oscilloscopio \u00e8 dotato di un'interfaccia touch screen che migliora l'interazione con l'utente e la facilit\u00e0 di funzionamento. Progettato per gestire simultaneamente pi\u00f9 segnali di ingresso, i quattro canali consentono di eseguire test e misurazioni completi. Questo modello \u00e8 adatto a varie applicazioni che richiedono la visualizzazione e l'analisi dettagliata delle forme d'onda.<\/p>","protected":false},"excerpt":{"rendered":"<p>Oscilloscopio 4Ch 200MHz 2GS\/s<\/p>","protected":false},"featured_media":4803,"comment_status":"closed","ping_status":"closed","template":"","meta":{"_acf_changed":false,"slim_seo":{"title":"SDS2204X Plus - YOTAVIS AG","description":"Oscilloscopio 4Ch 200MHz 2GS\/s"}},"product_brand":[506],"product_cat":[508,507],"product_tag":[],"class_list":{"0":"post-3550","1":"product","2":"type-product","3":"status-publish","4":"has-post-thumbnail","6":"product_brand-siglent","7":"product_cat-desktop-en","8":"product_cat-oscilloscope","9":"pa_bandwidth-mhz-92","10":"pa_channels-338","11":"pa_digital-channels-opt","12":"pa_memory-depht-mpts-89","13":"pa_sampling-rate-channels-ms-s-349","14":"pa_touch-screen-yes","15":"pa_vertical-resolution-bits-340","17":"first","18":"instock","19":"taxable","20":"shipping-taxable","21":"purchasable","22":"product-type-simple"},"acf":[],"_links":{"self":[{"href":"https:\/\/yotavis.ch\/it\/wp-json\/wp\/v2\/product\/3550","targetHints":{"allow":["GET"]}}],"collection":[{"href":"https:\/\/yotavis.ch\/it\/wp-json\/wp\/v2\/product"}],"about":[{"href":"https:\/\/yotavis.ch\/it\/wp-json\/wp\/v2\/types\/product"}],"replies":[{"embeddable":true,"href":"https:\/\/yotavis.ch\/it\/wp-json\/wp\/v2\/comments?post=3550"}],"wp:featuredmedia":[{"embeddable":true,"href":"https:\/\/yotavis.ch\/it\/wp-json\/wp\/v2\/media\/4803"}],"wp:attachment":[{"href":"https:\/\/yotavis.ch\/it\/wp-json\/wp\/v2\/media?parent=3550"}],"wp:term":[{"taxonomy":"product_brand","embeddable":true,"href":"https:\/\/yotavis.ch\/it\/wp-json\/wp\/v2\/product_brand?post=3550"},{"taxonomy":"product_cat","embeddable":true,"href":"https:\/\/yotavis.ch\/it\/wp-json\/wp\/v2\/product_cat?post=3550"},{"taxonomy":"product_tag","embeddable":true,"href":"https:\/\/yotavis.ch\/it\/wp-json\/wp\/v2\/product_tag?post=3550"}],"curies":[{"name":"wp","href":"https:\/\/api.w.org\/{rel}","templated":true}]}}