{"id":3552,"date":"2025-10-09T00:00:00","date_gmt":"2025-10-08T22:00:00","guid":{"rendered":"https:\/\/yotavis.ch\/product\/sds1102x-hd\/"},"modified":"2026-04-24T13:27:14","modified_gmt":"2026-04-24T11:27:14","slug":"sds1102x-hd","status":"publish","type":"product","link":"https:\/\/yotavis.ch\/it\/prodotto\/sds1102x-hd\/","title":{"rendered":"SDS1102X HD"},"content":{"rendered":"<p>Il Siglent SDS1102X HD \u00e8 un oscilloscopio a 2 canali con una risoluzione verticale di 12 bit e una larghezza di banda di 100 MHz. Offre una frequenza di campionamento di 500 MS\/s per canale, consentendo un'analisi dettagliata del segnale. Il dispositivo dispone di una profondit\u00e0 di memoria di 100 Mpt, che consente di memorizzare i dati delle forme d'onda. Questo oscilloscopio \u00e8 dotato di un'interfaccia touch screen che migliora l'interazione con l'utente e la facilit\u00e0 di funzionamento. Con due canali di ingresso, supporta la misurazione simultanea di pi\u00f9 segnali. La combinazione di alta risoluzione e notevole profondit\u00e0 di memoria lo rende adatto a varie applicazioni di test e diagnostica elettronica. Il modello \u00e8 progettato per fornire un'acquisizione e un'analisi precisa delle forme d'onda senza ulteriori opzioni di controllo remoto o canali digitali.<\/p>","protected":false},"excerpt":{"rendered":"<p>Oscilloscopio 2Ch 12bit 100 MHz<\/p>","protected":false},"featured_media":7898,"comment_status":"closed","ping_status":"closed","template":"","meta":{"_acf_changed":false,"slim_seo":{"title":"SDS1102X HD - YOTAVIS AG","description":"Oscilloscopio 2Ch 12bit 100 MHz"}},"product_brand":[506],"product_cat":[508,507],"product_tag":[],"class_list":{"0":"post-3552","1":"product","2":"type-product","3":"status-publish","4":"has-post-thumbnail","6":"product_brand-siglent","7":"product_cat-desktop-en","8":"product_cat-oscilloscope","9":"pa_bandwidth-mhz-90","10":"pa_channels-350","11":"pa_digital-channels-opt","12":"pa_memory-depht-mpts-93","13":"pa_sampling-rate-channels-ms-s-351","14":"pa_touch-screen-yes","15":"pa_vertical-resolution-bits-348","17":"first","18":"instock","19":"taxable","20":"shipping-taxable","21":"purchasable","22":"product-type-simple"},"acf":[],"_links":{"self":[{"href":"https:\/\/yotavis.ch\/it\/wp-json\/wp\/v2\/product\/3552","targetHints":{"allow":["GET"]}}],"collection":[{"href":"https:\/\/yotavis.ch\/it\/wp-json\/wp\/v2\/product"}],"about":[{"href":"https:\/\/yotavis.ch\/it\/wp-json\/wp\/v2\/types\/product"}],"replies":[{"embeddable":true,"href":"https:\/\/yotavis.ch\/it\/wp-json\/wp\/v2\/comments?post=3552"}],"wp:featuredmedia":[{"embeddable":true,"href":"https:\/\/yotavis.ch\/it\/wp-json\/wp\/v2\/media\/7898"}],"wp:attachment":[{"href":"https:\/\/yotavis.ch\/it\/wp-json\/wp\/v2\/media?parent=3552"}],"wp:term":[{"taxonomy":"product_brand","embeddable":true,"href":"https:\/\/yotavis.ch\/it\/wp-json\/wp\/v2\/product_brand?post=3552"},{"taxonomy":"product_cat","embeddable":true,"href":"https:\/\/yotavis.ch\/it\/wp-json\/wp\/v2\/product_cat?post=3552"},{"taxonomy":"product_tag","embeddable":true,"href":"https:\/\/yotavis.ch\/it\/wp-json\/wp\/v2\/product_tag?post=3552"}],"curies":[{"name":"wp","href":"https:\/\/api.w.org\/{rel}","templated":true}]}}