{"id":3554,"date":"2025-10-09T00:00:00","date_gmt":"2025-10-08T22:00:00","guid":{"rendered":"https:\/\/yotavis.ch\/product\/sds1202x-hd\/"},"modified":"2026-04-24T13:27:15","modified_gmt":"2026-04-24T11:27:15","slug":"sds1202x-hd","status":"publish","type":"product","link":"https:\/\/yotavis.ch\/it\/prodotto\/sds1202x-hd\/","title":{"rendered":"SDS1202X HD"},"content":{"rendered":"<p>Il Siglent SDS1202X HD \u00e8 un oscilloscopio a due canali con risoluzione verticale di 12 bit e larghezza di banda di 200 MHz. Offre una frequenza di campionamento di 500 MS\/s per canale, consentendo un'analisi dettagliata del segnale. Il dispositivo dispone di una profondit\u00e0 di memoria di 100 Mpt, che consente di memorizzare i dati delle forme d'onda. Questo oscilloscopio \u00e8 dotato di un'interfaccia touch screen che migliora l'interazione con l'utente e la facilit\u00e0 di funzionamento. La configurazione a doppio canale supporta il monitoraggio simultaneo del segnale, rendendolo adatto a vari scenari di test. La combinazione di alta risoluzione e notevole profondit\u00e0 di memoria consente l'acquisizione e l'analisi precisa di segnali complessi. L'SDS1202X HD \u00e8 progettato per soddisfare le esigenze degli utenti che richiedono una visualizzazione accurata ed efficiente delle forme d'onda.<\/p>","protected":false},"excerpt":{"rendered":"<p>Oscilloscopio 2Ch 12bit 200 MHz<\/p>","protected":false},"featured_media":4814,"comment_status":"closed","ping_status":"closed","template":"","meta":{"_acf_changed":false,"slim_seo":{"title":"SDS1202X HD - YOTAVIS AG","description":"Oscilloscopio 2Ch 12bit 200 MHz"}},"product_brand":[506],"product_cat":[508,507],"product_tag":[],"class_list":{"0":"post-3554","1":"product","2":"type-product","3":"status-publish","4":"has-post-thumbnail","6":"product_brand-siglent","7":"product_cat-desktop-en","8":"product_cat-oscilloscope","9":"pa_bandwidth-mhz-92","10":"pa_channels-350","11":"pa_digital-channels-opt","12":"pa_memory-depht-mpts-93","13":"pa_sampling-rate-channels-ms-s-351","14":"pa_touch-screen-yes","15":"pa_vertical-resolution-bits-348","17":"first","18":"instock","19":"taxable","20":"shipping-taxable","21":"purchasable","22":"product-type-simple"},"acf":[],"_links":{"self":[{"href":"https:\/\/yotavis.ch\/it\/wp-json\/wp\/v2\/product\/3554","targetHints":{"allow":["GET"]}}],"collection":[{"href":"https:\/\/yotavis.ch\/it\/wp-json\/wp\/v2\/product"}],"about":[{"href":"https:\/\/yotavis.ch\/it\/wp-json\/wp\/v2\/types\/product"}],"replies":[{"embeddable":true,"href":"https:\/\/yotavis.ch\/it\/wp-json\/wp\/v2\/comments?post=3554"}],"wp:featuredmedia":[{"embeddable":true,"href":"https:\/\/yotavis.ch\/it\/wp-json\/wp\/v2\/media\/4814"}],"wp:attachment":[{"href":"https:\/\/yotavis.ch\/it\/wp-json\/wp\/v2\/media?parent=3554"}],"wp:term":[{"taxonomy":"product_brand","embeddable":true,"href":"https:\/\/yotavis.ch\/it\/wp-json\/wp\/v2\/product_brand?post=3554"},{"taxonomy":"product_cat","embeddable":true,"href":"https:\/\/yotavis.ch\/it\/wp-json\/wp\/v2\/product_cat?post=3554"},{"taxonomy":"product_tag","embeddable":true,"href":"https:\/\/yotavis.ch\/it\/wp-json\/wp\/v2\/product_tag?post=3554"}],"curies":[{"name":"wp","href":"https:\/\/api.w.org\/{rel}","templated":true}]}}