{"id":3561,"date":"2025-10-09T00:00:00","date_gmt":"2025-10-08T22:00:00","guid":{"rendered":"https:\/\/yotavis.ch\/product\/sds824x-hd\/"},"modified":"2026-04-24T13:27:18","modified_gmt":"2026-04-24T11:27:18","slug":"sds824x-hd","status":"publish","type":"product","link":"https:\/\/yotavis.ch\/it\/prodotto\/sds824x-hd\/","title":{"rendered":"SDS824X HD"},"content":{"rendered":"<p>Il Siglent SDS824X HD \u00e8 un oscilloscopio a 4 canali con una risoluzione verticale di 12 bit e una larghezza di banda di 200 MHz. Offre una frequenza di campionamento di 500 MS\/s per canale, che consente un'analisi dettagliata dei segnali. Il dispositivo include una profondit\u00e0 di memoria di 50 Mpt, che supporta l'acquisizione e l'analisi di forme d'onda estese. Questo oscilloscopio \u00e8 dotato di un'interfaccia touch screen che migliora l'interazione con l'utente e la facilit\u00e0 di funzionamento. La combinazione di alta risoluzione e notevole profondit\u00e0 di memoria lo rende adatto a varie applicazioni di test e misurazione. Il modello \u00e8 progettato per gestire simultaneamente pi\u00f9 segnali di ingresso sui suoi quattro canali. Le sue specifiche si concentrano sulla visualizzazione precisa e affidabile delle forme d'onda e sull'acquisizione dei dati.<\/p>","protected":false},"excerpt":{"rendered":"<p>Oscilloscopio a 4 canali 12bit 200 MHz<\/p>","protected":false},"featured_media":4827,"comment_status":"closed","ping_status":"closed","template":"","meta":{"_acf_changed":false,"slim_seo":{"title":"SDS824X HD - YOTAVIS AG","description":"Oscilloscopio a 4 canali 12bit 200 MHz"}},"product_brand":[506],"product_cat":[508,507],"product_tag":[],"class_list":{"0":"post-3561","1":"product","2":"type-product","3":"status-publish","4":"has-post-thumbnail","6":"product_brand-siglent","7":"product_cat-desktop-en","8":"product_cat-oscilloscope","9":"pa_bandwidth-mhz-92","10":"pa_channels-338","11":"pa_digital-channels-opt","12":"pa_memory-depht-mpts-95","13":"pa_sampling-rate-channels-ms-s-351","14":"pa_touch-screen-yes","15":"pa_vertical-resolution-bits-348","17":"first","18":"instock","19":"taxable","20":"shipping-taxable","21":"purchasable","22":"product-type-simple"},"acf":[],"_links":{"self":[{"href":"https:\/\/yotavis.ch\/it\/wp-json\/wp\/v2\/product\/3561","targetHints":{"allow":["GET"]}}],"collection":[{"href":"https:\/\/yotavis.ch\/it\/wp-json\/wp\/v2\/product"}],"about":[{"href":"https:\/\/yotavis.ch\/it\/wp-json\/wp\/v2\/types\/product"}],"replies":[{"embeddable":true,"href":"https:\/\/yotavis.ch\/it\/wp-json\/wp\/v2\/comments?post=3561"}],"wp:featuredmedia":[{"embeddable":true,"href":"https:\/\/yotavis.ch\/it\/wp-json\/wp\/v2\/media\/4827"}],"wp:attachment":[{"href":"https:\/\/yotavis.ch\/it\/wp-json\/wp\/v2\/media?parent=3561"}],"wp:term":[{"taxonomy":"product_brand","embeddable":true,"href":"https:\/\/yotavis.ch\/it\/wp-json\/wp\/v2\/product_brand?post=3561"},{"taxonomy":"product_cat","embeddable":true,"href":"https:\/\/yotavis.ch\/it\/wp-json\/wp\/v2\/product_cat?post=3561"},{"taxonomy":"product_tag","embeddable":true,"href":"https:\/\/yotavis.ch\/it\/wp-json\/wp\/v2\/product_tag?post=3561"}],"curies":[{"name":"wp","href":"https:\/\/api.w.org\/{rel}","templated":true}]}}