{"id":3562,"date":"2025-10-09T00:00:00","date_gmt":"2025-10-08T22:00:00","guid":{"rendered":"https:\/\/yotavis.ch\/product\/sds1202x-e\/"},"modified":"2026-04-24T13:27:18","modified_gmt":"2026-04-24T11:27:18","slug":"sds1202x-e","status":"publish","type":"product","link":"https:\/\/yotavis.ch\/it\/prodotto\/sds1202x-e\/","title":{"rendered":"SDS1202X-E"},"content":{"rendered":"<p>Il Siglent SDS1202X-E \u00e8 un oscilloscopio a due canali con una larghezza di banda di 200 MHz, progettato per gestire un'ampia gamma di attivit\u00e0 di analisi dei segnali. \u00c8 dotato di una frequenza di campionamento di 500 MS\/s per canale, che consente di acquisire in modo dettagliato i segnali in rapida evoluzione. Il dispositivo \u00e8 dotato di una profondit\u00e0 di memoria di 7 Mpt, che consente di memorizzare i dati delle forme d'onda durante le misurazioni. Con una risoluzione verticale di 8 bit, l'oscilloscopio \u00e8 in grado di rappresentare accuratamente le ampiezze dei segnali per un'analisi precisa. L'oscilloscopio SDS1202X-E non dispone di un'interfaccia touch screen e si concentra invece sui metodi di controllo tradizionali. Questo modello \u00e8 adatto agli utenti che necessitano di un'osservazione affidabile del segnale a due canali con una solida larghezza di banda e capacit\u00e0 di campionamento.<\/p>","protected":false},"excerpt":{"rendered":"<p>Oscilloscopio a doppio canale da 200 MHz<\/p>","protected":false},"featured_media":4834,"comment_status":"closed","ping_status":"closed","template":"","meta":{"_acf_changed":false,"slim_seo":{"title":"SDS1202X-E - YOTAVIS AG","description":"Oscilloscopio a doppio canale da 200 MHz"}},"product_brand":[506],"product_cat":[508,507],"product_tag":[],"class_list":{"0":"post-3562","1":"product","2":"type-product","3":"status-publish","4":"has-post-thumbnail","6":"product_brand-siglent","7":"product_cat-desktop-en","8":"product_cat-oscilloscope","9":"pa_bandwidth-mhz-92","10":"pa_channels-350","11":"pa_digital-channels-opt","12":"pa_memory-depht-mpts-96","13":"pa_sampling-rate-channels-ms-s-351","14":"pa_touch-screen-no","15":"pa_vertical-resolution-bits-340","17":"first","18":"instock","19":"taxable","20":"shipping-taxable","21":"purchasable","22":"product-type-simple"},"acf":[],"_links":{"self":[{"href":"https:\/\/yotavis.ch\/it\/wp-json\/wp\/v2\/product\/3562","targetHints":{"allow":["GET"]}}],"collection":[{"href":"https:\/\/yotavis.ch\/it\/wp-json\/wp\/v2\/product"}],"about":[{"href":"https:\/\/yotavis.ch\/it\/wp-json\/wp\/v2\/types\/product"}],"replies":[{"embeddable":true,"href":"https:\/\/yotavis.ch\/it\/wp-json\/wp\/v2\/comments?post=3562"}],"wp:featuredmedia":[{"embeddable":true,"href":"https:\/\/yotavis.ch\/it\/wp-json\/wp\/v2\/media\/4834"}],"wp:attachment":[{"href":"https:\/\/yotavis.ch\/it\/wp-json\/wp\/v2\/media?parent=3562"}],"wp:term":[{"taxonomy":"product_brand","embeddable":true,"href":"https:\/\/yotavis.ch\/it\/wp-json\/wp\/v2\/product_brand?post=3562"},{"taxonomy":"product_cat","embeddable":true,"href":"https:\/\/yotavis.ch\/it\/wp-json\/wp\/v2\/product_cat?post=3562"},{"taxonomy":"product_tag","embeddable":true,"href":"https:\/\/yotavis.ch\/it\/wp-json\/wp\/v2\/product_tag?post=3562"}],"curies":[{"name":"wp","href":"https:\/\/api.w.org\/{rel}","templated":true}]}}