{"id":3566,"date":"2025-10-09T00:00:00","date_gmt":"2025-10-08T22:00:00","guid":{"rendered":"https:\/\/yotavis.ch\/product\/sds1052dl\/"},"modified":"2026-04-24T13:27:22","modified_gmt":"2026-04-24T11:27:22","slug":"sds1052dl","status":"publish","type":"product","link":"https:\/\/yotavis.ch\/it\/prodotto\/sds1052dl\/","title":{"rendered":"SDS1052DL+"},"content":{"rendered":"<p>Il Siglent SDS1052DL+ \u00e8 un oscilloscopio a due canali con una larghezza di banda di 50 MHz, progettato per fornire un'analisi affidabile dei segnali. Dispone di due canali che consentono l'osservazione simultanea di pi\u00f9 segnali. Il dispositivo offre una frequenza di campionamento di 500 MS\/s per canale, consentendo l'acquisizione dettagliata dei dati della forma d'onda. Con una profondit\u00e0 di memoria di 2 Mpt, pu\u00f2 memorizzare una quantit\u00e0 significativa di informazioni sulle forme d'onda per l'analisi. La risoluzione verticale \u00e8 di 8 bit e definisce la precisione della misurazione del segnale. Questo oscilloscopio non include canali digitali o un'interfaccia touch screen. \u00c8 adatto a varie applicazioni che richiedono la visualizzazione e la misurazione accurata dei segnali.<\/p>","protected":false},"excerpt":{"rendered":"<p>Oscilloscopio a doppio canale da 50 MHz<\/p>","protected":false},"featured_media":4859,"comment_status":"closed","ping_status":"closed","template":"","meta":{"_acf_changed":false,"slim_seo":{"title":"SDS1052DL+ - YOTAVIS AG","description":"Oscilloscopio a doppio canale da 50 MHz"}},"product_brand":[506],"product_cat":[508,507],"product_tag":[],"class_list":{"0":"post-3566","1":"product","2":"type-product","3":"status-publish","4":"has-post-thumbnail","6":"product_brand-siglent","7":"product_cat-desktop-en","8":"product_cat-oscilloscope","9":"pa_bandwidth-mhz-100","10":"pa_channels-350","11":"pa_digital-channels-no","12":"pa_memory-depht-mpts-101","13":"pa_sampling-rate-channels-ms-s-351","14":"pa_touch-screen-no","15":"pa_vertical-resolution-bits-340","17":"first","18":"instock","19":"taxable","20":"shipping-taxable","21":"purchasable","22":"product-type-simple"},"acf":[],"_links":{"self":[{"href":"https:\/\/yotavis.ch\/it\/wp-json\/wp\/v2\/product\/3566","targetHints":{"allow":["GET"]}}],"collection":[{"href":"https:\/\/yotavis.ch\/it\/wp-json\/wp\/v2\/product"}],"about":[{"href":"https:\/\/yotavis.ch\/it\/wp-json\/wp\/v2\/types\/product"}],"replies":[{"embeddable":true,"href":"https:\/\/yotavis.ch\/it\/wp-json\/wp\/v2\/comments?post=3566"}],"wp:featuredmedia":[{"embeddable":true,"href":"https:\/\/yotavis.ch\/it\/wp-json\/wp\/v2\/media\/4859"}],"wp:attachment":[{"href":"https:\/\/yotavis.ch\/it\/wp-json\/wp\/v2\/media?parent=3566"}],"wp:term":[{"taxonomy":"product_brand","embeddable":true,"href":"https:\/\/yotavis.ch\/it\/wp-json\/wp\/v2\/product_brand?post=3566"},{"taxonomy":"product_cat","embeddable":true,"href":"https:\/\/yotavis.ch\/it\/wp-json\/wp\/v2\/product_cat?post=3566"},{"taxonomy":"product_tag","embeddable":true,"href":"https:\/\/yotavis.ch\/it\/wp-json\/wp\/v2\/product_tag?post=3566"}],"curies":[{"name":"wp","href":"https:\/\/api.w.org\/{rel}","templated":true}]}}