{"id":3567,"date":"2025-10-09T00:00:00","date_gmt":"2025-10-08T22:00:00","guid":{"rendered":"https:\/\/yotavis.ch\/product\/sds1102cml\/"},"modified":"2026-04-24T13:27:22","modified_gmt":"2026-04-24T11:27:22","slug":"sds1102cml","status":"publish","type":"product","link":"https:\/\/yotavis.ch\/it\/prodotto\/sds1102cml\/","title":{"rendered":"SDS1102CML+"},"content":{"rendered":"<p>Il Siglent SDS1102CML+ \u00e8 un oscilloscopio a due canali con una larghezza di banda di 100 MHz. Dispone di una frequenza di campionamento di 1000 MS\/s per canale, che consente un'analisi dettagliata del segnale. Il dispositivo ha una profondit\u00e0 di memoria di 0,032 Mpts e una risoluzione verticale di 8 bit. Non include canali digitali n\u00e9 un'interfaccia touch screen. Questo oscilloscopio \u00e8 progettato per gestire due canali di ingresso contemporaneamente, rendendolo adatto a varie attivit\u00e0 di misura. Il modello \u00e8 identificato dal marchio Siglent ed \u00e8 riconosciuto per le sue specifiche tecniche.<\/p>","protected":false},"excerpt":{"rendered":"<p>Oscilloscopio a doppio canale da 100 MHz<\/p>","protected":false},"featured_media":4862,"comment_status":"closed","ping_status":"closed","template":"","meta":{"_acf_changed":false,"slim_seo":{"title":"SDS1102CML+ - YOTAVIS AG","description":"Oscilloscopio a doppio canale da 100 MHz"}},"product_brand":[506],"product_cat":[508,507],"product_tag":[],"class_list":{"0":"post-3567","1":"product","2":"type-product","3":"status-publish","4":"has-post-thumbnail","6":"product_brand-siglent","7":"product_cat-desktop-en","8":"product_cat-oscilloscope","9":"pa_bandwidth-mhz-90","10":"pa_channels-350","11":"pa_digital-channels-no","12":"pa_memory-depht-mpts-0-032","13":"pa_sampling-rate-channels-ms-s-349","14":"pa_touch-screen-no","15":"pa_vertical-resolution-bits-340","17":"first","18":"instock","19":"taxable","20":"shipping-taxable","21":"purchasable","22":"product-type-simple"},"acf":[],"_links":{"self":[{"href":"https:\/\/yotavis.ch\/it\/wp-json\/wp\/v2\/product\/3567","targetHints":{"allow":["GET"]}}],"collection":[{"href":"https:\/\/yotavis.ch\/it\/wp-json\/wp\/v2\/product"}],"about":[{"href":"https:\/\/yotavis.ch\/it\/wp-json\/wp\/v2\/types\/product"}],"replies":[{"embeddable":true,"href":"https:\/\/yotavis.ch\/it\/wp-json\/wp\/v2\/comments?post=3567"}],"wp:featuredmedia":[{"embeddable":true,"href":"https:\/\/yotavis.ch\/it\/wp-json\/wp\/v2\/media\/4862"}],"wp:attachment":[{"href":"https:\/\/yotavis.ch\/it\/wp-json\/wp\/v2\/media?parent=3567"}],"wp:term":[{"taxonomy":"product_brand","embeddable":true,"href":"https:\/\/yotavis.ch\/it\/wp-json\/wp\/v2\/product_brand?post=3567"},{"taxonomy":"product_cat","embeddable":true,"href":"https:\/\/yotavis.ch\/it\/wp-json\/wp\/v2\/product_cat?post=3567"},{"taxonomy":"product_tag","embeddable":true,"href":"https:\/\/yotavis.ch\/it\/wp-json\/wp\/v2\/product_tag?post=3567"}],"curies":[{"name":"wp","href":"https:\/\/api.w.org\/{rel}","templated":true}]}}