{"id":3569,"date":"2025-10-09T00:00:00","date_gmt":"2025-10-08T22:00:00","guid":{"rendered":"https:\/\/yotavis.ch\/product\/shs820x\/"},"modified":"2026-04-24T13:27:23","modified_gmt":"2026-04-24T11:27:23","slug":"shs820x","status":"publish","type":"product","link":"https:\/\/yotavis.ch\/it\/prodotto\/shs820x\/","title":{"rendered":"SHS820X"},"content":{"rendered":"<p>L'oscilloscopio portatile SHS820X di Siglent ha una larghezza di banda di 200 MHz e offre due canali per la misurazione dei segnali. Supporta una frequenza di campionamento di 500 MS\/s per canale, consentendo un'analisi dettagliata delle forme d'onda. Il dispositivo dispone di una profondit\u00e0 di memoria di 12 Mpt, che consente di acquisire dati di segnale estesi per un esame approfondito. Con una risoluzione verticale di 8 bit, l'oscilloscopio fornisce misure di ampiezza precise. Funziona senza canali digitali e non include un'interfaccia touch screen. L'SHS820X \u00e8 progettato per la portabilit\u00e0 e la facilit\u00e0 d'uso in vari ambienti di test, combinando specifiche essenziali come la frequenza di campionamento complessiva di 1 GSa\/s e un fattore di forma palmare compatto.<\/p>","protected":false},"excerpt":{"rendered":"<p>200MHz; 2 canali, 1GSa\/s; Oscilloscopio portatile<\/p>","protected":false},"featured_media":4870,"comment_status":"closed","ping_status":"closed","template":"","meta":{"_acf_changed":false,"slim_seo":{"title":"SHS820X - YOTAVIS AG","description":"200MHz; 2 canali, 1GSa\/s; Oscilloscopio portatile"}},"product_brand":[506],"product_cat":[512,507],"product_tag":[],"class_list":{"0":"post-3569","1":"product","2":"type-product","3":"status-publish","4":"has-post-thumbnail","6":"product_brand-siglent","7":"product_cat-handheld-en","8":"product_cat-oscilloscope","9":"pa_bandwidth-mhz-92","10":"pa_channels-350","11":"pa_digital-channels-no","12":"pa_memory-depht-mpts-103","13":"pa_sampling-rate-channels-ms-s-351","14":"pa_touch-screen-no","15":"pa_vertical-resolution-bits-340","17":"first","18":"instock","19":"taxable","20":"shipping-taxable","21":"purchasable","22":"product-type-simple"},"acf":[],"_links":{"self":[{"href":"https:\/\/yotavis.ch\/it\/wp-json\/wp\/v2\/product\/3569","targetHints":{"allow":["GET"]}}],"collection":[{"href":"https:\/\/yotavis.ch\/it\/wp-json\/wp\/v2\/product"}],"about":[{"href":"https:\/\/yotavis.ch\/it\/wp-json\/wp\/v2\/types\/product"}],"replies":[{"embeddable":true,"href":"https:\/\/yotavis.ch\/it\/wp-json\/wp\/v2\/comments?post=3569"}],"wp:featuredmedia":[{"embeddable":true,"href":"https:\/\/yotavis.ch\/it\/wp-json\/wp\/v2\/media\/4870"}],"wp:attachment":[{"href":"https:\/\/yotavis.ch\/it\/wp-json\/wp\/v2\/media?parent=3569"}],"wp:term":[{"taxonomy":"product_brand","embeddable":true,"href":"https:\/\/yotavis.ch\/it\/wp-json\/wp\/v2\/product_brand?post=3569"},{"taxonomy":"product_cat","embeddable":true,"href":"https:\/\/yotavis.ch\/it\/wp-json\/wp\/v2\/product_cat?post=3569"},{"taxonomy":"product_tag","embeddable":true,"href":"https:\/\/yotavis.ch\/it\/wp-json\/wp\/v2\/product_tag?post=3569"}],"curies":[{"name":"wp","href":"https:\/\/api.w.org\/{rel}","templated":true}]}}