{"id":3571,"date":"2025-10-09T00:00:00","date_gmt":"2025-10-08T22:00:00","guid":{"rendered":"https:\/\/yotavis.ch\/product\/shs1202x\/"},"modified":"2026-04-24T13:27:23","modified_gmt":"2026-04-24T11:27:23","slug":"shs1202x","status":"publish","type":"product","link":"https:\/\/yotavis.ch\/it\/prodotto\/shs1202x\/","title":{"rendered":"SHS1202X"},"content":{"rendered":"<p>L'oscilloscopio portatile SHS1202X di Siglent ha una larghezza di banda di 200 MHz e offre due canali isolati per la misurazione dei segnali. Supporta una frequenza di campionamento massima di 1 GSa\/s, con ciascun canale capace di campionare a 500 MS\/s. Il dispositivo dispone di una profondit\u00e0 di memoria di 12 Mpt, che consente l'acquisizione e l'analisi di forme d'onda dettagliate. Ha una risoluzione verticale di 8 bit, che fornisce una rappresentazione precisa del segnale. Questo oscilloscopio non include canali digitali o un'interfaccia touch screen. Progettato per la portabilit\u00e0, combina le funzionalit\u00e0 di misura essenziali in una forma compatta e portatile. L'SHS1202X \u00e8 adatto a varie applicazioni che richiedono un'acquisizione accurata e isolata del segnale a due canali.<\/p>","protected":false},"excerpt":{"rendered":"<p>200MHz; 2 canali isolati, 1GSa\/s; -Oscilloscopio portatile<\/p>","protected":false},"featured_media":4874,"comment_status":"closed","ping_status":"closed","template":"","meta":{"_acf_changed":false,"slim_seo":{"title":"SHS1202X - YOTAVIS AG","description":"200MHz; 2 canali isolati, 1GSa\/s; -Oscilloscopio portatile"}},"product_brand":[506],"product_cat":[512,507],"product_tag":[],"class_list":{"0":"post-3571","1":"product","2":"type-product","3":"status-publish","4":"has-post-thumbnail","6":"product_brand-siglent","7":"product_cat-handheld-en","8":"product_cat-oscilloscope","9":"pa_bandwidth-mhz-92","10":"pa_channels-350","11":"pa_digital-channels-no","12":"pa_memory-depht-mpts-103","13":"pa_sampling-rate-channels-ms-s-351","14":"pa_touch-screen-no","15":"pa_vertical-resolution-bits-340","17":"first","18":"instock","19":"taxable","20":"shipping-taxable","21":"purchasable","22":"product-type-simple"},"acf":[],"_links":{"self":[{"href":"https:\/\/yotavis.ch\/it\/wp-json\/wp\/v2\/product\/3571","targetHints":{"allow":["GET"]}}],"collection":[{"href":"https:\/\/yotavis.ch\/it\/wp-json\/wp\/v2\/product"}],"about":[{"href":"https:\/\/yotavis.ch\/it\/wp-json\/wp\/v2\/types\/product"}],"replies":[{"embeddable":true,"href":"https:\/\/yotavis.ch\/it\/wp-json\/wp\/v2\/comments?post=3571"}],"wp:featuredmedia":[{"embeddable":true,"href":"https:\/\/yotavis.ch\/it\/wp-json\/wp\/v2\/media\/4874"}],"wp:attachment":[{"href":"https:\/\/yotavis.ch\/it\/wp-json\/wp\/v2\/media?parent=3571"}],"wp:term":[{"taxonomy":"product_brand","embeddable":true,"href":"https:\/\/yotavis.ch\/it\/wp-json\/wp\/v2\/product_brand?post=3571"},{"taxonomy":"product_cat","embeddable":true,"href":"https:\/\/yotavis.ch\/it\/wp-json\/wp\/v2\/product_cat?post=3571"},{"taxonomy":"product_tag","embeddable":true,"href":"https:\/\/yotavis.ch\/it\/wp-json\/wp\/v2\/product_tag?post=3571"}],"curies":[{"name":"wp","href":"https:\/\/api.w.org\/{rel}","templated":true}]}}