{"id":3573,"date":"2025-10-09T00:00:00","date_gmt":"2025-10-08T22:00:00","guid":{"rendered":"https:\/\/yotavis.ch\/product\/sdg830\/"},"modified":"2026-04-24T13:27:24","modified_gmt":"2026-04-24T11:27:24","slug":"sdg830","status":"publish","type":"product","link":"https:\/\/yotavis.ch\/it\/prodotto\/sdg830\/","title":{"rendered":"SDG830"},"content":{"rendered":"<p>L'SDG830 di Siglent \u00e8 un generatore di forme d'onda arbitrarie a 30 MHz con un singolo canale di uscita. Funziona con una frequenza massima di 30 MHz e supporta un'ampiezza fino a 10 volt. Il dispositivo offre una velocit\u00e0 di campionamento di 125MSa\/s e include una profondit\u00e0 di memoria di 0,016Mpts. Supporta le modalit\u00e0 sweep e burst, consentendo una generazione versatile del segnale. La larghezza minima dell'impulso ottenibile \u00e8 di 16 nanosecondi, con un tempo di transizione di 20 nanosecondi. Questo modello \u00e8 progettato per fornire una forma d'onda precisa con una risoluzione verticale non specificata. L'SDG830 \u00e8 adatto ad applicazioni che richiedono un controllo dettagliato della forma d'onda e una precisione di temporizzazione.<\/p>","protected":false},"excerpt":{"rendered":"<p>30MHz; 1 canale; 125MSa\/s; AWG\/AFG<\/p>","protected":false},"featured_media":4889,"comment_status":"closed","ping_status":"closed","template":"","meta":{"_acf_changed":false,"slim_seo":{"title":"SDG830 - YOTAVIS AG","description":"30MHz; 1 canale; 125MSa\/s; AWG\/AFG"}},"product_brand":[506],"product_cat":[1189,541,513],"product_tag":[],"class_list":{"0":"post-3573","1":"product","2":"type-product","3":"status-publish","4":"has-post-thumbnail","6":"product_brand-siglent","7":"product_cat-afg","8":"product_cat-awg","9":"product_cat-generator","10":"pa_amplitude-v-106","11":"pa_burst-yes","12":"pa_channels-384","13":"pa_frequency-mhz-116","14":"pa_memory-mpts-0-016","15":"pa_pulse-width-min-ns-112","16":"pa_sampling-rate-ms-s-109","17":"pa_sweep-yes","18":"pa_transition-time-min-ns-111","19":"pa_vertical-resolution-bits-113","21":"first","22":"instock","23":"taxable","24":"shipping-taxable","25":"purchasable","26":"product-type-simple"},"acf":[],"_links":{"self":[{"href":"https:\/\/yotavis.ch\/it\/wp-json\/wp\/v2\/product\/3573","targetHints":{"allow":["GET"]}}],"collection":[{"href":"https:\/\/yotavis.ch\/it\/wp-json\/wp\/v2\/product"}],"about":[{"href":"https:\/\/yotavis.ch\/it\/wp-json\/wp\/v2\/types\/product"}],"replies":[{"embeddable":true,"href":"https:\/\/yotavis.ch\/it\/wp-json\/wp\/v2\/comments?post=3573"}],"wp:featuredmedia":[{"embeddable":true,"href":"https:\/\/yotavis.ch\/it\/wp-json\/wp\/v2\/media\/4889"}],"wp:attachment":[{"href":"https:\/\/yotavis.ch\/it\/wp-json\/wp\/v2\/media?parent=3573"}],"wp:term":[{"taxonomy":"product_brand","embeddable":true,"href":"https:\/\/yotavis.ch\/it\/wp-json\/wp\/v2\/product_brand?post=3573"},{"taxonomy":"product_cat","embeddable":true,"href":"https:\/\/yotavis.ch\/it\/wp-json\/wp\/v2\/product_cat?post=3573"},{"taxonomy":"product_tag","embeddable":true,"href":"https:\/\/yotavis.ch\/it\/wp-json\/wp\/v2\/product_tag?post=3573"}],"curies":[{"name":"wp","href":"https:\/\/api.w.org\/{rel}","templated":true}]}}