{"id":3576,"date":"2025-10-09T00:00:00","date_gmt":"2025-10-08T22:00:00","guid":{"rendered":"https:\/\/yotavis.ch\/product\/sdg1022x-plus\/"},"modified":"2026-04-24T13:27:25","modified_gmt":"2026-04-24T11:27:25","slug":"sdg1022x-plus","status":"publish","type":"product","link":"https:\/\/yotavis.ch\/it\/prodotto\/sdg1022x-plus\/","title":{"rendered":"SDG1022X Plus"},"content":{"rendered":"<p>L'SDG1022X Plus di Siglent \u00e8 un generatore di forme d'onda arbitrarie bicanale da 25 MHz con frequenza di campionamento di 1 GSa\/s e risoluzione verticale di 16 bit. Offre una lunghezza di forma d'onda arbitraria di 8 Mpt per canale, consentendo la generazione di segnali dettagliati. Il dispositivo supporta un'ampiezza massima di \u00b110 V, fornendo un'ampia gamma di uscite per varie applicazioni. Include funzioni di sweep e burst, che ne aumentano la versatilit\u00e0 nel test dei segnali. La frequenza di campionamento \u00e8 specificata a 250 MS\/s con una profondit\u00e0 di memoria di 0,016 Mpts. Il tempo di transizione minimo \u00e8 di 10 ns e la larghezza minima dell'impulso \u00e8 di 19,4 ns, consentendo un controllo preciso delle caratteristiche della forma d'onda. Questo modello \u00e8 stato progettato per fornire una generazione accurata e flessibile di forme d'onda per scopi di test e sviluppo.<\/p>","protected":false},"excerpt":{"rendered":"<p>25 MHz 2 CH AWG; frequenza di campionamento 1 GSa\/s; risoluzione verticale 16 bit; 8 Mpts\/CH Lunghezza forma d'onda arbitraria; \u00b110 V Ampiezza massima;<\/p>","protected":false},"featured_media":4905,"comment_status":"closed","ping_status":"closed","template":"","meta":{"_acf_changed":false,"slim_seo":{"title":"SDG1022X Plus - YOTAVIS AG","description":"25 MHz 2 CH AWG; frequenza di campionamento 1 GSa\/s; risoluzione verticale 16 bit; 8 Mpts\/CH Lunghezza forma d'onda arbitraria; \u00b110 V Ampiezza massima;"}},"product_brand":[506],"product_cat":[1189,541,513],"product_tag":[],"class_list":{"0":"post-3576","1":"product","2":"type-product","3":"status-publish","4":"has-post-thumbnail","6":"product_brand-siglent","7":"product_cat-afg","8":"product_cat-awg","9":"product_cat-generator","10":"pa_amplitude-v-106","11":"pa_burst-yes","12":"pa_channels-350","13":"pa_frequency-mhz-121","14":"pa_memory-mpts-0-016","15":"pa_pulse-width-min-ns-19-4","16":"pa_sampling-rate-ms-s-122","17":"pa_sweep-yes","18":"pa_transition-time-min-ns-123","19":"pa_vertical-resolution-bits-125","21":"first","22":"instock","23":"taxable","24":"shipping-taxable","25":"purchasable","26":"product-type-simple"},"acf":[],"_links":{"self":[{"href":"https:\/\/yotavis.ch\/it\/wp-json\/wp\/v2\/product\/3576","targetHints":{"allow":["GET"]}}],"collection":[{"href":"https:\/\/yotavis.ch\/it\/wp-json\/wp\/v2\/product"}],"about":[{"href":"https:\/\/yotavis.ch\/it\/wp-json\/wp\/v2\/types\/product"}],"replies":[{"embeddable":true,"href":"https:\/\/yotavis.ch\/it\/wp-json\/wp\/v2\/comments?post=3576"}],"wp:featuredmedia":[{"embeddable":true,"href":"https:\/\/yotavis.ch\/it\/wp-json\/wp\/v2\/media\/4905"}],"wp:attachment":[{"href":"https:\/\/yotavis.ch\/it\/wp-json\/wp\/v2\/media?parent=3576"}],"wp:term":[{"taxonomy":"product_brand","embeddable":true,"href":"https:\/\/yotavis.ch\/it\/wp-json\/wp\/v2\/product_brand?post=3576"},{"taxonomy":"product_cat","embeddable":true,"href":"https:\/\/yotavis.ch\/it\/wp-json\/wp\/v2\/product_cat?post=3576"},{"taxonomy":"product_tag","embeddable":true,"href":"https:\/\/yotavis.ch\/it\/wp-json\/wp\/v2\/product_tag?post=3576"}],"curies":[{"name":"wp","href":"https:\/\/api.w.org\/{rel}","templated":true}]}}