{"id":3579,"date":"2025-10-09T00:00:00","date_gmt":"2025-10-08T22:00:00","guid":{"rendered":"https:\/\/yotavis.ch\/product\/sdg2042x\/"},"modified":"2026-04-24T13:27:26","modified_gmt":"2026-04-24T11:27:26","slug":"sdg2042x","status":"publish","type":"product","link":"https:\/\/yotavis.ch\/it\/prodotto\/sdg2042x\/","title":{"rendered":"SDG2042X"},"content":{"rendered":"<p>Il Siglent SDG2042X \u00e8 un generatore di forme d'onda con una frequenza massima di 40 MHz e due canali di uscita. Supporta una frequenza di campionamento di 1,2 GSa\/s e offre una profondit\u00e0 di memoria di 8 Mpt, consentendo la generazione e la memorizzazione di forme d'onda dettagliate. Il dispositivo include la tecnologia EasyPulse, che migliora la generazione di segnali a impulsi con un tempo di transizione minimo di 8,4 ns e una larghezza minima dell'impulso di 16,3 ns. Fornisce un'uscita di ampiezza fino a 10 V e supporta le funzioni sweep e burst per una modulazione versatile del segnale. L'uscita della forma d'onda pu\u00f2 variare da 8 punti a 8 milioni di punti, per adattarsi a un'ampia variet\u00e0 di complessit\u00e0 del segnale. Con una frequenza di campionamento di 300 MS\/s e una capacit\u00e0 di memoria di 8 MPts, l'SDG2042X \u00e8 progettato per gestire uscite di forme d'onda arbitrarie precise e complesse. Questa combinazione di caratteristiche lo rende adatto alle applicazioni che richiedono una generazione di segnali dettagliata e flessibile.<\/p>","protected":false},"excerpt":{"rendered":"<p>40MHz; 2 canali; 1,2GSa\/s; lunghezza d'onda: funzione 8pts-8Mpts\/uscita forma d'onda arbitraria; tecnologia EasyPulse<\/p>","protected":false},"featured_media":4921,"comment_status":"closed","ping_status":"closed","template":"","meta":{"_acf_changed":false,"slim_seo":{"title":"SDG2042X - YOTAVIS AG","description":"40MHz; 2 canali; 1,2GSa\/s; lunghezza d'onda: funzione 8pts-8Mpts\/uscita forma d'onda arbitraria; tecnologia EasyPulse"}},"product_brand":[506],"product_cat":[1189,541,513],"product_tag":[],"class_list":{"0":"post-3579","1":"product","2":"type-product","3":"status-publish","4":"has-post-thumbnail","6":"product_brand-siglent","7":"product_cat-afg","8":"product_cat-awg","9":"product_cat-generator","10":"pa_amplitude-v-106","11":"pa_burst-yes","12":"pa_channels-350","13":"pa_frequency-mhz-126","14":"pa_memory-mpts-128","15":"pa_pulse-width-min-ns-16-3","16":"pa_sampling-rate-ms-s-127","17":"pa_sweep-yes","18":"pa_transition-time-min-ns-8-4","19":"pa_vertical-resolution-bits-125","21":"first","22":"instock","23":"taxable","24":"shipping-taxable","25":"purchasable","26":"product-type-simple"},"acf":[],"_links":{"self":[{"href":"https:\/\/yotavis.ch\/it\/wp-json\/wp\/v2\/product\/3579","targetHints":{"allow":["GET"]}}],"collection":[{"href":"https:\/\/yotavis.ch\/it\/wp-json\/wp\/v2\/product"}],"about":[{"href":"https:\/\/yotavis.ch\/it\/wp-json\/wp\/v2\/types\/product"}],"replies":[{"embeddable":true,"href":"https:\/\/yotavis.ch\/it\/wp-json\/wp\/v2\/comments?post=3579"}],"wp:featuredmedia":[{"embeddable":true,"href":"https:\/\/yotavis.ch\/it\/wp-json\/wp\/v2\/media\/4921"}],"wp:attachment":[{"href":"https:\/\/yotavis.ch\/it\/wp-json\/wp\/v2\/media?parent=3579"}],"wp:term":[{"taxonomy":"product_brand","embeddable":true,"href":"https:\/\/yotavis.ch\/it\/wp-json\/wp\/v2\/product_brand?post=3579"},{"taxonomy":"product_cat","embeddable":true,"href":"https:\/\/yotavis.ch\/it\/wp-json\/wp\/v2\/product_cat?post=3579"},{"taxonomy":"product_tag","embeddable":true,"href":"https:\/\/yotavis.ch\/it\/wp-json\/wp\/v2\/product_tag?post=3579"}],"curies":[{"name":"wp","href":"https:\/\/api.w.org\/{rel}","templated":true}]}}