{"id":3580,"date":"2025-10-09T00:00:00","date_gmt":"2025-10-08T22:00:00","guid":{"rendered":"https:\/\/yotavis.ch\/product\/sdg2082x\/"},"modified":"2026-04-24T13:27:26","modified_gmt":"2026-04-24T11:27:26","slug":"sdg2082x","status":"publish","type":"product","link":"https:\/\/yotavis.ch\/it\/prodotto\/sdg2082x\/","title":{"rendered":"SDG2082X"},"content":{"rendered":"<p>Il Siglent SDG2082X \u00e8 dotato di una larghezza di banda di 80 MHz e offre 2 canali per l'uscita delle forme d'onda. Supporta una frequenza di campionamento massima di 1,2GSa\/s e offre una profondit\u00e0 di memoria che va da 8 punti a 8 milioni di punti, consentendo un'analisi dettagliata delle forme d'onda. Il dispositivo include la tecnologia EasyPulse, che migliora le capacit\u00e0 di generazione degli impulsi. Supporta sia le funzioni sweep che burst, consentendo opzioni versatili di generazione del segnale. La frequenza di campionamento \u00e8 specificata a 300MS\/s con una capacit\u00e0 di memoria di 8Mpts. Il tempo di transizione minimo \u00e8 di 8,4 nanosecondi e la larghezza minima dell'impulso \u00e8 di 16,3 nanosecondi. L'ampiezza pu\u00f2 raggiungere i 10 volt, rendendolo adatto a varie applicazioni di test e misurazione.<\/p>","protected":false},"excerpt":{"rendered":"<p>80MHz; 2 canali; 1,2GSa\/s; lunghezza d'onda: funzione 8pts-8Mpts\/uscita forma d'onda arbitraria; tecnologia EasyPulse<\/p>","protected":false},"featured_media":4925,"comment_status":"closed","ping_status":"closed","template":"","meta":{"_acf_changed":false,"slim_seo":{"title":"SDG2082X - YOTAVIS AG","description":"80MHz; 2 canali; 1,2GSa\/s; lunghezza d'onda: funzione 8pts-8Mpts\/uscita forma d'onda arbitraria; tecnologia EasyPulse"}},"product_brand":[506],"product_cat":[1189,541,513],"product_tag":[],"class_list":{"0":"post-3580","1":"product","2":"type-product","3":"status-publish","4":"has-post-thumbnail","6":"product_brand-siglent","7":"product_cat-afg","8":"product_cat-awg","9":"product_cat-generator","10":"pa_amplitude-v-106","11":"pa_burst-yes","12":"pa_channels-350","13":"pa_frequency-mhz-131","14":"pa_memory-mpts-128","15":"pa_pulse-width-min-ns-16-3","16":"pa_sampling-rate-ms-s-127","17":"pa_sweep-yes","18":"pa_transition-time-min-ns-8-4","19":"pa_vertical-resolution-bits-125","21":"first","22":"instock","23":"taxable","24":"shipping-taxable","25":"purchasable","26":"product-type-simple"},"acf":[],"_links":{"self":[{"href":"https:\/\/yotavis.ch\/it\/wp-json\/wp\/v2\/product\/3580","targetHints":{"allow":["GET"]}}],"collection":[{"href":"https:\/\/yotavis.ch\/it\/wp-json\/wp\/v2\/product"}],"about":[{"href":"https:\/\/yotavis.ch\/it\/wp-json\/wp\/v2\/types\/product"}],"replies":[{"embeddable":true,"href":"https:\/\/yotavis.ch\/it\/wp-json\/wp\/v2\/comments?post=3580"}],"wp:featuredmedia":[{"embeddable":true,"href":"https:\/\/yotavis.ch\/it\/wp-json\/wp\/v2\/media\/4925"}],"wp:attachment":[{"href":"https:\/\/yotavis.ch\/it\/wp-json\/wp\/v2\/media?parent=3580"}],"wp:term":[{"taxonomy":"product_brand","embeddable":true,"href":"https:\/\/yotavis.ch\/it\/wp-json\/wp\/v2\/product_brand?post=3580"},{"taxonomy":"product_cat","embeddable":true,"href":"https:\/\/yotavis.ch\/it\/wp-json\/wp\/v2\/product_cat?post=3580"},{"taxonomy":"product_tag","embeddable":true,"href":"https:\/\/yotavis.ch\/it\/wp-json\/wp\/v2\/product_tag?post=3580"}],"curies":[{"name":"wp","href":"https:\/\/api.w.org\/{rel}","templated":true}]}}