{"id":3581,"date":"2025-10-09T00:00:00","date_gmt":"2025-10-08T22:00:00","guid":{"rendered":"https:\/\/yotavis.ch\/product\/sdg2122x\/"},"modified":"2026-04-24T13:27:26","modified_gmt":"2026-04-24T11:27:26","slug":"sdg2122x","status":"publish","type":"product","link":"https:\/\/yotavis.ch\/it\/prodotto\/sdg2122x\/","title":{"rendered":"SDG2122X"},"content":{"rendered":"<p>Il Siglent SDG2122X ha una frequenza massima di 120 MHz e offre 2 canali per l'uscita di forme d'onda. Supporta una frequenza di campionamento di 300 MS\/s e una profondit\u00e0 di memoria di 8 Mpt, consentendo la generazione e l'analisi di forme d'onda dettagliate. Il dispositivo include la tecnologia EasyPulse e pu\u00f2 emettere forme d'onda con lunghezze che vanno da 8 punti a 8 milioni di punti. Supporta le funzioni sweep e burst, aumentando la sua versatilit\u00e0 nella generazione di segnali. Il tempo di transizione minimo \u00e8 di 8,4 ns e la larghezza minima dell'impulso \u00e8 di 16,3 ns, consentendo un controllo preciso della temporizzazione del segnale. L'ampiezza pu\u00f2 raggiungere i 10 V, offrendo un'ampia gamma di livelli di uscita per varie applicazioni. Questo modello \u00e8 progettato per fornire un'uscita a forma d'onda arbitraria con alta risoluzione e flessibilit\u00e0.<\/p>","protected":false},"excerpt":{"rendered":"<p>120MHz; 2 canali; 1,2GSa\/s; lunghezza d'onda: funzione 8pts-8Mpts\/uscita forma d'onda arbitraria; tecnologia EasyPulse<\/p>","protected":false},"featured_media":4921,"comment_status":"closed","ping_status":"closed","template":"","meta":{"_acf_changed":false,"slim_seo":{"title":"SDG2122X - YOTAVIS AG","description":"120MHz; 2 canali; 1,2GSa\/s; lunghezza d'onda: funzione 8pts-8Mpts\/uscita forma d'onda arbitraria; tecnologia EasyPulse"}},"product_brand":[506],"product_cat":[1189,541,513],"product_tag":[],"class_list":{"0":"post-3581","1":"product","2":"type-product","3":"status-publish","4":"has-post-thumbnail","6":"product_brand-siglent","7":"product_cat-afg","8":"product_cat-awg","9":"product_cat-generator","10":"pa_amplitude-v-106","11":"pa_burst-yes","12":"pa_channels-350","13":"pa_frequency-mhz-120","14":"pa_memory-mpts-128","15":"pa_pulse-width-min-ns-16-3","16":"pa_sampling-rate-ms-s-127","17":"pa_sweep-yes","18":"pa_transition-time-min-ns-8-4","19":"pa_vertical-resolution-bits-125","21":"first","22":"instock","23":"taxable","24":"shipping-taxable","25":"purchasable","26":"product-type-simple"},"acf":[],"_links":{"self":[{"href":"https:\/\/yotavis.ch\/it\/wp-json\/wp\/v2\/product\/3581","targetHints":{"allow":["GET"]}}],"collection":[{"href":"https:\/\/yotavis.ch\/it\/wp-json\/wp\/v2\/product"}],"about":[{"href":"https:\/\/yotavis.ch\/it\/wp-json\/wp\/v2\/types\/product"}],"replies":[{"embeddable":true,"href":"https:\/\/yotavis.ch\/it\/wp-json\/wp\/v2\/comments?post=3581"}],"wp:featuredmedia":[{"embeddable":true,"href":"https:\/\/yotavis.ch\/it\/wp-json\/wp\/v2\/media\/4921"}],"wp:attachment":[{"href":"https:\/\/yotavis.ch\/it\/wp-json\/wp\/v2\/media?parent=3581"}],"wp:term":[{"taxonomy":"product_brand","embeddable":true,"href":"https:\/\/yotavis.ch\/it\/wp-json\/wp\/v2\/product_brand?post=3581"},{"taxonomy":"product_cat","embeddable":true,"href":"https:\/\/yotavis.ch\/it\/wp-json\/wp\/v2\/product_cat?post=3581"},{"taxonomy":"product_tag","embeddable":true,"href":"https:\/\/yotavis.ch\/it\/wp-json\/wp\/v2\/product_tag?post=3581"}],"curies":[{"name":"wp","href":"https:\/\/api.w.org\/{rel}","templated":true}]}}