{"id":3582,"date":"2025-10-09T00:00:00","date_gmt":"2025-10-08T22:00:00","guid":{"rendered":"https:\/\/yotavis.ch\/product\/sdg6022x\/"},"modified":"2026-04-24T13:27:29","modified_gmt":"2026-04-24T11:27:29","slug":"sdg6022x","status":"publish","type":"product","link":"https:\/\/yotavis.ch\/it\/prodotto\/sdg6022x\/","title":{"rendered":"SDG6022X"},"content":{"rendered":"<p>L'SDG6022X di Siglent ha una frequenza massima di 200 MHz e offre due canali per l'uscita del segnale. Supporta una frequenza di campionamento di 2,4 GSa\/s e offre una risoluzione verticale di 16 bit. Il dispositivo include funzioni e forme d'onda arbitrarie in uscita, con una lunghezza della forma d'onda Arb che va da 2 a 20 milioni di punti. Incorpora le tecnologie EasyPulse e TrueArb per migliorare la generazione di forme d'onda. La profondit\u00e0 di memoria \u00e8 di 20 milioni di punti e la frequenza di campionamento \u00e8 specificata in 300 MS\/s. Le caratteristiche aggiuntive includono le modalit\u00e0 sweep e burst, un tempo di transizione minimo di 2 nanosecondi e una larghezza minima dell'impulso di 3,4 nanosecondi. L'ampiezza pu\u00f2 raggiungere i 10 volt.<\/p>","protected":false},"excerpt":{"rendered":"<p>200 MHz; 2 canali; 2,4 GSa\/s; 16 bit; lunghezza della forma d'onda Arb: 2~20 Mpts; uscita funzione\/forma d'onda arbitraria; tecnologia EasyPulse e TrueArb;<\/p>","protected":false},"featured_media":4927,"comment_status":"closed","ping_status":"closed","template":"","meta":{"_acf_changed":false,"slim_seo":{"title":"SDG6022X - YOTAVIS AG","description":"200 MHz; 2 canali; 2,4 GSa\/s; 16 bit; lunghezza della forma d'onda Arb: 2~20 Mpts; uscita funzione\/forma d'onda arbitraria; tecnologia EasyPulse e TrueArb;"}},"product_brand":[506],"product_cat":[1189,541,513],"product_tag":[],"class_list":{"0":"post-3582","1":"product","2":"type-product","3":"status-publish","4":"has-post-thumbnail","6":"product_brand-siglent","7":"product_cat-afg","8":"product_cat-awg","9":"product_cat-generator","10":"pa_amplitude-v-106","11":"pa_burst-yes","12":"pa_channels-350","13":"pa_frequency-mhz-132","14":"pa_memory-mpts-133","15":"pa_pulse-width-min-ns-3-4","16":"pa_sampling-rate-ms-s-127","17":"pa_sweep-yes","18":"pa_transition-time-min-ns-134","19":"pa_vertical-resolution-bits-125","21":"first","22":"instock","23":"taxable","24":"shipping-taxable","25":"purchasable","26":"product-type-simple"},"acf":[],"_links":{"self":[{"href":"https:\/\/yotavis.ch\/it\/wp-json\/wp\/v2\/product\/3582","targetHints":{"allow":["GET"]}}],"collection":[{"href":"https:\/\/yotavis.ch\/it\/wp-json\/wp\/v2\/product"}],"about":[{"href":"https:\/\/yotavis.ch\/it\/wp-json\/wp\/v2\/types\/product"}],"replies":[{"embeddable":true,"href":"https:\/\/yotavis.ch\/it\/wp-json\/wp\/v2\/comments?post=3582"}],"wp:featuredmedia":[{"embeddable":true,"href":"https:\/\/yotavis.ch\/it\/wp-json\/wp\/v2\/media\/4927"}],"wp:attachment":[{"href":"https:\/\/yotavis.ch\/it\/wp-json\/wp\/v2\/media?parent=3582"}],"wp:term":[{"taxonomy":"product_brand","embeddable":true,"href":"https:\/\/yotavis.ch\/it\/wp-json\/wp\/v2\/product_brand?post=3582"},{"taxonomy":"product_cat","embeddable":true,"href":"https:\/\/yotavis.ch\/it\/wp-json\/wp\/v2\/product_cat?post=3582"},{"taxonomy":"product_tag","embeddable":true,"href":"https:\/\/yotavis.ch\/it\/wp-json\/wp\/v2\/product_tag?post=3582"}],"curies":[{"name":"wp","href":"https:\/\/api.w.org\/{rel}","templated":true}]}}