{"id":3583,"date":"2025-10-09T00:00:00","date_gmt":"2025-10-08T22:00:00","guid":{"rendered":"https:\/\/yotavis.ch\/product\/sdg6032x\/"},"modified":"2026-04-24T13:27:29","modified_gmt":"2026-04-24T11:27:29","slug":"sdg6032x","status":"publish","type":"product","link":"https:\/\/yotavis.ch\/it\/prodotto\/sdg6032x\/","title":{"rendered":"SDG6032X"},"content":{"rendered":"<p>L'SDG6032X di Siglent \u00e8 un generatore di forme d'onda funzionali\/arbitrarie con una frequenza massima di 350 MHz e due canali di uscita. Supporta una frequenza di campionamento di 2,4 GSa\/s con una risoluzione verticale di 16 bit, consentendo la generazione di forme d'onda dettagliate. Il dispositivo incorpora le tecnologie EasyPulse e TrueArb, che migliorano le capacit\u00e0 di uscita delle forme d'onda. Offre una lunghezza di forma d'onda arbitraria che va da 2 a 20 milioni di punti, fornendo un'ampia profondit\u00e0 di memoria per la creazione di segnali complessi. Il generatore supporta le modalit\u00e0 sweep e burst, con una larghezza minima dell'impulso di 3,3 nanosecondi e un tempo di transizione di 1 nanosecondo. L'ampiezza pu\u00f2 raggiungere i 10 volt e la frequenza di campionamento \u00e8 specificata in 300 MS\/s. Con una capacit\u00e0 di memoria di 20 milioni di punti, l'SDG6032X \u00e8 progettato per gestire un'ampia gamma di attivit\u00e0 di generazione di segnali che richiedono precisione e flessibilit\u00e0.<\/p>","protected":false},"excerpt":{"rendered":"<p>350MHz; 2 canali; 2,4GSa\/s; 16bit; lunghezza forma d'onda Arb: 2~20Mpts; funzione\/uscita forma d'onda arbitraria; tecnologia EasyPulse e TrueArb;<\/p>","protected":false},"featured_media":4939,"comment_status":"closed","ping_status":"closed","template":"","meta":{"_acf_changed":false,"slim_seo":{"title":"SDG6032X - YOTAVIS AG","description":"350MHz; 2 canali; 2,4GSa\/s; 16bit; lunghezza forma d'onda Arb: 2~20Mpts; funzione\/uscita forma d'onda arbitraria; tecnologia EasyPulse e TrueArb;"}},"product_brand":[506],"product_cat":[1189,541,513],"product_tag":[],"class_list":{"0":"post-3583","1":"product","2":"type-product","3":"status-publish","4":"has-post-thumbnail","6":"product_brand-siglent","7":"product_cat-afg","8":"product_cat-awg","9":"product_cat-generator","10":"pa_amplitude-v-106","11":"pa_burst-yes","12":"pa_channels-350","13":"pa_frequency-mhz-136","14":"pa_memory-mpts-133","15":"pa_pulse-width-min-ns-3-3","16":"pa_sampling-rate-ms-s-127","17":"pa_sweep-yes","18":"pa_transition-time-min-ns-137","19":"pa_vertical-resolution-bits-125","21":"first","22":"instock","23":"taxable","24":"shipping-taxable","25":"purchasable","26":"product-type-simple"},"acf":[],"_links":{"self":[{"href":"https:\/\/yotavis.ch\/it\/wp-json\/wp\/v2\/product\/3583","targetHints":{"allow":["GET"]}}],"collection":[{"href":"https:\/\/yotavis.ch\/it\/wp-json\/wp\/v2\/product"}],"about":[{"href":"https:\/\/yotavis.ch\/it\/wp-json\/wp\/v2\/types\/product"}],"replies":[{"embeddable":true,"href":"https:\/\/yotavis.ch\/it\/wp-json\/wp\/v2\/comments?post=3583"}],"wp:featuredmedia":[{"embeddable":true,"href":"https:\/\/yotavis.ch\/it\/wp-json\/wp\/v2\/media\/4939"}],"wp:attachment":[{"href":"https:\/\/yotavis.ch\/it\/wp-json\/wp\/v2\/media?parent=3583"}],"wp:term":[{"taxonomy":"product_brand","embeddable":true,"href":"https:\/\/yotavis.ch\/it\/wp-json\/wp\/v2\/product_brand?post=3583"},{"taxonomy":"product_cat","embeddable":true,"href":"https:\/\/yotavis.ch\/it\/wp-json\/wp\/v2\/product_cat?post=3583"},{"taxonomy":"product_tag","embeddable":true,"href":"https:\/\/yotavis.ch\/it\/wp-json\/wp\/v2\/product_tag?post=3583"}],"curies":[{"name":"wp","href":"https:\/\/api.w.org\/{rel}","templated":true}]}}