{"id":3584,"date":"2025-10-09T00:00:00","date_gmt":"2025-10-08T22:00:00","guid":{"rendered":"https:\/\/yotavis.ch\/product\/sdg6052x\/"},"modified":"2026-04-24T13:27:29","modified_gmt":"2026-04-24T11:27:29","slug":"sdg6052x","status":"publish","type":"product","link":"https:\/\/yotavis.ch\/it\/prodotto\/sdg6052x\/","title":{"rendered":"SDG6052X"},"content":{"rendered":"<p>L'SDG6052X di Siglent \u00e8 un generatore di forme d'onda funzionali\/arbitrarie a 500 MHz con due canali e una frequenza di campionamento di 2,4 GSA\/s. Offre una risoluzione verticale di 16 bit e supporta forme d'onda di lunghezza compresa tra 2 e 20 milioni di punti. Il dispositivo incorpora le tecnologie EasyPulse e TrueArb per migliorare le capacit\u00e0 di generazione delle forme d'onda. Ha un'ampiezza massima di 10 volt e supporta le funzioni sweep e burst. La frequenza di campionamento \u00e8 specificata a 300 MS\/s con una profondit\u00e0 di memoria di 20 Mpts. Il tempo di transizione minimo \u00e8 di 1 nanosecondo e la larghezza minima dell'impulso \u00e8 di 3,3 nanosecondi. Questo modello \u00e8 progettato per fornire un'uscita di forma d'onda precisa e flessibile per varie applicazioni di test e misurazione.<\/p>","protected":false},"excerpt":{"rendered":"<p>500MHz; 2 canali; 2,4GSa\/s; 16bit; lunghezza forma d'onda Arb: 2~20Mpts; funzione\/uscita forma d'onda arbitraria; tecnologia EasyPulse e TrueArb<\/p>","protected":false},"featured_media":4939,"comment_status":"closed","ping_status":"closed","template":"","meta":{"_acf_changed":false,"slim_seo":{"title":"SDG6052X - YOTAVIS AG","description":"500MHz; 2 canali; 2,4GSa\/s; 16bit; lunghezza forma d'onda Arb: 2~20Mpts; funzione\/uscita forma d'onda arbitraria; tecnologia EasyPulse e TrueArb"}},"product_brand":[506],"product_cat":[1189,541,513],"product_tag":[],"class_list":{"0":"post-3584","1":"product","2":"type-product","3":"status-publish","4":"has-post-thumbnail","6":"product_brand-siglent","7":"product_cat-afg","8":"product_cat-awg","9":"product_cat-generator","10":"pa_amplitude-v-106","11":"pa_burst-yes","12":"pa_channels-350","13":"pa_frequency-mhz-139","14":"pa_memory-mpts-133","15":"pa_pulse-width-min-ns-3-3","16":"pa_sampling-rate-ms-s-127","17":"pa_sweep-yes","18":"pa_transition-time-min-ns-137","19":"pa_vertical-resolution-bits-125","21":"first","22":"instock","23":"taxable","24":"shipping-taxable","25":"purchasable","26":"product-type-simple"},"acf":[],"_links":{"self":[{"href":"https:\/\/yotavis.ch\/it\/wp-json\/wp\/v2\/product\/3584","targetHints":{"allow":["GET"]}}],"collection":[{"href":"https:\/\/yotavis.ch\/it\/wp-json\/wp\/v2\/product"}],"about":[{"href":"https:\/\/yotavis.ch\/it\/wp-json\/wp\/v2\/types\/product"}],"replies":[{"embeddable":true,"href":"https:\/\/yotavis.ch\/it\/wp-json\/wp\/v2\/comments?post=3584"}],"wp:featuredmedia":[{"embeddable":true,"href":"https:\/\/yotavis.ch\/it\/wp-json\/wp\/v2\/media\/4939"}],"wp:attachment":[{"href":"https:\/\/yotavis.ch\/it\/wp-json\/wp\/v2\/media?parent=3584"}],"wp:term":[{"taxonomy":"product_brand","embeddable":true,"href":"https:\/\/yotavis.ch\/it\/wp-json\/wp\/v2\/product_brand?post=3584"},{"taxonomy":"product_cat","embeddable":true,"href":"https:\/\/yotavis.ch\/it\/wp-json\/wp\/v2\/product_cat?post=3584"},{"taxonomy":"product_tag","embeddable":true,"href":"https:\/\/yotavis.ch\/it\/wp-json\/wp\/v2\/product_tag?post=3584"}],"curies":[{"name":"wp","href":"https:\/\/api.w.org\/{rel}","templated":true}]}}