{"id":3585,"date":"2025-10-09T00:00:00","date_gmt":"2025-10-08T22:00:00","guid":{"rendered":"https:\/\/yotavis.ch\/product\/spd3303c\/"},"modified":"2026-04-24T13:27:30","modified_gmt":"2026-04-24T11:27:30","slug":"spd3303c","status":"publish","type":"product","link":"https:\/\/yotavis.ch\/it\/prodotto\/spd3303c\/","title":{"rendered":"SPD3303C"},"content":{"rendered":"<p>L'SPD3303C di Siglent \u00e8 dotato di tre uscite controllabili in modo indipendente, di cui due da 30V\/3A ciascuna e una commutabile da 2,5 V, 3,3 V o 5 V a 3A. Questo alimentatore di precisione \u00e8 programmabile e consente un funzionamento versatile in varie applicazioni. Fornisce una potenza massima di 220 watt, con una capacit\u00e0 di tensione fino a 32 volt e un limite di corrente di 3,2 ampere. Il dispositivo supporta la funzionalit\u00e0 di controllo remoto, consentendo agli utenti di azionarlo a distanza per comodit\u00e0 ed efficienza. Con tre canali di uscita, l'SPD3303C \u00e8 progettato per fornire una gestione affidabile e flessibile dell'alimentazione. La sua configurazione supporta diverse impostazioni di tensione e corrente, rendendolo adatto agli ambienti di test e sviluppo che richiedono un'erogazione di potenza precisa. La combinazione di funzioni programmabili e uscite indipendenti rende questo alimentatore adattabile a configurazioni complesse che richiedono diverse fonti di alimentazione.<\/p>","protected":false},"excerpt":{"rendered":"<p>Potenza di precisione a tre vie controllabile in uscita in modo indipendente: 30V\/3A X2, commutabile 2,5V\/3,3V\/5V\/3A X1; programmabile<\/p>","protected":false},"featured_media":4940,"comment_status":"closed","ping_status":"closed","template":"","meta":{"_acf_changed":false,"slim_seo":{"title":"SPD3303C - YOTAVIS AG","description":"Potenza di precisione a tre vie controllabile in uscita in modo indipendente: 30V\/3A X2, commutabile 2,5V\/3,3V\/5V\/3A X1; programmabile"}},"product_brand":[506],"product_cat":[516,515],"product_tag":[],"class_list":{"0":"post-3585","1":"product","2":"type-product","3":"status-publish","4":"has-post-thumbnail","6":"product_brand-siglent","7":"product_cat-dc-source-en","8":"product_cat-power-en","9":"pa_current-a-3-2","10":"pa_output-number-141","11":"pa_power-w-387","12":"pa_remote-control-yes","13":"pa_voltage-v-140","15":"first","16":"instock","17":"taxable","18":"shipping-taxable","19":"purchasable","20":"product-type-simple"},"acf":[],"_links":{"self":[{"href":"https:\/\/yotavis.ch\/it\/wp-json\/wp\/v2\/product\/3585","targetHints":{"allow":["GET"]}}],"collection":[{"href":"https:\/\/yotavis.ch\/it\/wp-json\/wp\/v2\/product"}],"about":[{"href":"https:\/\/yotavis.ch\/it\/wp-json\/wp\/v2\/types\/product"}],"replies":[{"embeddable":true,"href":"https:\/\/yotavis.ch\/it\/wp-json\/wp\/v2\/comments?post=3585"}],"wp:featuredmedia":[{"embeddable":true,"href":"https:\/\/yotavis.ch\/it\/wp-json\/wp\/v2\/media\/4940"}],"wp:attachment":[{"href":"https:\/\/yotavis.ch\/it\/wp-json\/wp\/v2\/media?parent=3585"}],"wp:term":[{"taxonomy":"product_brand","embeddable":true,"href":"https:\/\/yotavis.ch\/it\/wp-json\/wp\/v2\/product_brand?post=3585"},{"taxonomy":"product_cat","embeddable":true,"href":"https:\/\/yotavis.ch\/it\/wp-json\/wp\/v2\/product_cat?post=3585"},{"taxonomy":"product_tag","embeddable":true,"href":"https:\/\/yotavis.ch\/it\/wp-json\/wp\/v2\/product_tag?post=3585"}],"curies":[{"name":"wp","href":"https:\/\/api.w.org\/{rel}","templated":true}]}}