{"id":3586,"date":"2025-10-09T00:00:00","date_gmt":"2025-10-08T22:00:00","guid":{"rendered":"https:\/\/yotavis.ch\/product\/spd3303x-e\/"},"modified":"2026-04-24T13:27:30","modified_gmt":"2026-04-24T11:27:30","slug":"spd3303x-e","status":"publish","type":"product","link":"https:\/\/yotavis.ch\/it\/prodotto\/spd3303x-e\/","title":{"rendered":"SPD3303X-E"},"content":{"rendered":"<p>Il dispositivo SPD3303X-E di Siglent \u00e8 dotato di tre uscite di potenza controllabili in modo indipendente, di cui due con potenza nominale di 30V\/3A ciascuna e una commutabile con potenza di 2,5 V, 3,3 V o 5 V a 3A. Questo dispositivo supporta il funzionamento programmabile, consentendo un controllo preciso dell'erogazione di potenza. Ha una tensione massima di 32 V e una corrente massima di 3,2 A, con una capacit\u00e0 di alimentazione totale di 220 watt. L'alimentatore comprende tre uscite, che consentono un utilizzo versatile in varie applicazioni. \u00c8 supportata la funzionalit\u00e0 di controllo remoto, che facilita il funzionamento a distanza. Questo modello \u00e8 progettato per fornire una gestione affidabile e flessibile dell'alimentazione grazie alle sue molteplici opzioni di uscita e alle sue caratteristiche programmabili.<\/p>","protected":false},"excerpt":{"rendered":"<p>Uscita di potenza a tre vie controllabile in modo indipendente: 30V\/3A X2, commutabile 2,5V\/3,3V\/5V\/3A X1; programmabile<\/p>","protected":false},"featured_media":4950,"comment_status":"closed","ping_status":"closed","template":"","meta":{"_acf_changed":false,"slim_seo":{"title":"SPD3303X-E - YOTAVIS AG","description":"Uscita di potenza a tre vie controllabile in modo indipendente: 30V\/3A X2, commutabile 2,5V\/3,3V\/5V\/3A X1; programmabile"}},"product_brand":[506],"product_cat":[516,515],"product_tag":[],"class_list":{"0":"post-3586","1":"product","2":"type-product","3":"status-publish","4":"has-post-thumbnail","6":"product_brand-siglent","7":"product_cat-dc-source-en","8":"product_cat-power-en","9":"pa_current-a-3-2","10":"pa_output-number-141","11":"pa_power-w-387","12":"pa_remote-control-yes","13":"pa_voltage-v-140","15":"first","16":"instock","17":"taxable","18":"shipping-taxable","19":"purchasable","20":"product-type-simple"},"acf":[],"_links":{"self":[{"href":"https:\/\/yotavis.ch\/it\/wp-json\/wp\/v2\/product\/3586","targetHints":{"allow":["GET"]}}],"collection":[{"href":"https:\/\/yotavis.ch\/it\/wp-json\/wp\/v2\/product"}],"about":[{"href":"https:\/\/yotavis.ch\/it\/wp-json\/wp\/v2\/types\/product"}],"replies":[{"embeddable":true,"href":"https:\/\/yotavis.ch\/it\/wp-json\/wp\/v2\/comments?post=3586"}],"wp:featuredmedia":[{"embeddable":true,"href":"https:\/\/yotavis.ch\/it\/wp-json\/wp\/v2\/media\/4950"}],"wp:attachment":[{"href":"https:\/\/yotavis.ch\/it\/wp-json\/wp\/v2\/media?parent=3586"}],"wp:term":[{"taxonomy":"product_brand","embeddable":true,"href":"https:\/\/yotavis.ch\/it\/wp-json\/wp\/v2\/product_brand?post=3586"},{"taxonomy":"product_cat","embeddable":true,"href":"https:\/\/yotavis.ch\/it\/wp-json\/wp\/v2\/product_cat?post=3586"},{"taxonomy":"product_tag","embeddable":true,"href":"https:\/\/yotavis.ch\/it\/wp-json\/wp\/v2\/product_tag?post=3586"}],"curies":[{"name":"wp","href":"https:\/\/api.w.org\/{rel}","templated":true}]}}