{"id":3587,"date":"2025-10-09T00:00:00","date_gmt":"2025-10-08T22:00:00","guid":{"rendered":"https:\/\/yotavis.ch\/product\/spd3303x\/"},"modified":"2026-04-24T13:27:31","modified_gmt":"2026-04-24T11:27:31","slug":"spd3303x","status":"publish","type":"product","link":"https:\/\/yotavis.ch\/it\/prodotto\/spd3303x\/","title":{"rendered":"SPD3303X"},"content":{"rendered":"<p>L'SPD3303X di Siglent \u00e8 dotato di tre uscite controllabili in modo indipendente, di cui due a 30V\/3A e una commutabile a 2,5 V, 3,3 V o 5 V a 3A. Questo alimentatore \u00e8 programmabile e consente un controllo preciso delle sue funzioni. Fornisce una potenza massima di 220 watt e supporta una tensione fino a 32 volt con una capacit\u00e0 di corrente di 3,2 ampere. Il dispositivo \u00e8 dotato di funzionalit\u00e0 di controllo remoto che ne consentono il funzionamento a distanza. Grazie ai tre canali di uscita, gli utenti possono gestire contemporaneamente pi\u00f9 requisiti di potenza. La combinazione di queste caratteristiche rende l'SPD3303X adatto alle applicazioni che richiedono una gestione versatile e affidabile dell'alimentazione.<\/p>","protected":false},"excerpt":{"rendered":"<p>Uscita di potenza a tre vie controllabile in modo indipendente: 30V\/3A X2, commutabile 2,5V\/3,3V\/5V\/3A X1; programmabile<\/p>","protected":false},"featured_media":4950,"comment_status":"closed","ping_status":"closed","template":"","meta":{"_acf_changed":false,"slim_seo":{"title":"SPD3303X - YOTAVIS AG","description":"Uscita di potenza a tre vie controllabile in modo indipendente: 30V\/3A X2, commutabile 2,5V\/3,3V\/5V\/3A X1; programmabile"}},"product_brand":[506],"product_cat":[516,515],"product_tag":[],"class_list":{"0":"post-3587","1":"product","2":"type-product","3":"status-publish","4":"has-post-thumbnail","6":"product_brand-siglent","7":"product_cat-dc-source-en","8":"product_cat-power-en","9":"pa_current-a-3-2","10":"pa_output-number-141","11":"pa_power-w-387","12":"pa_remote-control-yes","13":"pa_voltage-v-140","15":"first","16":"instock","17":"taxable","18":"shipping-taxable","19":"purchasable","20":"product-type-simple"},"acf":[],"_links":{"self":[{"href":"https:\/\/yotavis.ch\/it\/wp-json\/wp\/v2\/product\/3587","targetHints":{"allow":["GET"]}}],"collection":[{"href":"https:\/\/yotavis.ch\/it\/wp-json\/wp\/v2\/product"}],"about":[{"href":"https:\/\/yotavis.ch\/it\/wp-json\/wp\/v2\/types\/product"}],"replies":[{"embeddable":true,"href":"https:\/\/yotavis.ch\/it\/wp-json\/wp\/v2\/comments?post=3587"}],"wp:featuredmedia":[{"embeddable":true,"href":"https:\/\/yotavis.ch\/it\/wp-json\/wp\/v2\/media\/4950"}],"wp:attachment":[{"href":"https:\/\/yotavis.ch\/it\/wp-json\/wp\/v2\/media?parent=3587"}],"wp:term":[{"taxonomy":"product_brand","embeddable":true,"href":"https:\/\/yotavis.ch\/it\/wp-json\/wp\/v2\/product_brand?post=3587"},{"taxonomy":"product_cat","embeddable":true,"href":"https:\/\/yotavis.ch\/it\/wp-json\/wp\/v2\/product_cat?post=3587"},{"taxonomy":"product_tag","embeddable":true,"href":"https:\/\/yotavis.ch\/it\/wp-json\/wp\/v2\/product_tag?post=3587"}],"curies":[{"name":"wp","href":"https:\/\/api.w.org\/{rel}","templated":true}]}}