{"id":3590,"date":"2025-10-09T00:00:00","date_gmt":"2025-10-08T22:00:00","guid":{"rendered":"https:\/\/yotavis.ch\/product\/spd4323x\/"},"modified":"2026-04-24T13:27:32","modified_gmt":"2026-04-24T11:27:32","slug":"spd4323x","status":"publish","type":"product","link":"https:\/\/yotavis.ch\/it\/prodotto\/spd4323x\/","title":{"rendered":"SPD4323X"},"content":{"rendered":"<p>L'SPD4323X di Siglent \u00e8 un alimentatore lineare DC programmabile a 4 canali con una potenza di uscita totale di 240W. Ha una risoluzione di 1mV e 1mA, che consente di regolare con precisione la tensione e la corrente. La tensione e la corrente massime dei canali 1 e 4 sono di 6 V e 3,2 A, mentre i canali 2 e 3 possono erogare fino a 32 V e 3,2 A ciascuno. Questo alimentatore supporta la funzionalit\u00e0 di controllo remoto, consentendo il funzionamento a distanza. Ogni canale \u00e8 progettato per fornire un'uscita di potenza stabile e precisa, adatta a varie applicazioni di test e sviluppo. La tensione massima del dispositivo \u00e8 di 32 V e la corrente massima \u00e8 di 3,2 A, costante su tutti i canali. Con quattro uscite, offre flessibilit\u00e0 per l'alimentazione di pi\u00f9 dispositivi o circuiti contemporaneamente.<\/p>","protected":false},"excerpt":{"rendered":"<p>Alimentatore lineare DC a 4 canali programmabile; potenza totale in uscita 240W; risoluzione 1mV\/1mA; CH1,CH2,CH3,CH4 tensione\/corrente massima: 6V\/3.2A, 32V\/3.2A, 32V\/3.2A, 6V\/3.2A<\/p>","protected":false},"featured_media":5012,"comment_status":"closed","ping_status":"closed","template":"","meta":{"_acf_changed":false,"slim_seo":{"title":"SPD4323X - YOTAVIS AG","description":"4 CH DC linear programmable power supply; total output power 240W; resolution 1mV\/1mA; CH1,CH2,CH3,CH4 max. voltage\/current: 6V\/3.2A, 32V\/3.2A, 32V\/3.2A, 6V\/3.2"}},"product_brand":[506],"product_cat":[516,515],"product_tag":[],"class_list":{"0":"post-3590","1":"product","2":"type-product","3":"status-publish","4":"has-post-thumbnail","6":"product_brand-siglent","7":"product_cat-dc-source-en","8":"product_cat-power-en","9":"pa_current-a-3-2","10":"pa_output-number-148","11":"pa_power-w-395","12":"pa_remote-control-yes","13":"pa_voltage-v-140","15":"first","16":"instock","17":"taxable","18":"shipping-taxable","19":"purchasable","20":"product-type-simple"},"acf":[],"_links":{"self":[{"href":"https:\/\/yotavis.ch\/it\/wp-json\/wp\/v2\/product\/3590","targetHints":{"allow":["GET"]}}],"collection":[{"href":"https:\/\/yotavis.ch\/it\/wp-json\/wp\/v2\/product"}],"about":[{"href":"https:\/\/yotavis.ch\/it\/wp-json\/wp\/v2\/types\/product"}],"replies":[{"embeddable":true,"href":"https:\/\/yotavis.ch\/it\/wp-json\/wp\/v2\/comments?post=3590"}],"wp:featuredmedia":[{"embeddable":true,"href":"https:\/\/yotavis.ch\/it\/wp-json\/wp\/v2\/media\/5012"}],"wp:attachment":[{"href":"https:\/\/yotavis.ch\/it\/wp-json\/wp\/v2\/media?parent=3590"}],"wp:term":[{"taxonomy":"product_brand","embeddable":true,"href":"https:\/\/yotavis.ch\/it\/wp-json\/wp\/v2\/product_brand?post=3590"},{"taxonomy":"product_cat","embeddable":true,"href":"https:\/\/yotavis.ch\/it\/wp-json\/wp\/v2\/product_cat?post=3590"},{"taxonomy":"product_tag","embeddable":true,"href":"https:\/\/yotavis.ch\/it\/wp-json\/wp\/v2\/product_tag?post=3590"}],"curies":[{"name":"wp","href":"https:\/\/api.w.org\/{rel}","templated":true}]}}