{"id":3591,"date":"2025-10-09T00:00:00","date_gmt":"2025-10-08T22:00:00","guid":{"rendered":"https:\/\/yotavis.ch\/product\/spd4121x\/"},"modified":"2026-04-24T13:27:32","modified_gmt":"2026-04-24T11:27:32","slug":"spd4121x","status":"publish","type":"product","link":"https:\/\/yotavis.ch\/it\/prodotto\/spd4121x\/","title":{"rendered":"SPD4121X"},"content":{"rendered":"<p>L'SPD4121X di Siglent \u00e8 un alimentatore lineare DC programmabile a 4 canali con una potenza di uscita totale di 285W. Ha una risoluzione di 1mV e 1mA, che consente di regolare con precisione la tensione e la corrente. I valori massimi di tensione e corrente variano a seconda dei quattro canali: CH1 e CH4 possono erogare fino a 15V e 1,5A ciascuno, mentre CH2 e CH3 forniscono fino a 12V e 10A ciascuno. Questa configurazione supporta un'ampia gamma di applicazioni che richiedono contemporaneamente diversi livelli di tensione e corrente. Il dispositivo supporta la funzionalit\u00e0 di controllo remoto, consentendo il funzionamento a distanza per comodit\u00e0 e integrazione nei sistemi automatizzati. Con una tensione massima di 15 V e una corrente massima di 10 A, l'alimentatore \u00e8 progettato per gestire in modo efficiente requisiti di potenza moderati. I quattro canali di uscita offrono flessibilit\u00e0 nell'alimentazione di pi\u00f9 dispositivi o circuiti in modo indipendente.<\/p>","protected":false},"excerpt":{"rendered":"<p>Alimentatore lineare DC a 4 canali programmabile; potenza totale in uscita 285W; risoluzione 1mV\/1mA; CH1,CH2,CH3,CH4 tensione\/corrente massima: 15V\/1.5A, 12V\/10A, 12V\/10A, 15V\/1.5A<\/p>","protected":false},"featured_media":5019,"comment_status":"closed","ping_status":"closed","template":"","meta":{"_acf_changed":false,"slim_seo":{"title":"SPD4121X - YOTAVIS AG","description":"4 CH DC linear programmable power supply; total output power 285W; resolution 1mV\/1mA; CH1,CH2,CH3,CH4 max. voltage\/current: 15V\/1.5A, 12V\/10A, 12V\/10A, 15V\/1.5"}},"product_brand":[506],"product_cat":[516,515],"product_tag":[],"class_list":{"0":"post-3591","1":"product","2":"type-product","3":"status-publish","4":"has-post-thumbnail","6":"product_brand-siglent","7":"product_cat-dc-source-en","8":"product_cat-power-en","9":"pa_current-a-397","10":"pa_output-number-148","11":"pa_power-w-396","12":"pa_remote-control-yes","13":"pa_voltage-v-149","15":"first","16":"instock","17":"taxable","18":"shipping-taxable","19":"purchasable","20":"product-type-simple"},"acf":[],"_links":{"self":[{"href":"https:\/\/yotavis.ch\/it\/wp-json\/wp\/v2\/product\/3591","targetHints":{"allow":["GET"]}}],"collection":[{"href":"https:\/\/yotavis.ch\/it\/wp-json\/wp\/v2\/product"}],"about":[{"href":"https:\/\/yotavis.ch\/it\/wp-json\/wp\/v2\/types\/product"}],"replies":[{"embeddable":true,"href":"https:\/\/yotavis.ch\/it\/wp-json\/wp\/v2\/comments?post=3591"}],"wp:featuredmedia":[{"embeddable":true,"href":"https:\/\/yotavis.ch\/it\/wp-json\/wp\/v2\/media\/5019"}],"wp:attachment":[{"href":"https:\/\/yotavis.ch\/it\/wp-json\/wp\/v2\/media?parent=3591"}],"wp:term":[{"taxonomy":"product_brand","embeddable":true,"href":"https:\/\/yotavis.ch\/it\/wp-json\/wp\/v2\/product_brand?post=3591"},{"taxonomy":"product_cat","embeddable":true,"href":"https:\/\/yotavis.ch\/it\/wp-json\/wp\/v2\/product_cat?post=3591"},{"taxonomy":"product_tag","embeddable":true,"href":"https:\/\/yotavis.ch\/it\/wp-json\/wp\/v2\/product_tag?post=3591"}],"curies":[{"name":"wp","href":"https:\/\/api.w.org\/{rel}","templated":true}]}}