{"id":3592,"date":"2025-10-09T00:00:00","date_gmt":"2025-10-08T22:00:00","guid":{"rendered":"https:\/\/yotavis.ch\/product\/spd4306x\/"},"modified":"2026-04-24T13:27:32","modified_gmt":"2026-04-24T11:27:32","slug":"spd4306x","status":"publish","type":"product","link":"https:\/\/yotavis.ch\/it\/prodotto\/spd4306x\/","title":{"rendered":"SPD4306X"},"content":{"rendered":"<p>L'SPD4306X di Siglent \u00e8 un alimentatore lineare DC programmabile a 4 canali con una potenza di uscita totale di 400W. Ha una risoluzione di 1mV e 1mA, che consente un controllo preciso delle impostazioni di tensione e corrente. I valori massimi di tensione e corrente variano a seconda dei quattro canali: CH1 supporta fino a 15V e 1,5A, CH2 e CH3 forniscono ciascuno fino a 30V e 6A, mentre CH4 offre fino a 15V e 1A. Il dispositivo supporta la funzionalit\u00e0 di controllo remoto, consentendo il funzionamento a distanza. Con una tensione massima di 30 V e una corrente massima di 6 A, \u00e8 adatto ad applicazioni che richiedono pi\u00f9 livelli di tensione e corrente. L'alimentatore \u00e8 progettato per fornire uscite stabili e programmabili sui quattro canali, rendendolo versatile per vari scenari di test e sviluppo.<\/p>","protected":false},"excerpt":{"rendered":"<p>Alimentatore lineare DC a 4 canali programmabile; potenza totale in uscita 400W; risoluzione 1mV\/1mA; CH1,CH2,CH3,CH4 tensione\/corrente massima: 15V\/1.5A, 30V\/6A, 30V\/6A, 15V\/1A<\/p>","protected":false},"featured_media":5024,"comment_status":"closed","ping_status":"closed","template":"","meta":{"_acf_changed":false,"slim_seo":{"title":"SPD4306X - YOTAVIS AG","description":"Alimentatore lineare DC a 4 canali programmabile; potenza totale in uscita 400W; risoluzione 1mV\/1mA; CH1,CH2,CH3,CH4 tensione\/corrente massima: 15V\/1.5A, 30V\/6A, 30V\/6A, 15V\/1A"}},"product_brand":[506],"product_cat":[516,515],"product_tag":[],"class_list":{"0":"post-3592","1":"product","2":"type-product","3":"status-publish","4":"has-post-thumbnail","6":"product_brand-siglent","7":"product_cat-dc-source-en","8":"product_cat-power-en","9":"pa_current-a-399","10":"pa_output-number-148","11":"pa_power-w-398","12":"pa_remote-control-yes","13":"pa_voltage-v-145","15":"first","16":"instock","17":"taxable","18":"shipping-taxable","19":"purchasable","20":"product-type-simple"},"acf":[],"_links":{"self":[{"href":"https:\/\/yotavis.ch\/it\/wp-json\/wp\/v2\/product\/3592","targetHints":{"allow":["GET"]}}],"collection":[{"href":"https:\/\/yotavis.ch\/it\/wp-json\/wp\/v2\/product"}],"about":[{"href":"https:\/\/yotavis.ch\/it\/wp-json\/wp\/v2\/types\/product"}],"replies":[{"embeddable":true,"href":"https:\/\/yotavis.ch\/it\/wp-json\/wp\/v2\/comments?post=3592"}],"wp:featuredmedia":[{"embeddable":true,"href":"https:\/\/yotavis.ch\/it\/wp-json\/wp\/v2\/media\/5024"}],"wp:attachment":[{"href":"https:\/\/yotavis.ch\/it\/wp-json\/wp\/v2\/media?parent=3592"}],"wp:term":[{"taxonomy":"product_brand","embeddable":true,"href":"https:\/\/yotavis.ch\/it\/wp-json\/wp\/v2\/product_brand?post=3592"},{"taxonomy":"product_cat","embeddable":true,"href":"https:\/\/yotavis.ch\/it\/wp-json\/wp\/v2\/product_cat?post=3592"},{"taxonomy":"product_tag","embeddable":true,"href":"https:\/\/yotavis.ch\/it\/wp-json\/wp\/v2\/product_tag?post=3592"}],"curies":[{"name":"wp","href":"https:\/\/api.w.org\/{rel}","templated":true}]}}