{"id":3593,"date":"2025-10-09T00:00:00","date_gmt":"2025-10-08T22:00:00","guid":{"rendered":"https:\/\/yotavis.ch\/product\/sps6225x\/"},"modified":"2026-04-24T13:27:33","modified_gmt":"2026-04-24T11:27:33","slug":"sps6225x","status":"publish","type":"product","link":"https:\/\/yotavis.ch\/it\/prodotto\/sps6225x\/","title":{"rendered":"SPS6225X"},"content":{"rendered":"<p>L'SPS6225X di Siglent \u00e8 un alimentatore a commutazione a canale singolo progettato per fornire una potenza massima di 1500 watt. Funziona a una tensione di 200 volt e pu\u00f2 fornire una corrente fino a 25 ampere. L'unit\u00e0 \u00e8 caratterizzata da un fattore di forma 1U, che la rende adatta al montaggio in rack in varie configurazioni. Questo alimentatore \u00e8 dotato di funzionalit\u00e0 di controllo remoto, che consente di operare comodamente a distanza. Con un canale di uscita, \u00e8 adatto alle applicazioni che richiedono una fonte di alimentazione stabile e affidabile. Il design enfatizza l'efficienza e la precisione nell'erogazione dell'alimentazione, rispettando i parametri elettrici specificati. La combinazione di valori nominali di tensione, corrente e potenza lo rende adatto ad ambienti elettronici e industriali esigenti.<\/p>","protected":false},"excerpt":{"rendered":"<p>200V\/25A\/1500W, alimentatore switching monocanale, 1U<\/p>","protected":false},"featured_media":5054,"comment_status":"closed","ping_status":"closed","template":"","meta":{"_acf_changed":false,"slim_seo":{"title":"SPS6225X - YOTAVIS AG","description":"200V\/25A\/1500W, alimentatore switching monocanale, 1U"}},"product_brand":[506],"product_cat":[516,515],"product_tag":[],"class_list":{"0":"post-3593","1":"product","2":"type-product","3":"status-publish","4":"has-post-thumbnail","6":"product_brand-siglent","7":"product_cat-dc-source-en","8":"product_cat-power-en","9":"pa_current-a-401","10":"pa_output-number-146","11":"pa_power-w-400","12":"pa_remote-control-yes","13":"pa_voltage-v-150","15":"first","16":"instock","17":"taxable","18":"shipping-taxable","19":"purchasable","20":"product-type-simple"},"acf":[],"_links":{"self":[{"href":"https:\/\/yotavis.ch\/it\/wp-json\/wp\/v2\/product\/3593","targetHints":{"allow":["GET"]}}],"collection":[{"href":"https:\/\/yotavis.ch\/it\/wp-json\/wp\/v2\/product"}],"about":[{"href":"https:\/\/yotavis.ch\/it\/wp-json\/wp\/v2\/types\/product"}],"replies":[{"embeddable":true,"href":"https:\/\/yotavis.ch\/it\/wp-json\/wp\/v2\/comments?post=3593"}],"wp:featuredmedia":[{"embeddable":true,"href":"https:\/\/yotavis.ch\/it\/wp-json\/wp\/v2\/media\/5054"}],"wp:attachment":[{"href":"https:\/\/yotavis.ch\/it\/wp-json\/wp\/v2\/media?parent=3593"}],"wp:term":[{"taxonomy":"product_brand","embeddable":true,"href":"https:\/\/yotavis.ch\/it\/wp-json\/wp\/v2\/product_brand?post=3593"},{"taxonomy":"product_cat","embeddable":true,"href":"https:\/\/yotavis.ch\/it\/wp-json\/wp\/v2\/product_cat?post=3593"},{"taxonomy":"product_tag","embeddable":true,"href":"https:\/\/yotavis.ch\/it\/wp-json\/wp\/v2\/product_tag?post=3593"}],"curies":[{"name":"wp","href":"https:\/\/api.w.org\/{rel}","templated":true}]}}