{"id":3595,"date":"2025-10-09T00:00:00","date_gmt":"2025-10-08T22:00:00","guid":{"rendered":"https:\/\/yotavis.ch\/product\/sps5041x\/"},"modified":"2026-04-24T13:27:33","modified_gmt":"2026-04-24T11:27:33","slug":"sps5041x","status":"publish","type":"product","link":"https:\/\/yotavis.ch\/it\/prodotto\/sps5041x\/","title":{"rendered":"SPS5041X"},"content":{"rendered":"<p>L'SPS5041X di Siglent \u00e8 un alimentatore a commutazione a canale singolo progettato per fornire una potenza massima di 360 watt. Funziona a una tensione di 40 volt e pu\u00f2 fornire una corrente fino a 30 ampere. Questo alimentatore \u00e8 dotato di un unico canale di uscita, che lo rende adatto alle applicazioni che richiedono una singola fonte di alimentazione stabile. Il dispositivo supporta la funzionalit\u00e0 di controllo remoto, consentendo agli utenti di azionarlo a distanza per comodit\u00e0 e flessibilit\u00e0. Il suo design si concentra sull'erogazione di una potenza costante entro i limiti di tensione e corrente specificati. L'SPS5041X \u00e8 stato progettato per soddisfare le esigenze di vari ambienti di test e sviluppo elettronico in cui \u00e8 essenziale un'erogazione di potenza precisa.<\/p>","protected":false},"excerpt":{"rendered":"<p>40V\/30A\/360W\uff0cAlimentatore switching monocanale<\/p>","protected":false},"featured_media":5057,"comment_status":"closed","ping_status":"closed","template":"","meta":{"_acf_changed":false,"slim_seo":{"title":"SPS5041X - YOTAVIS AG","description":"40V\/30A\/360W\uff0cAlimentatore switching monocanale"}},"product_brand":[506],"product_cat":[516,515],"product_tag":[],"class_list":{"0":"post-3595","1":"product","2":"type-product","3":"status-publish","4":"has-post-thumbnail","6":"product_brand-siglent","7":"product_cat-dc-source-en","8":"product_cat-power-en","9":"pa_current-a-404","10":"pa_output-number-146","11":"pa_power-w-403","12":"pa_remote-control-yes","13":"pa_voltage-v-152","15":"first","16":"instock","17":"taxable","18":"shipping-taxable","19":"purchasable","20":"product-type-simple"},"acf":[],"_links":{"self":[{"href":"https:\/\/yotavis.ch\/it\/wp-json\/wp\/v2\/product\/3595","targetHints":{"allow":["GET"]}}],"collection":[{"href":"https:\/\/yotavis.ch\/it\/wp-json\/wp\/v2\/product"}],"about":[{"href":"https:\/\/yotavis.ch\/it\/wp-json\/wp\/v2\/types\/product"}],"replies":[{"embeddable":true,"href":"https:\/\/yotavis.ch\/it\/wp-json\/wp\/v2\/comments?post=3595"}],"wp:featuredmedia":[{"embeddable":true,"href":"https:\/\/yotavis.ch\/it\/wp-json\/wp\/v2\/media\/5057"}],"wp:attachment":[{"href":"https:\/\/yotavis.ch\/it\/wp-json\/wp\/v2\/media?parent=3595"}],"wp:term":[{"taxonomy":"product_brand","embeddable":true,"href":"https:\/\/yotavis.ch\/it\/wp-json\/wp\/v2\/product_brand?post=3595"},{"taxonomy":"product_cat","embeddable":true,"href":"https:\/\/yotavis.ch\/it\/wp-json\/wp\/v2\/product_cat?post=3595"},{"taxonomy":"product_tag","embeddable":true,"href":"https:\/\/yotavis.ch\/it\/wp-json\/wp\/v2\/product_tag?post=3595"}],"curies":[{"name":"wp","href":"https:\/\/api.w.org\/{rel}","templated":true}]}}