{"id":3600,"date":"2025-10-09T00:00:00","date_gmt":"2025-10-08T22:00:00","guid":{"rendered":"https:\/\/yotavis.ch\/product\/sps5051x\/"},"modified":"2026-04-24T13:27:35","modified_gmt":"2026-04-24T11:27:35","slug":"sps5051x","status":"publish","type":"product","link":"https:\/\/yotavis.ch\/it\/prodotto\/sps5051x\/","title":{"rendered":"SPS5051X"},"content":{"rendered":"<p>L'SPS5051X di Siglent \u00e8 un alimentatore a commutazione monocanale progettato per fornire una tensione di uscita massima di 50 volt e una corrente fino a 10 ampere, per una potenza totale di 180 watt. \u00c8 dotato di un canale di uscita e supporta la funzionalit\u00e0 di controllo remoto, consentendo un comodo funzionamento a distanza. Questo alimentatore \u00e8 adatto ad applicazioni che richiedono impostazioni di tensione e corrente stabili e regolabili all'interno dell'intervallo specificato. Il design del dispositivo si concentra sulla fornitura di una potenza costante con la flessibilit\u00e0 della gestione remota. Le sue specifiche indicano una solida capacit\u00e0 di gestire requisiti di potenza moderati in vari scenari di test e sviluppo elettronico. La combinazione di valori nominali di tensione, corrente e potenza lo rende uno strumento versatile per l'uso in laboratorio e nell'industria.<\/p>","protected":false},"excerpt":{"rendered":"<p>50V\/10A\/180W\uff0cAlimentatore switching monocanale<\/p>","protected":false},"featured_media":5064,"comment_status":"closed","ping_status":"closed","template":"","meta":{"_acf_changed":false,"slim_seo":{"title":"SPS5051X - YOTAVIS AG","description":"50V\/10A\/180W\uff0cAlimentatore switching monocanale"}},"product_brand":[506],"product_cat":[516,515],"product_tag":[],"class_list":{"0":"post-3600","1":"product","2":"type-product","3":"status-publish","4":"has-post-thumbnail","6":"product_brand-siglent","7":"product_cat-dc-source-en","8":"product_cat-power-en","9":"pa_current-a-397","10":"pa_output-number-146","11":"pa_power-w-409","12":"pa_remote-control-yes","13":"pa_voltage-v-154","15":"first","16":"instock","17":"taxable","18":"shipping-taxable","19":"purchasable","20":"product-type-simple"},"acf":[],"_links":{"self":[{"href":"https:\/\/yotavis.ch\/it\/wp-json\/wp\/v2\/product\/3600","targetHints":{"allow":["GET"]}}],"collection":[{"href":"https:\/\/yotavis.ch\/it\/wp-json\/wp\/v2\/product"}],"about":[{"href":"https:\/\/yotavis.ch\/it\/wp-json\/wp\/v2\/types\/product"}],"replies":[{"embeddable":true,"href":"https:\/\/yotavis.ch\/it\/wp-json\/wp\/v2\/comments?post=3600"}],"wp:featuredmedia":[{"embeddable":true,"href":"https:\/\/yotavis.ch\/it\/wp-json\/wp\/v2\/media\/5064"}],"wp:attachment":[{"href":"https:\/\/yotavis.ch\/it\/wp-json\/wp\/v2\/media?parent=3600"}],"wp:term":[{"taxonomy":"product_brand","embeddable":true,"href":"https:\/\/yotavis.ch\/it\/wp-json\/wp\/v2\/product_brand?post=3600"},{"taxonomy":"product_cat","embeddable":true,"href":"https:\/\/yotavis.ch\/it\/wp-json\/wp\/v2\/product_cat?post=3600"},{"taxonomy":"product_tag","embeddable":true,"href":"https:\/\/yotavis.ch\/it\/wp-json\/wp\/v2\/product_tag?post=3600"}],"curies":[{"name":"wp","href":"https:\/\/api.w.org\/{rel}","templated":true}]}}