{"id":3603,"date":"2025-10-09T00:00:00","date_gmt":"2025-10-08T22:00:00","guid":{"rendered":"https:\/\/yotavis.ch\/product\/sps5083x\/"},"modified":"2026-04-24T13:27:38","modified_gmt":"2026-04-24T11:27:38","slug":"sps5083x","status":"publish","type":"product","link":"https:\/\/yotavis.ch\/it\/prodotto\/sps5083x\/","title":{"rendered":"SPS5083X"},"content":{"rendered":"<p>L'SPS5083X di Siglent \u00e8 un alimentatore a commutazione a canale singolo progettato per fornire una potenza massima di 1080 watt. Funziona a una tensione di 80 volt e pu\u00f2 fornire una corrente fino a 45 ampere. Questo alimentatore \u00e8 dotato di un canale di uscita e supporta la funzionalit\u00e0 di controllo remoto, consentendo un comodo funzionamento a distanza. Il dispositivo \u00e8 progettato per gestire requisiti di potenza elevati grazie alle sue robuste specifiche di tensione e corrente. Il suo design si concentra sulla fornitura di energia stabile e affidabile per varie applicazioni. L'inclusione del controllo remoto ne migliora l'utilizzabilit\u00e0 nelle configurazioni automatizzate o difficili da raggiungere. Nel complesso, l'SPS5083X combina alta tensione, capacit\u00e0 di corrente e capacit\u00e0 di controllo remoto in una configurazione a canale singolo.<\/p>","protected":false},"excerpt":{"rendered":"<p>80V\/45A\/1080W\uff0cAlimentatore switching a canale singolo<\/p>","protected":false},"featured_media":5073,"comment_status":"closed","ping_status":"closed","template":"","meta":{"_acf_changed":false,"slim_seo":{"title":"SPS5083X - YOTAVIS AG","description":"80V\/45A\/1080W\uff0cAlimentatore switching a canale singolo"}},"product_brand":[506],"product_cat":[516,515],"product_tag":[],"class_list":{"0":"post-3603","1":"product","2":"type-product","3":"status-publish","4":"has-post-thumbnail","6":"product_brand-siglent","7":"product_cat-dc-source-en","8":"product_cat-power-en","9":"pa_current-a-411","10":"pa_output-number-146","11":"pa_power-w-407","12":"pa_remote-control-yes","13":"pa_voltage-v-155","15":"first","16":"instock","17":"taxable","18":"shipping-taxable","19":"purchasable","20":"product-type-simple"},"acf":[],"_links":{"self":[{"href":"https:\/\/yotavis.ch\/it\/wp-json\/wp\/v2\/product\/3603","targetHints":{"allow":["GET"]}}],"collection":[{"href":"https:\/\/yotavis.ch\/it\/wp-json\/wp\/v2\/product"}],"about":[{"href":"https:\/\/yotavis.ch\/it\/wp-json\/wp\/v2\/types\/product"}],"replies":[{"embeddable":true,"href":"https:\/\/yotavis.ch\/it\/wp-json\/wp\/v2\/comments?post=3603"}],"wp:featuredmedia":[{"embeddable":true,"href":"https:\/\/yotavis.ch\/it\/wp-json\/wp\/v2\/media\/5073"}],"wp:attachment":[{"href":"https:\/\/yotavis.ch\/it\/wp-json\/wp\/v2\/media?parent=3603"}],"wp:term":[{"taxonomy":"product_brand","embeddable":true,"href":"https:\/\/yotavis.ch\/it\/wp-json\/wp\/v2\/product_brand?post=3603"},{"taxonomy":"product_cat","embeddable":true,"href":"https:\/\/yotavis.ch\/it\/wp-json\/wp\/v2\/product_cat?post=3603"},{"taxonomy":"product_tag","embeddable":true,"href":"https:\/\/yotavis.ch\/it\/wp-json\/wp\/v2\/product_tag?post=3603"}],"curies":[{"name":"wp","href":"https:\/\/api.w.org\/{rel}","templated":true}]}}