{"id":3605,"date":"2025-10-09T00:00:00","date_gmt":"2025-10-08T22:00:00","guid":{"rendered":"https:\/\/yotavis.ch\/product\/sps5085x\/"},"modified":"2026-04-24T13:27:39","modified_gmt":"2026-04-24T11:27:39","slug":"sps5085x","status":"publish","type":"product","link":"https:\/\/yotavis.ch\/it\/prodotto\/sps5085x\/","title":{"rendered":"SPS5085X"},"content":{"rendered":"<p>L'SPS5085X di Siglent \u00e8 un alimentatore switching a tre canali progettato per fornire una potenza totale di 1080 watt. Ogni canale fornisce una tensione massima di 80 volt e una corrente di 15 ampere, con una capacit\u00e0 di potenza individuale di 360 watt. Questa configurazione consente il funzionamento simultaneo di tutti e tre i canali, rendendolo adatto ad applicazioni che richiedono pi\u00f9 uscite di potenza. Il dispositivo supporta la funzionalit\u00e0 di controllo remoto, consentendo agli utenti di gestire e regolare le impostazioni a distanza. Il suo design si concentra sulla fornitura di energia stabile e affidabile grazie alla tecnologia switch mode. L'alimentatore \u00e8 progettato per gestire in modo efficiente le richieste di corrente e tensione elevate. Questo modello \u00e8 ideale per gli ambienti in cui \u00e8 necessaria un'erogazione di potenza precisa e costante per scopi di test o operativi.<\/p>","protected":false},"excerpt":{"rendered":"<p>80V\/15A\/360W*3, alimentazione a tre canali in modalit\u00e0 switch<\/p>","protected":false},"featured_media":5076,"comment_status":"closed","ping_status":"closed","template":"","meta":{"_acf_changed":false,"slim_seo":{"title":"SPS5085X - YOTAVIS AG","description":"80V\/15A\/360W*3, alimentazione a tre canali in modalit\u00e0 switch"}},"product_brand":[506],"product_cat":[516,515],"product_tag":[],"class_list":{"0":"post-3605","1":"product","2":"type-product","3":"status-publish","4":"has-post-thumbnail","6":"product_brand-siglent","7":"product_cat-dc-source-en","8":"product_cat-power-en","9":"pa_current-a-410","10":"pa_output-number-141","11":"pa_power-w-407","12":"pa_remote-control-yes","13":"pa_voltage-v-155","15":"first","16":"instock","17":"taxable","18":"shipping-taxable","19":"purchasable","20":"product-type-simple"},"acf":[],"_links":{"self":[{"href":"https:\/\/yotavis.ch\/it\/wp-json\/wp\/v2\/product\/3605","targetHints":{"allow":["GET"]}}],"collection":[{"href":"https:\/\/yotavis.ch\/it\/wp-json\/wp\/v2\/product"}],"about":[{"href":"https:\/\/yotavis.ch\/it\/wp-json\/wp\/v2\/types\/product"}],"replies":[{"embeddable":true,"href":"https:\/\/yotavis.ch\/it\/wp-json\/wp\/v2\/comments?post=3605"}],"wp:featuredmedia":[{"embeddable":true,"href":"https:\/\/yotavis.ch\/it\/wp-json\/wp\/v2\/media\/5076"}],"wp:attachment":[{"href":"https:\/\/yotavis.ch\/it\/wp-json\/wp\/v2\/media?parent=3605"}],"wp:term":[{"taxonomy":"product_brand","embeddable":true,"href":"https:\/\/yotavis.ch\/it\/wp-json\/wp\/v2\/product_brand?post=3605"},{"taxonomy":"product_cat","embeddable":true,"href":"https:\/\/yotavis.ch\/it\/wp-json\/wp\/v2\/product_cat?post=3605"},{"taxonomy":"product_tag","embeddable":true,"href":"https:\/\/yotavis.ch\/it\/wp-json\/wp\/v2\/product_tag?post=3605"}],"curies":[{"name":"wp","href":"https:\/\/api.w.org\/{rel}","templated":true}]}}