{"id":3606,"date":"2025-10-09T00:00:00","date_gmt":"2025-10-08T22:00:00","guid":{"rendered":"https:\/\/yotavis.ch\/product\/sps5161x\/"},"modified":"2026-04-24T13:27:39","modified_gmt":"2026-04-24T11:27:39","slug":"sps5161x","status":"publish","type":"product","link":"https:\/\/yotavis.ch\/it\/prodotto\/sps5161x\/","title":{"rendered":"SPS5161X"},"content":{"rendered":"<p>L'SPS5161X di Siglent \u00e8 un alimentatore a commutazione a canale singolo progettato per fornire una potenza massima di 360 watt. Funziona a una tensione di 160 volt e pu\u00f2 fornire una corrente fino a 7,5 ampere. Questo alimentatore \u00e8 dotato di funzionalit\u00e0 di controllo remoto, che consente di operare comodamente a distanza. Grazie al suo canale di uscita singolo, \u00e8 adatto alle applicazioni che richiedono una fonte di alimentazione stabile e affidabile. Il dispositivo \u00e8 progettato per gestire in modo efficiente i parametri di tensione e corrente specificati, garantendo prestazioni costanti. Il suo design si concentra sulla gestione precisa della potenza entro i limiti elettrici dichiarati. La combinazione di queste specifiche rende l'SPS5161X un componente versatile per diverse configurazioni elettroniche.<\/p>","protected":false},"excerpt":{"rendered":"<p>160V\/7,5A\/360W\uff0cAlimentatore switching a canale singolo<\/p>","protected":false},"featured_media":5078,"comment_status":"closed","ping_status":"closed","template":"","meta":{"_acf_changed":false,"slim_seo":{"title":"SPS5161X - YOTAVIS AG","description":"160V\/7,5A\/360W\uff0cAlimentatore switching a canale singolo"}},"product_brand":[506],"product_cat":[516,515],"product_tag":[],"class_list":{"0":"post-3606","1":"product","2":"type-product","3":"status-publish","4":"has-post-thumbnail","6":"product_brand-siglent","7":"product_cat-dc-source-en","8":"product_cat-power-en","9":"pa_current-a-7-5","10":"pa_output-number-146","11":"pa_power-w-403","12":"pa_remote-control-yes","13":"pa_voltage-v-156","15":"first","16":"instock","17":"taxable","18":"shipping-taxable","19":"purchasable","20":"product-type-simple"},"acf":[],"_links":{"self":[{"href":"https:\/\/yotavis.ch\/it\/wp-json\/wp\/v2\/product\/3606","targetHints":{"allow":["GET"]}}],"collection":[{"href":"https:\/\/yotavis.ch\/it\/wp-json\/wp\/v2\/product"}],"about":[{"href":"https:\/\/yotavis.ch\/it\/wp-json\/wp\/v2\/types\/product"}],"replies":[{"embeddable":true,"href":"https:\/\/yotavis.ch\/it\/wp-json\/wp\/v2\/comments?post=3606"}],"wp:featuredmedia":[{"embeddable":true,"href":"https:\/\/yotavis.ch\/it\/wp-json\/wp\/v2\/media\/5078"}],"wp:attachment":[{"href":"https:\/\/yotavis.ch\/it\/wp-json\/wp\/v2\/media?parent=3606"}],"wp:term":[{"taxonomy":"product_brand","embeddable":true,"href":"https:\/\/yotavis.ch\/it\/wp-json\/wp\/v2\/product_brand?post=3606"},{"taxonomy":"product_cat","embeddable":true,"href":"https:\/\/yotavis.ch\/it\/wp-json\/wp\/v2\/product_cat?post=3606"},{"taxonomy":"product_tag","embeddable":true,"href":"https:\/\/yotavis.ch\/it\/wp-json\/wp\/v2\/product_tag?post=3606"}],"curies":[{"name":"wp","href":"https:\/\/api.w.org\/{rel}","templated":true}]}}