{"id":3610,"date":"2025-10-09T00:00:00","date_gmt":"2025-10-08T22:00:00","guid":{"rendered":"https:\/\/yotavis.ch\/product\/sps5165x\/"},"modified":"2026-04-24T13:27:41","modified_gmt":"2026-04-24T11:27:41","slug":"sps5165x","status":"publish","type":"product","link":"https:\/\/yotavis.ch\/it\/prodotto\/sps5165x\/","title":{"rendered":"SPS5165X"},"content":{"rendered":"<p>L'SPS5165X di Siglent \u00e8 un alimentatore switching a tre canali con una potenza totale di 1080 watt. Ogni canale fornisce una tensione di 160 volt e una corrente di 7,5 ampere, erogando 360 watt per canale. Questo alimentatore supporta la funzionalit\u00e0 di controllo remoto, consentendo un comodo funzionamento a distanza. Progettato per gestire pi\u00f9 uscite simultaneamente, \u00e8 adatto ad applicazioni che richiedono una distribuzione di potenza stabile e affidabile su tre canali separati. Le specifiche del dispositivo sottolineano la sua capacit\u00e0 di fornire livelli di tensione e corrente costanti, garantendo prestazioni efficienti. La sua configurazione come alimentatore a commutazione indica che utilizza la commutazione ad alta frequenza per regolare la tensione e la corrente di uscita. La combinazione di queste caratteristiche rende l'SPS5165X uno strumento versatile per vari usi elettronici e industriali.<\/p>","protected":false},"excerpt":{"rendered":"<p>160V\/7,5A\/360W*3, alimentazione a tre canali in modalit\u00e0 switch<\/p>","protected":false},"featured_media":5083,"comment_status":"closed","ping_status":"closed","template":"","meta":{"_acf_changed":false,"slim_seo":{"title":"SPS5165X - YOTAVIS AG","description":"160V\/7,5A\/360W*3, alimentazione a tre canali in modalit\u00e0 switch"}},"product_brand":[506],"product_cat":[516,515],"product_tag":[],"class_list":{"0":"post-3610","1":"product","2":"type-product","3":"status-publish","4":"has-post-thumbnail","6":"product_brand-siglent","7":"product_cat-dc-source-en","8":"product_cat-power-en","9":"pa_current-a-7-5","10":"pa_output-number-141","11":"pa_power-w-407","12":"pa_remote-control-yes","13":"pa_voltage-v-156","15":"first","16":"instock","17":"taxable","18":"shipping-taxable","19":"purchasable","20":"product-type-simple"},"acf":[],"_links":{"self":[{"href":"https:\/\/yotavis.ch\/it\/wp-json\/wp\/v2\/product\/3610","targetHints":{"allow":["GET"]}}],"collection":[{"href":"https:\/\/yotavis.ch\/it\/wp-json\/wp\/v2\/product"}],"about":[{"href":"https:\/\/yotavis.ch\/it\/wp-json\/wp\/v2\/types\/product"}],"replies":[{"embeddable":true,"href":"https:\/\/yotavis.ch\/it\/wp-json\/wp\/v2\/comments?post=3610"}],"wp:featuredmedia":[{"embeddable":true,"href":"https:\/\/yotavis.ch\/it\/wp-json\/wp\/v2\/media\/5083"}],"wp:attachment":[{"href":"https:\/\/yotavis.ch\/it\/wp-json\/wp\/v2\/media?parent=3610"}],"wp:term":[{"taxonomy":"product_brand","embeddable":true,"href":"https:\/\/yotavis.ch\/it\/wp-json\/wp\/v2\/product_brand?post=3610"},{"taxonomy":"product_cat","embeddable":true,"href":"https:\/\/yotavis.ch\/it\/wp-json\/wp\/v2\/product_cat?post=3610"},{"taxonomy":"product_tag","embeddable":true,"href":"https:\/\/yotavis.ch\/it\/wp-json\/wp\/v2\/product_tag?post=3610"}],"curies":[{"name":"wp","href":"https:\/\/api.w.org\/{rel}","templated":true}]}}