{"id":3611,"date":"2025-10-09T00:00:00","date_gmt":"2025-10-08T22:00:00","guid":{"rendered":"https:\/\/yotavis.ch\/product\/sdl1020x-e\/"},"modified":"2026-04-24T13:27:41","modified_gmt":"2026-04-24T11:27:41","slug":"sdl1020x-e","status":"publish","type":"product","link":"https:\/\/yotavis.ch\/it\/prodotto\/sdl1020x-e\/","title":{"rendered":"SDL1020X-E"},"content":{"rendered":"<p>L'SDL1020X-E di Siglent offre una potenza di 200W con una tensione massima di 150V e una capacit\u00e0 di corrente di 30A. \u00c8 dotato di una modalit\u00e0 dinamica CC che funziona a 25KHz e supporta un tempo di salita della corrente da 0,001 a 2,5A per microsecondo. Il dispositivo include un display TFT-LCD da 3,5 pollici e offre diverse opzioni di connettivit\u00e0, come le interfacce RS232, USB, LAN e GPIB. Dispone di un singolo canale di uscita e supporta la funzionalit\u00e0 di controllo remoto, consentendo un funzionamento flessibile. La risoluzione di misura \u00e8 impostata a 1mV per 1mA, garantendo un controllo e un monitoraggio precisi dei parametri elettrici. Questo modello \u00e8 stato progettato per soddisfare diverse esigenze di test e misurazione grazie alla combinazione di potenza, velocit\u00e0 e versatilit\u00e0 dell'interfaccia.<\/p>","protected":false},"excerpt":{"rendered":"<p>200W\uff1bDC150V\/30A\uff0cCC Dynamic Mode 25KHz \uff1bcurrent rise time range 0.001-2.5A\/us; 1mV\/1mA;3.5&#8242; TFT-LCD; RS232\/USB\/LAN\/GPIB<\/p>","protected":false},"featured_media":5084,"comment_status":"closed","ping_status":"closed","template":"","meta":{"_acf_changed":false,"slim_seo":{"title":"SDL1020X-E - YOTAVIS AG","description":"200W\uff1bDC150V\/30A\uff0cCC Modalit\u00e0 dinamica 25KHz \uff1bintervallo di tempo di salita della corrente 0,001-2,5A\/us; 1mV\/1mA;3,5' TFT-LCD; RS232\/USB\/LAN\/GPIB"}},"product_brand":[506],"product_cat":[517,515],"product_tag":[],"class_list":{"0":"post-3611","1":"product","2":"type-product","3":"status-publish","4":"has-post-thumbnail","6":"product_brand-siglent","7":"product_cat-dc-load-en","8":"product_cat-power-en","9":"pa_current-a-404","10":"pa_output-number-146","11":"pa_power-w-414","12":"pa_remote-control-yes","13":"pa_voltage-v-150","15":"first","16":"instock","17":"taxable","18":"shipping-taxable","19":"purchasable","20":"product-type-simple"},"acf":[],"_links":{"self":[{"href":"https:\/\/yotavis.ch\/it\/wp-json\/wp\/v2\/product\/3611","targetHints":{"allow":["GET"]}}],"collection":[{"href":"https:\/\/yotavis.ch\/it\/wp-json\/wp\/v2\/product"}],"about":[{"href":"https:\/\/yotavis.ch\/it\/wp-json\/wp\/v2\/types\/product"}],"replies":[{"embeddable":true,"href":"https:\/\/yotavis.ch\/it\/wp-json\/wp\/v2\/comments?post=3611"}],"wp:featuredmedia":[{"embeddable":true,"href":"https:\/\/yotavis.ch\/it\/wp-json\/wp\/v2\/media\/5084"}],"wp:attachment":[{"href":"https:\/\/yotavis.ch\/it\/wp-json\/wp\/v2\/media?parent=3611"}],"wp:term":[{"taxonomy":"product_brand","embeddable":true,"href":"https:\/\/yotavis.ch\/it\/wp-json\/wp\/v2\/product_brand?post=3611"},{"taxonomy":"product_cat","embeddable":true,"href":"https:\/\/yotavis.ch\/it\/wp-json\/wp\/v2\/product_cat?post=3611"},{"taxonomy":"product_tag","embeddable":true,"href":"https:\/\/yotavis.ch\/it\/wp-json\/wp\/v2\/product_tag?post=3611"}],"curies":[{"name":"wp","href":"https:\/\/api.w.org\/{rel}","templated":true}]}}