{"id":3616,"date":"2025-10-09T00:00:00","date_gmt":"2025-10-08T22:00:00","guid":{"rendered":"https:\/\/yotavis.ch\/product\/sdm3055\/"},"modified":"2026-04-24T13:27:43","modified_gmt":"2026-04-24T11:27:43","slug":"sdm3055","status":"publish","type":"product","link":"https:\/\/yotavis.ch\/it\/prodotto\/sdm3055\/","title":{"rendered":"SDM3055"},"content":{"rendered":"<p>L'SDM3055 di Siglent \u00e8 dotato di un display a 5\u00bd cifre e offre una velocit\u00e0 di misura di 150 letture al secondo. \u00c8 dotato di uno schermo TFT-LCD a colori da 4,3 pollici con una risoluzione di 480 x 272 pixel, che offre una visualizzazione chiara e dettagliata. Questo dispositivo supporta le misure True RMS sia per la tensione che per la corrente alternata, garantendo letture accurate in vari ambienti elettrici. La tensione CC massima che pu\u00f2 gestire \u00e8 di 1000 volt, mentre la tensione CA massima \u00e8 di 750 volt. Per le misure di corrente, la corrente DC massima \u00e8 di 7 ampere. Inoltre, l'SDM3055 pu\u00f2 misurare la resistenza fino a 100 megaohm. Queste specifiche lo rendono adatto a una serie di applicazioni di test e misurazione elettrica in cui sono richieste precisione e affidabilit\u00e0.<\/p>","protected":false},"excerpt":{"rendered":"<p>5\u00bd cifre; velocit\u00e0 di misura di 150 g\/s; display TFT-LCD a colori da 4,3 pollici (480 * 272); misure di tensione e corrente alternata RMS reale<\/p>","protected":false},"featured_media":5108,"comment_status":"closed","ping_status":"closed","template":"","meta":{"_acf_changed":false,"slim_seo":{"title":"SDM3055 - YOTAVIS AG","description":"5\u00bd cifre; velocit\u00e0 di misura di 150 g\/s; display TFT-LCD a colori da 4,3 pollici (480 * 272); misure di tensione e corrente alternata RMS reale"}},"product_brand":[506],"product_cat":[519,518],"product_tag":[],"class_list":{"0":"post-3616","1":"product","2":"type-product","3":"status-publish","4":"has-post-thumbnail","6":"product_brand-siglent","7":"product_cat-desktop-meters-en","8":"product_cat-meters","9":"pa_digits-5-5","10":"pa_imax-dc-a-160","11":"pa_resistance-max-m-162","12":"pa_true-rms-yes","13":"pa_vmax-ac-v-161","14":"pa_vmax-dc-v-159","16":"first","17":"instock","18":"taxable","19":"shipping-taxable","20":"purchasable","21":"product-type-simple"},"acf":[],"_links":{"self":[{"href":"https:\/\/yotavis.ch\/it\/wp-json\/wp\/v2\/product\/3616","targetHints":{"allow":["GET"]}}],"collection":[{"href":"https:\/\/yotavis.ch\/it\/wp-json\/wp\/v2\/product"}],"about":[{"href":"https:\/\/yotavis.ch\/it\/wp-json\/wp\/v2\/types\/product"}],"replies":[{"embeddable":true,"href":"https:\/\/yotavis.ch\/it\/wp-json\/wp\/v2\/comments?post=3616"}],"wp:featuredmedia":[{"embeddable":true,"href":"https:\/\/yotavis.ch\/it\/wp-json\/wp\/v2\/media\/5108"}],"wp:attachment":[{"href":"https:\/\/yotavis.ch\/it\/wp-json\/wp\/v2\/media?parent=3616"}],"wp:term":[{"taxonomy":"product_brand","embeddable":true,"href":"https:\/\/yotavis.ch\/it\/wp-json\/wp\/v2\/product_brand?post=3616"},{"taxonomy":"product_cat","embeddable":true,"href":"https:\/\/yotavis.ch\/it\/wp-json\/wp\/v2\/product_cat?post=3616"},{"taxonomy":"product_tag","embeddable":true,"href":"https:\/\/yotavis.ch\/it\/wp-json\/wp\/v2\/product_tag?post=3616"}],"curies":[{"name":"wp","href":"https:\/\/api.w.org\/{rel}","templated":true}]}}