{"id":3617,"date":"2025-10-09T00:00:00","date_gmt":"2025-10-08T22:00:00","guid":{"rendered":"https:\/\/yotavis.ch\/product\/sdm3055-sc\/"},"modified":"2026-04-24T13:27:43","modified_gmt":"2026-04-24T11:27:43","slug":"sdm3055-sc","status":"publish","type":"product","link":"https:\/\/yotavis.ch\/it\/prodotto\/sdm3055-sc\/","title":{"rendered":"SDM3055-SC"},"content":{"rendered":"<p>L'SDM3055-SC di Siglent \u00e8 dotato di un display a 5,5 cifre e supporta una tensione CC massima di 1000 volt e una corrente CC massima di 7 ampere. \u00c8 in grado di gestire fino a 750 volt CA e offre un intervallo di misura della resistenza fino a 100 megaohm. Questo modello include la funzionalit\u00e0 di misurazione True RMS, che garantisce letture accurate dei segnali CA. Il dispositivo \u00e8 dotato di una scheda scanner (SC1016) che consente una velocit\u00e0 di scansione di 50 canali al secondo, facilitando misure multicanale efficienti. Queste specifiche rendono l'SDM3055-SC adatto a varie applicazioni di test e misurazione elettrica in cui sono richieste elevate capacit\u00e0 di tensione e corrente, oltre a precise misure di resistenza e RMS.<\/p>","protected":false},"excerpt":{"rendered":"<p>SDM3055+ Scheda scanner \uff08SC1016\uff09<\/p>","protected":false},"featured_media":5115,"comment_status":"closed","ping_status":"closed","template":"","meta":{"_acf_changed":false,"slim_seo":{"title":"SDM3055-SC - YOTAVIS AG","description":"SDM3055+ Scheda scanner \uff08SC1016\uff09"}},"product_brand":[506],"product_cat":[1191,519,518],"product_tag":[],"class_list":{"0":"post-3617","1":"product","2":"type-product","3":"status-publish","4":"has-post-thumbnail","6":"product_brand-siglent","7":"product_cat-datalogger","8":"product_cat-desktop-meters-en","9":"product_cat-meters","10":"pa_channels-419","11":"pa_digits-5-5","12":"pa_imax-dc-a-160","13":"pa_resistance-max-m-162","14":"pa_scan-speed-ch-s-420","15":"pa_true-rms-yes","16":"pa_vmax-ac-v-161","17":"pa_vmax-dc-v-159","19":"first","20":"instock","21":"taxable","22":"shipping-taxable","23":"purchasable","24":"product-type-simple"},"acf":[],"_links":{"self":[{"href":"https:\/\/yotavis.ch\/it\/wp-json\/wp\/v2\/product\/3617","targetHints":{"allow":["GET"]}}],"collection":[{"href":"https:\/\/yotavis.ch\/it\/wp-json\/wp\/v2\/product"}],"about":[{"href":"https:\/\/yotavis.ch\/it\/wp-json\/wp\/v2\/types\/product"}],"replies":[{"embeddable":true,"href":"https:\/\/yotavis.ch\/it\/wp-json\/wp\/v2\/comments?post=3617"}],"wp:featuredmedia":[{"embeddable":true,"href":"https:\/\/yotavis.ch\/it\/wp-json\/wp\/v2\/media\/5115"}],"wp:attachment":[{"href":"https:\/\/yotavis.ch\/it\/wp-json\/wp\/v2\/media?parent=3617"}],"wp:term":[{"taxonomy":"product_brand","embeddable":true,"href":"https:\/\/yotavis.ch\/it\/wp-json\/wp\/v2\/product_brand?post=3617"},{"taxonomy":"product_cat","embeddable":true,"href":"https:\/\/yotavis.ch\/it\/wp-json\/wp\/v2\/product_cat?post=3617"},{"taxonomy":"product_tag","embeddable":true,"href":"https:\/\/yotavis.ch\/it\/wp-json\/wp\/v2\/product_tag?post=3617"}],"curies":[{"name":"wp","href":"https:\/\/api.w.org\/{rel}","templated":true}]}}