{"id":3618,"date":"2025-10-09T00:00:00","date_gmt":"2025-10-08T22:00:00","guid":{"rendered":"https:\/\/yotavis.ch\/product\/sdm3065x\/"},"modified":"2026-04-24T13:27:43","modified_gmt":"2026-04-24T11:27:43","slug":"sdm3065x","status":"publish","type":"product","link":"https:\/\/yotavis.ch\/it\/prodotto\/sdm3065x\/","title":{"rendered":"SDM3065X"},"content":{"rendered":"<p>L'SDM3065X di Siglent ha una risoluzione di 6\u00bd cifre e offre una velocit\u00e0 di campionamento di 10.000 letture al secondo. \u00c8 dotato di uno schermo TFT-LCD a colori da 4,3 pollici con una risoluzione di 480 x 272 pixel, che fornisce una visualizzazione chiara e dettagliata. Questo dispositivo supporta le misure True RMS sia per la tensione che per la corrente alternata, garantendo letture accurate in varie applicazioni elettriche. Lo strumento supporta un'interfaccia GPIB ed \u00e8 compatibile con una scheda scanner, che consente di ampliare la connettivit\u00e0 e le funzionalit\u00e0. Ha una tensione massima di 1000 volt e una corrente massima di 7 ampere. Per le misure in CA, la tensione massima \u00e8 di 750 volt. Il dispositivo pu\u00f2 misurare la resistenza fino a 100 megaohm. \u00c8 inclusa la funzionalit\u00e0 True RMS, che migliora la precisione delle misure in CA. L'SDM3065X \u00e8 stato progettato per soddisfare le esigenze degli utenti che richiedono un'acquisizione di dati ad alta risoluzione e ad alta velocit\u00e0 nelle attivit\u00e0 di test e misurazione elettrica.<\/p>","protected":false},"excerpt":{"rendered":"<p>6\u00bd cifre; velocit\u00e0 di campionamento di 10000rdgs\/s; display TFT-LCD a colori da 4,3 pollici (480 * 272); misurazioni di tensione CA e corrente CA RMS reali; supporta l'interfaccia GPIB, scheda scanner<\/p>","protected":false},"featured_media":5117,"comment_status":"closed","ping_status":"closed","template":"","meta":{"_acf_changed":false,"slim_seo":{"title":"SDM3065X - YOTAVIS AG","description":"6\u00bd-digit; 10000rdgs\/s sampling speed; 4.3 inch (480 * 272) true color TFT-LCD screen display; True RMS AC voltage and AC current measurements; supports GPIB int"}},"product_brand":[506],"product_cat":[519,518],"product_tag":[],"class_list":{"0":"post-3618","1":"product","2":"type-product","3":"status-publish","4":"has-post-thumbnail","6":"product_brand-siglent","7":"product_cat-desktop-meters-en","8":"product_cat-meters","9":"pa_digits-6-5","10":"pa_imax-dc-a-160","11":"pa_resistance-max-m-162","12":"pa_true-rms-yes","13":"pa_vmax-ac-v-161","14":"pa_vmax-dc-v-159","16":"first","17":"instock","18":"taxable","19":"shipping-taxable","20":"purchasable","21":"product-type-simple"},"acf":[],"_links":{"self":[{"href":"https:\/\/yotavis.ch\/it\/wp-json\/wp\/v2\/product\/3618","targetHints":{"allow":["GET"]}}],"collection":[{"href":"https:\/\/yotavis.ch\/it\/wp-json\/wp\/v2\/product"}],"about":[{"href":"https:\/\/yotavis.ch\/it\/wp-json\/wp\/v2\/types\/product"}],"replies":[{"embeddable":true,"href":"https:\/\/yotavis.ch\/it\/wp-json\/wp\/v2\/comments?post=3618"}],"wp:featuredmedia":[{"embeddable":true,"href":"https:\/\/yotavis.ch\/it\/wp-json\/wp\/v2\/media\/5117"}],"wp:attachment":[{"href":"https:\/\/yotavis.ch\/it\/wp-json\/wp\/v2\/media?parent=3618"}],"wp:term":[{"taxonomy":"product_brand","embeddable":true,"href":"https:\/\/yotavis.ch\/it\/wp-json\/wp\/v2\/product_brand?post=3618"},{"taxonomy":"product_cat","embeddable":true,"href":"https:\/\/yotavis.ch\/it\/wp-json\/wp\/v2\/product_cat?post=3618"},{"taxonomy":"product_tag","embeddable":true,"href":"https:\/\/yotavis.ch\/it\/wp-json\/wp\/v2\/product_tag?post=3618"}],"curies":[{"name":"wp","href":"https:\/\/api.w.org\/{rel}","templated":true}]}}