{"id":3619,"date":"2025-10-09T00:00:00","date_gmt":"2025-10-08T22:00:00","guid":{"rendered":"https:\/\/yotavis.ch\/product\/sdm3065x-sc\/"},"modified":"2026-04-24T13:27:44","modified_gmt":"2026-04-24T11:27:44","slug":"sdm3065x-sc","status":"publish","type":"product","link":"https:\/\/yotavis.ch\/it\/prodotto\/sdm3065x-sc\/","title":{"rendered":"SDM3065X-SC"},"content":{"rendered":"<p>L'SDM3065X-SC di Siglent \u00e8 dotato di una risoluzione a 6,5 cifre, che offre capacit\u00e0 di misura precise. Supporta una tensione CC massima di 1000 volt e una corrente CC massima di 7 ampere, consentendo di gestire un'ampia gamma di scenari di test elettrici. Per le misure in corrente alternata, \u00e8 in grado di gestire fino a 750 volt. Il dispositivo include una capacit\u00e0 di misurazione della resistenza con un massimo di 100 megaohm. \u00c8 dotato di funzionalit\u00e0 True RMS, che garantisce letture accurate dei segnali CA indipendentemente dalla forma d'onda. La scheda scanner SC1016 integrata nell'SDM3065X-SC offre una velocit\u00e0 di scansione di 50 canali al secondo, facilitando l'esecuzione di test multicanale. Questa combinazione di caratteristiche rende l'SDM3065X-SC adatto a compiti di misura elettrica dettagliati e diversificati.<\/p>","protected":false},"excerpt":{"rendered":"<p>SDM3065X+ Scheda scanner \uff08SC1016\uff09<\/p>","protected":false},"featured_media":5119,"comment_status":"closed","ping_status":"closed","template":"","meta":{"_acf_changed":false,"slim_seo":{"title":"SDM3065X-SC - YOTAVIS AG","description":"SDM3065X+ Scheda scanner \uff08SC1016\uff09"}},"product_brand":[506],"product_cat":[1191,519,518],"product_tag":[],"class_list":{"0":"post-3619","1":"product","2":"type-product","3":"status-publish","4":"has-post-thumbnail","6":"product_brand-siglent","7":"product_cat-datalogger","8":"product_cat-desktop-meters-en","9":"product_cat-meters","10":"pa_channels-419","11":"pa_digits-6-5","12":"pa_imax-dc-a-160","13":"pa_resistance-max-m-162","14":"pa_scan-speed-ch-s-420","15":"pa_true-rms-yes","16":"pa_vmax-ac-v-161","17":"pa_vmax-dc-v-159","19":"first","20":"instock","21":"taxable","22":"shipping-taxable","23":"purchasable","24":"product-type-simple"},"acf":[],"_links":{"self":[{"href":"https:\/\/yotavis.ch\/it\/wp-json\/wp\/v2\/product\/3619","targetHints":{"allow":["GET"]}}],"collection":[{"href":"https:\/\/yotavis.ch\/it\/wp-json\/wp\/v2\/product"}],"about":[{"href":"https:\/\/yotavis.ch\/it\/wp-json\/wp\/v2\/types\/product"}],"replies":[{"embeddable":true,"href":"https:\/\/yotavis.ch\/it\/wp-json\/wp\/v2\/comments?post=3619"}],"wp:featuredmedia":[{"embeddable":true,"href":"https:\/\/yotavis.ch\/it\/wp-json\/wp\/v2\/media\/5119"}],"wp:attachment":[{"href":"https:\/\/yotavis.ch\/it\/wp-json\/wp\/v2\/media?parent=3619"}],"wp:term":[{"taxonomy":"product_brand","embeddable":true,"href":"https:\/\/yotavis.ch\/it\/wp-json\/wp\/v2\/product_brand?post=3619"},{"taxonomy":"product_cat","embeddable":true,"href":"https:\/\/yotavis.ch\/it\/wp-json\/wp\/v2\/product_cat?post=3619"},{"taxonomy":"product_tag","embeddable":true,"href":"https:\/\/yotavis.ch\/it\/wp-json\/wp\/v2\/product_tag?post=3619"}],"curies":[{"name":"wp","href":"https:\/\/api.w.org\/{rel}","templated":true}]}}