{"id":3620,"date":"2025-10-09T00:00:00","date_gmt":"2025-10-08T22:00:00","guid":{"rendered":"https:\/\/yotavis.ch\/product\/sdm4055a\/"},"modified":"2026-04-24T13:27:44","modified_gmt":"2026-04-24T11:27:44","slug":"sdm4055a","status":"publish","type":"product","link":"https:\/\/yotavis.ch\/it\/prodotto\/sdm4055a\/","title":{"rendered":"SDM4055A"},"content":{"rendered":"<p>L'SDM4055A di Siglent ha una risoluzione di 5\u00bd cifre e offre una velocit\u00e0 di misura di 4800 letture al secondo. \u00c8 dotato di uno schermo TFT-LCD a colori da 5 pollici con una risoluzione di 800 x 480 pixel, che fornisce una visualizzazione chiara e dettagliata. Questo dispositivo supporta le misure True RMS sia per la tensione CA che per la corrente CA, garantendo letture accurate in vari ambienti elettrici. La tensione massima CC che pu\u00f2 gestire \u00e8 di 1000 volt, mentre la tensione massima CA \u00e8 di 750 volt. Per le misure di corrente, la corrente DC massima \u00e8 di 7 ampere. Inoltre, l'SDM4055A pu\u00f2 misurare la resistenza fino a 100 megaohm. \u00c8 inclusa la funzionalit\u00e0 True RMS, essenziale per misure precise in corrente alternata. Questa combinazione di funzioni rende l'SDM4055A adatto a test e analisi elettriche dettagliate.<\/p>","protected":false},"excerpt":{"rendered":"<p>5\u00bd cifre; velocit\u00e0 di misura di 4800rdgs\/s; display TFT-LCD a colori da 5 pollici (800 * 480); misure di tensione e corrente alternata RMS reale<\/p>","protected":false},"featured_media":5128,"comment_status":"closed","ping_status":"closed","template":"","meta":{"_acf_changed":false,"slim_seo":{"title":"SDM4055A - YOTAVIS AG","description":"5\u00bd cifre; velocit\u00e0 di misura di 4800rdgs\/s; display TFT-LCD a colori da 5 pollici (800 * 480); misure di tensione e corrente alternata RMS reale"}},"product_brand":[506],"product_cat":[519,518],"product_tag":[],"class_list":{"0":"post-3620","1":"product","2":"type-product","3":"status-publish","4":"has-post-thumbnail","6":"product_brand-siglent","7":"product_cat-desktop-meters-en","8":"product_cat-meters","9":"pa_digits-5-5","10":"pa_imax-dc-a-160","11":"pa_resistance-max-m-162","12":"pa_true-rms-yes","13":"pa_vmax-ac-v-161","14":"pa_vmax-dc-v-159","16":"first","17":"instock","18":"taxable","19":"shipping-taxable","20":"purchasable","21":"product-type-simple"},"acf":[],"_links":{"self":[{"href":"https:\/\/yotavis.ch\/it\/wp-json\/wp\/v2\/product\/3620","targetHints":{"allow":["GET"]}}],"collection":[{"href":"https:\/\/yotavis.ch\/it\/wp-json\/wp\/v2\/product"}],"about":[{"href":"https:\/\/yotavis.ch\/it\/wp-json\/wp\/v2\/types\/product"}],"replies":[{"embeddable":true,"href":"https:\/\/yotavis.ch\/it\/wp-json\/wp\/v2\/comments?post=3620"}],"wp:featuredmedia":[{"embeddable":true,"href":"https:\/\/yotavis.ch\/it\/wp-json\/wp\/v2\/media\/5128"}],"wp:attachment":[{"href":"https:\/\/yotavis.ch\/it\/wp-json\/wp\/v2\/media?parent=3620"}],"wp:term":[{"taxonomy":"product_brand","embeddable":true,"href":"https:\/\/yotavis.ch\/it\/wp-json\/wp\/v2\/product_brand?post=3620"},{"taxonomy":"product_cat","embeddable":true,"href":"https:\/\/yotavis.ch\/it\/wp-json\/wp\/v2\/product_cat?post=3620"},{"taxonomy":"product_tag","embeddable":true,"href":"https:\/\/yotavis.ch\/it\/wp-json\/wp\/v2\/product_tag?post=3620"}],"curies":[{"name":"wp","href":"https:\/\/api.w.org\/{rel}","templated":true}]}}