{"id":3621,"date":"2025-10-09T00:00:00","date_gmt":"2025-10-08T22:00:00","guid":{"rendered":"https:\/\/yotavis.ch\/product\/sdm4055a-sc\/"},"modified":"2026-04-24T13:27:46","modified_gmt":"2026-04-24T11:27:46","slug":"sdm4055a-sc","status":"publish","type":"product","link":"https:\/\/yotavis.ch\/it\/prodotto\/sdm4055a-sc\/","title":{"rendered":"SDM4055A-SC"},"content":{"rendered":"<p>L'SDM4055A-SC \u00e8 un prodotto di Siglent che comprende l'SDM4055 e una scheda scanner (SC1016). Il dispositivo \u00e8 dotato di un display a 5,5 cifre che offre funzionalit\u00e0 di misura precise. Il dispositivo supporta una tensione CC massima di 1000 volt e una corrente CC massima di 7 ampere, consentendo di gestire applicazioni ad alta tensione e ad alta corrente. Per le misure in CA, pu\u00f2 gestire fino a 750 volt. La capacit\u00e0 di misurare la resistenza si estende fino a 100 megaohm. Questo modello include la funzionalit\u00e0 True RMS, che garantisce letture accurate dei segnali CA indipendentemente dalla forma d'onda. La scheda scanner consente una velocit\u00e0 di scansione di 50 canali al secondo, facilitando le misure multicanale.<\/p>","protected":false},"excerpt":{"rendered":"<p>SDM4055+ Scheda scanner \uff08SC1016\uff09<\/p>","protected":false},"featured_media":5128,"comment_status":"closed","ping_status":"closed","template":"","meta":{"_acf_changed":false,"slim_seo":{"title":"SDM4055A-SC - YOTAVIS AG","description":"SDM4055+ Scheda scanner \uff08SC1016\uff09"}},"product_brand":[506],"product_cat":[1191,519,518],"product_tag":[],"class_list":{"0":"post-3621","1":"product","2":"type-product","3":"status-publish","4":"has-post-thumbnail","6":"product_brand-siglent","7":"product_cat-datalogger","8":"product_cat-desktop-meters-en","9":"product_cat-meters","10":"pa_channels-419","11":"pa_digits-5-5","12":"pa_imax-dc-a-160","13":"pa_resistance-max-m-162","14":"pa_scan-speed-ch-s-420","15":"pa_true-rms-yes","16":"pa_vmax-ac-v-161","17":"pa_vmax-dc-v-159","19":"first","20":"instock","21":"taxable","22":"shipping-taxable","23":"purchasable","24":"product-type-simple"},"acf":[],"_links":{"self":[{"href":"https:\/\/yotavis.ch\/it\/wp-json\/wp\/v2\/product\/3621","targetHints":{"allow":["GET"]}}],"collection":[{"href":"https:\/\/yotavis.ch\/it\/wp-json\/wp\/v2\/product"}],"about":[{"href":"https:\/\/yotavis.ch\/it\/wp-json\/wp\/v2\/types\/product"}],"replies":[{"embeddable":true,"href":"https:\/\/yotavis.ch\/it\/wp-json\/wp\/v2\/comments?post=3621"}],"wp:featuredmedia":[{"embeddable":true,"href":"https:\/\/yotavis.ch\/it\/wp-json\/wp\/v2\/media\/5128"}],"wp:attachment":[{"href":"https:\/\/yotavis.ch\/it\/wp-json\/wp\/v2\/media?parent=3621"}],"wp:term":[{"taxonomy":"product_brand","embeddable":true,"href":"https:\/\/yotavis.ch\/it\/wp-json\/wp\/v2\/product_brand?post=3621"},{"taxonomy":"product_cat","embeddable":true,"href":"https:\/\/yotavis.ch\/it\/wp-json\/wp\/v2\/product_cat?post=3621"},{"taxonomy":"product_tag","embeddable":true,"href":"https:\/\/yotavis.ch\/it\/wp-json\/wp\/v2\/product_tag?post=3621"}],"curies":[{"name":"wp","href":"https:\/\/api.w.org\/{rel}","templated":true}]}}