{"id":3622,"date":"2025-10-09T00:00:00","date_gmt":"2025-10-08T22:00:00","guid":{"rendered":"https:\/\/yotavis.ch\/product\/sdm4065a\/"},"modified":"2026-04-24T13:27:47","modified_gmt":"2026-04-24T11:27:47","slug":"sdm4065a","status":"publish","type":"product","link":"https:\/\/yotavis.ch\/it\/prodotto\/sdm4065a\/","title":{"rendered":"SDM4065A"},"content":{"rendered":"<p>L'SDM4065A di Siglent ha una risoluzione di 6\u00bd cifre e offre una velocit\u00e0 di campionamento di 50.000 letture al secondo. \u00c8 dotato di uno schermo TFT-LCD a colori da 5 pollici con una risoluzione di 800x480 pixel, che consente di visualizzare le misure in modo chiaro e dettagliato. Questo dispositivo supporta le misure True RMS sia per la tensione che per la corrente alternata, garantendo letture accurate in vari ambienti elettrici. La tensione CC massima che pu\u00f2 gestire \u00e8 di 1000 volt, mentre la tensione CA massima \u00e8 di 750 volt. Pu\u00f2 misurare correnti CC fino a 7 ampere e ha una capacit\u00e0 massima di misurazione della resistenza di 100 megaohm. La funzionalit\u00e0 True RMS \u00e8 inclusa per fornire misure AC precise in diverse applicazioni.<\/p>","protected":false},"excerpt":{"rendered":"<p>6\u00bd cifre; velocit\u00e0 di campionamento di 50000rdgs\/s; display TFT-LCD a colori da 5 pollici (800*480); misure di tensione CA e corrente CA RMS reali<\/p>","protected":false},"featured_media":5140,"comment_status":"closed","ping_status":"closed","template":"","meta":{"_acf_changed":false,"slim_seo":{"title":"SDM4065A - YOTAVIS AG","description":"6\u00bd cifre; velocit\u00e0 di campionamento di 50000rdgs\/s; display TFT-LCD a colori da 5 pollici (800*480); misure di tensione CA e corrente CA RMS reali"}},"product_brand":[506],"product_cat":[519,518],"product_tag":[],"class_list":{"0":"post-3622","1":"product","2":"type-product","3":"status-publish","4":"has-post-thumbnail","6":"product_brand-siglent","7":"product_cat-desktop-meters-en","8":"product_cat-meters","9":"pa_digits-6-5","10":"pa_imax-dc-a-160","11":"pa_resistance-max-m-162","12":"pa_true-rms-yes","13":"pa_vmax-ac-v-161","14":"pa_vmax-dc-v-159","16":"first","17":"instock","18":"taxable","19":"shipping-taxable","20":"purchasable","21":"product-type-simple"},"acf":[],"_links":{"self":[{"href":"https:\/\/yotavis.ch\/it\/wp-json\/wp\/v2\/product\/3622","targetHints":{"allow":["GET"]}}],"collection":[{"href":"https:\/\/yotavis.ch\/it\/wp-json\/wp\/v2\/product"}],"about":[{"href":"https:\/\/yotavis.ch\/it\/wp-json\/wp\/v2\/types\/product"}],"replies":[{"embeddable":true,"href":"https:\/\/yotavis.ch\/it\/wp-json\/wp\/v2\/comments?post=3622"}],"wp:featuredmedia":[{"embeddable":true,"href":"https:\/\/yotavis.ch\/it\/wp-json\/wp\/v2\/media\/5140"}],"wp:attachment":[{"href":"https:\/\/yotavis.ch\/it\/wp-json\/wp\/v2\/media?parent=3622"}],"wp:term":[{"taxonomy":"product_brand","embeddable":true,"href":"https:\/\/yotavis.ch\/it\/wp-json\/wp\/v2\/product_brand?post=3622"},{"taxonomy":"product_cat","embeddable":true,"href":"https:\/\/yotavis.ch\/it\/wp-json\/wp\/v2\/product_cat?post=3622"},{"taxonomy":"product_tag","embeddable":true,"href":"https:\/\/yotavis.ch\/it\/wp-json\/wp\/v2\/product_tag?post=3622"}],"curies":[{"name":"wp","href":"https:\/\/api.w.org\/{rel}","templated":true}]}}