{"id":3625,"date":"2025-10-09T00:00:00","date_gmt":"2025-10-08T22:00:00","guid":{"rendered":"https:\/\/yotavis.ch\/product\/ssg3021x-iqe\/"},"modified":"2026-04-24T13:27:48","modified_gmt":"2026-04-24T11:27:48","slug":"ssg3021x-iqe","status":"publish","type":"product","link":"https:\/\/yotavis.ch\/it\/prodotto\/ssg3021x-iqe\/","title":{"rendered":"SSG3021X-IQE"},"content":{"rendered":"<p>Il Siglent SSG3021X-IQE opera con una gamma di frequenze fino a circa 2,1 GHz e presenta una risoluzione di frequenza di 0,01 Hz. Offre un rumore di fase di -110 dBc\/Hz a 1 GHz con un offset di 20 kHz, garantendo una generazione precisa del segnale. Il dispositivo supporta una gamma di ampiezza da -110 dBm a +13 dBm, con un'ampiezza massima di 20 dBm. \u00c8 dotato di un touch-screen TFT da 5 pollici per l'interazione con l'utente e include la funzione EIQ per migliorare le capacit\u00e0 di modulazione del segnale. L'ampiezza di banda IQ di questo modello \u00e8 di 100 MHz, per consentire l'analisi e la generazione di segnali dettagliati. Questo prodotto \u00e8 stato progettato da Siglent ed \u00e8 adatto ad applicazioni che richiedono un controllo accurato della frequenza e dell'ampiezza entro i parametri specificati.<\/p>","protected":false},"excerpt":{"rendered":"<p>9 K ~ 2,1 GHz; -110 dBm ~ +13 dBm; risoluzione di frequenza di 0,01Hz\uff0c-110 dBc\/Hz @1 Ghz, offset di 20 kHz; touch-screen TFT da 5 pollici; con funzione EIQ<\/p>","protected":false},"featured_media":5153,"comment_status":"closed","ping_status":"closed","template":"","meta":{"_acf_changed":false,"slim_seo":{"title":"SSG3021X-IQE - YOTAVIS AG","description":"9 K ~ 2,1 GHz; -110 dBm ~ +13 dBm; risoluzione di frequenza di 0,01Hz\uff0c-110 dBc\/Hz @1 Ghz, offset di 20 kHz; touch-screen TFT da 5 pollici; con funzione EIQ"}},"product_brand":[506],"product_cat":[513,522],"product_tag":[],"class_list":{"0":"post-3625","1":"product","2":"type-product","3":"status-publish","4":"has-post-thumbnail","6":"product_brand-siglent","7":"product_cat-generator","8":"product_cat-rf-vector-generator","9":"pa_amplitude-dbm-170","10":"pa_channels-384","11":"pa_frequency-mhz-169","12":"pa_iq-bandwidth-mhz-423","14":"first","15":"instock","16":"taxable","17":"shipping-taxable","18":"purchasable","19":"product-type-simple"},"acf":[],"_links":{"self":[{"href":"https:\/\/yotavis.ch\/it\/wp-json\/wp\/v2\/product\/3625","targetHints":{"allow":["GET"]}}],"collection":[{"href":"https:\/\/yotavis.ch\/it\/wp-json\/wp\/v2\/product"}],"about":[{"href":"https:\/\/yotavis.ch\/it\/wp-json\/wp\/v2\/types\/product"}],"replies":[{"embeddable":true,"href":"https:\/\/yotavis.ch\/it\/wp-json\/wp\/v2\/comments?post=3625"}],"wp:featuredmedia":[{"embeddable":true,"href":"https:\/\/yotavis.ch\/it\/wp-json\/wp\/v2\/media\/5153"}],"wp:attachment":[{"href":"https:\/\/yotavis.ch\/it\/wp-json\/wp\/v2\/media?parent=3625"}],"wp:term":[{"taxonomy":"product_brand","embeddable":true,"href":"https:\/\/yotavis.ch\/it\/wp-json\/wp\/v2\/product_brand?post=3625"},{"taxonomy":"product_cat","embeddable":true,"href":"https:\/\/yotavis.ch\/it\/wp-json\/wp\/v2\/product_cat?post=3625"},{"taxonomy":"product_tag","embeddable":true,"href":"https:\/\/yotavis.ch\/it\/wp-json\/wp\/v2\/product_tag?post=3625"}],"curies":[{"name":"wp","href":"https:\/\/api.w.org\/{rel}","templated":true}]}}