{"id":3632,"date":"2025-10-09T00:00:00","date_gmt":"2025-10-08T22:00:00","guid":{"rendered":"https:\/\/yotavis.ch\/product\/ssa3021x\/"},"modified":"2026-04-24T13:27:56","modified_gmt":"2026-04-24T11:27:56","slug":"ssa3021x","status":"publish","type":"product","link":"https:\/\/yotavis.ch\/it\/prodotto\/ssa3021x\/","title":{"rendered":"SSA3021X"},"content":{"rendered":"<p>Il Siglent SSA3021X opera in una gamma di frequenze da 9 kHz a 2,1 GHz, offrendo una versatile capacit\u00e0 di analisi dello spettro. \u00c8 dotato di un livello di rumore di fase inferiore a -98 dBc\/Hz, che garantisce una misura precisa del segnale. La larghezza di banda di risoluzione (RBW) pu\u00f2 essere regolata tra 10 Hz e 1 MHz, consentendo un'analisi dettagliata della frequenza. Il dispositivo raggiunge un livello minimo di rumore medio visualizzato (DANL) di -161 dBm\/Hz, che supporta il rilevamento di segnali di livello molto basso. L'accuratezza dell'ampiezza totale viene mantenuta a meno di 0,7 dB, contribuendo a misure di ampiezza affidabili. L'SSA3021X \u00e8 dotato di un display WVGA da 10,1 pollici con una risoluzione di 1024 per 600 pixel, che offre una chiara visualizzazione dei dati dello spettro. \u00c8 stato progettato come strumento non portatile e comprende una larghezza di banda di analisi di 1 MHz. La capacit\u00e0 di frequenza massima \u00e8 di 2,1 GHz, mentre la frequenza minima \u00e8 di 9 kHz, coprendo un'ampia gamma di frequenze di segnale per varie applicazioni.<\/p>","protected":false},"excerpt":{"rendered":"<p>9KHz-2.1GHz, rumore di fase&lt;-98dBc\/Hz, RBW 10Hz-1MHz, Min. DANL -161dBm\/Hz, Precisione ampiezza totale&lt;0,7dB, display WVGA\uff081024x600\uff09 da 10,1 lnch\n<\/p>","protected":false},"featured_media":5185,"comment_status":"closed","ping_status":"closed","template":"","meta":{"_acf_changed":false,"slim_seo":{"title":"SSA3021X - YOTAVIS AG","description":"9KHz-2.1GHz, rumore di fase&lt;-98dBc\/Hz, RBW 10Hz-1MHz, Min. DANL -161dBm\/Hz, Precisione ampiezza totale&lt;0,7dB, display WVGA\uff081024x600\uff09 da 10,1 lnch"}},"product_brand":[506],"product_cat":[523,524],"product_tag":[],"class_list":{"0":"post-3632","1":"product","2":"type-product","3":"status-publish","4":"has-post-thumbnail","6":"product_brand-siglent","7":"product_cat-analyser","8":"product_cat-signal-spectrum-analyser","9":"pa_analysis-bandwidth-mhz-178","10":"pa_danl-dbm-hz-179","11":"pa_frequency-max-mhz-426","12":"pa_frequency-min-hz-177","13":"pa_handheld-no","14":"pa_rtsa-no","16":"first","17":"instock","18":"taxable","19":"shipping-taxable","20":"purchasable","21":"product-type-simple"},"acf":[],"_links":{"self":[{"href":"https:\/\/yotavis.ch\/it\/wp-json\/wp\/v2\/product\/3632","targetHints":{"allow":["GET"]}}],"collection":[{"href":"https:\/\/yotavis.ch\/it\/wp-json\/wp\/v2\/product"}],"about":[{"href":"https:\/\/yotavis.ch\/it\/wp-json\/wp\/v2\/types\/product"}],"replies":[{"embeddable":true,"href":"https:\/\/yotavis.ch\/it\/wp-json\/wp\/v2\/comments?post=3632"}],"wp:featuredmedia":[{"embeddable":true,"href":"https:\/\/yotavis.ch\/it\/wp-json\/wp\/v2\/media\/5185"}],"wp:attachment":[{"href":"https:\/\/yotavis.ch\/it\/wp-json\/wp\/v2\/media?parent=3632"}],"wp:term":[{"taxonomy":"product_brand","embeddable":true,"href":"https:\/\/yotavis.ch\/it\/wp-json\/wp\/v2\/product_brand?post=3632"},{"taxonomy":"product_cat","embeddable":true,"href":"https:\/\/yotavis.ch\/it\/wp-json\/wp\/v2\/product_cat?post=3632"},{"taxonomy":"product_tag","embeddable":true,"href":"https:\/\/yotavis.ch\/it\/wp-json\/wp\/v2\/product_tag?post=3632"}],"curies":[{"name":"wp","href":"https:\/\/api.w.org\/{rel}","templated":true}]}}