{"id":3635,"date":"2025-10-09T00:00:00","date_gmt":"2025-10-08T22:00:00","guid":{"rendered":"https:\/\/yotavis.ch\/product\/ssa3021x-plus\/"},"modified":"2026-04-24T13:28:00","modified_gmt":"2026-04-24T11:28:00","slug":"ssa3021x-plus","status":"publish","type":"product","link":"https:\/\/yotavis.ch\/it\/prodotto\/ssa3021x-plus\/","title":{"rendered":"SSA3021X Plus"},"content":{"rendered":"<p>L'SSA3021X Plus di Siglent opera in una gamma di frequenze da 9 kHz a 2,1 GHz, con un livello di rumore di fase inferiore a -98 dBc\/Hz. \u00c8 dotato di una larghezza di banda di risoluzione (RBW) regolabile da 1 Hz a 1 MHz, che consente un'analisi dettagliata del segnale. Il dispositivo offre un livello minimo di rumore medio visualizzato (DANL) di -161 dBm\/Hz, garantendo un'elevata sensibilit\u00e0 nelle misure. L'accuratezza dell'ampiezza totale si mantiene al di sotto di 0,7 dB, contribuendo a letture precise dell'ampiezza. Lo strumento \u00e8 dotato di un touch screen WVGA da 10,1 pollici con una risoluzione di 1024 per 600 pixel, che facilita l'interazione e il controllo da parte dell'utente. La larghezza di banda di analisi \u00e8 impostata a 1 MHz e supporta diverse attivit\u00e0 di elaborazione del segnale. Questo modello non \u00e8 portatile, ma \u00e8 progettato per l'uso su banco in laboratorio o in ambienti industriali.<\/p>","protected":false},"excerpt":{"rendered":"<p>9KHz-2.1GHz, rumore di fase&lt;-98dBc\/Hz, RBW 1Hz-1MHz, Min. DANL -161dBm\/Hz, Precisione ampiezza totale&lt;0,7 dB, schermo touch screen WVGA (1024x600) da 10,1 lnch\n<\/p>","protected":false},"featured_media":5192,"comment_status":"closed","ping_status":"closed","template":"","meta":{"_acf_changed":false,"slim_seo":{"title":"SSA3021X Plus - YOTAVIS AG","description":"9KHz-2.1GHz, rumore di fase&lt;-98dBc\/Hz, RBW 1Hz-1MHz, Min. DANL -161dBm\/Hz, Precisione ampiezza totale&lt;0,7 dB, schermo touch screen WVGA (1024x600) da 10,1 lnch"}},"product_brand":[506],"product_cat":[523,524],"product_tag":[],"class_list":{"0":"post-3635","1":"product","2":"type-product","3":"status-publish","4":"has-post-thumbnail","6":"product_brand-siglent","7":"product_cat-analyser","8":"product_cat-signal-spectrum-analyser","9":"pa_analysis-bandwidth-mhz-178","10":"pa_danl-dbm-hz-179","11":"pa_frequency-max-mhz-426","12":"pa_frequency-min-hz-177","13":"pa_handheld-no","14":"pa_rtsa-no","16":"first","17":"instock","18":"taxable","19":"shipping-taxable","20":"purchasable","21":"product-type-simple"},"acf":[],"_links":{"self":[{"href":"https:\/\/yotavis.ch\/it\/wp-json\/wp\/v2\/product\/3635","targetHints":{"allow":["GET"]}}],"collection":[{"href":"https:\/\/yotavis.ch\/it\/wp-json\/wp\/v2\/product"}],"about":[{"href":"https:\/\/yotavis.ch\/it\/wp-json\/wp\/v2\/types\/product"}],"replies":[{"embeddable":true,"href":"https:\/\/yotavis.ch\/it\/wp-json\/wp\/v2\/comments?post=3635"}],"wp:featuredmedia":[{"embeddable":true,"href":"https:\/\/yotavis.ch\/it\/wp-json\/wp\/v2\/media\/5192"}],"wp:attachment":[{"href":"https:\/\/yotavis.ch\/it\/wp-json\/wp\/v2\/media?parent=3635"}],"wp:term":[{"taxonomy":"product_brand","embeddable":true,"href":"https:\/\/yotavis.ch\/it\/wp-json\/wp\/v2\/product_brand?post=3635"},{"taxonomy":"product_cat","embeddable":true,"href":"https:\/\/yotavis.ch\/it\/wp-json\/wp\/v2\/product_cat?post=3635"},{"taxonomy":"product_tag","embeddable":true,"href":"https:\/\/yotavis.ch\/it\/wp-json\/wp\/v2\/product_tag?post=3635"}],"curies":[{"name":"wp","href":"https:\/\/api.w.org\/{rel}","templated":true}]}}