{"id":3638,"date":"2025-10-09T00:00:00","date_gmt":"2025-10-08T22:00:00","guid":{"rendered":"https:\/\/yotavis.ch\/product\/ssa3032x-r\/"},"modified":"2026-04-24T13:28:04","modified_gmt":"2026-04-24T11:28:04","slug":"ssa3032x-r","status":"publish","type":"product","link":"https:\/\/yotavis.ch\/it\/prodotto\/ssa3032x-r\/","title":{"rendered":"SSA3032X-R"},"content":{"rendered":"<p>L'SSA3032X-R di Siglent opera in una gamma di frequenze da 9 kHz a 3,2 GHz, offrendo capacit\u00e0 di misura versatili. \u00c8 dotato di una funzione di analizzatore di rete vettoriale (VNA) che copre da 100 kHz a 3,2 GHz, consentendo un'analisi dettagliata della rete. La larghezza di banda di risoluzione (RBW) pu\u00f2 essere regolata da 1 Hz a 3 MHz, per una risoluzione precisa del segnale. Il dispositivo offre un livello di rumore medio visualizzato (DANL) di -165 dBm\/Hz, garantendo la sensibilit\u00e0 ai segnali di basso livello. Il rumore di fase \u00e8 inferiore a -98 dBc\/Hz e contribuisce alla chiarezza del segnale. La larghezza di banda in tempo reale \u00e8 disponibile a 25 MHz, con un upgrade opzionale a 40 MHz, che consente un'analisi completa dello spettro in tempo reale. Le modalit\u00e0 di misura dell'analizzatore di spettro in tempo reale (RTSA) includono densit\u00e0, spettrogramma, 3D e PvT, per migliorare la visualizzazione del segnale. Inoltre, lo strumento supporta le funzioni standard VNA e distance-to-fault (DTF), ampliando la sua gamma di applicazioni. La frequenza massima \u00e8 di 3,2 GHz e la frequenza minima \u00e8 di 9 kHz. Questo modello non \u00e8 portatile e comprende una larghezza di banda di analisi di 40 MHz.<\/p>","protected":false},"excerpt":{"rendered":"<p>SA 9 kHz &#8211; 3.2 GHz; VNA 100kHz~3.2GHz; RBW 1 Hz &#8211; 3 MHz; DANL -165 dBm\/Hz; Phase Noise &lt;-98 dBc\/Hz; larghezza di banda in tempo reale 25 MHz (opzione 40 MHz); misurazione RTSA: Densit\u00e0, spettrogramma, 3D, PvT, funzione VNA e DTF standard\n<\/p>","protected":false},"featured_media":5202,"comment_status":"closed","ping_status":"closed","template":"","meta":{"_acf_changed":false,"slim_seo":{"title":"SSA3032X-R - YOTAVIS AG","description":"SA 9 kHz - 3,2 GHz; VNA 100kHz~3,2GHz; RBW 1 Hz - 3 MHz; DANL -165 dBm\/Hz; Rumore di fase <-98 dBc\/Hz; Real Time Band Width 25 MHz(Option 40 MHz); RTSA Measurement"}},"product_brand":[506],"product_cat":[523,524],"product_tag":[],"class_list":{"0":"post-3638","1":"product","2":"type-product","3":"status-publish","4":"has-post-thumbnail","6":"product_brand-siglent","7":"product_cat-analyser","8":"product_cat-signal-spectrum-analyser","9":"pa_analysis-bandwidth-mhz-185","10":"pa_danl-dbm-hz-184","11":"pa_frequency-max-mhz-429","12":"pa_frequency-min-hz-177","13":"pa_handheld-no","14":"pa_rtsa-opt","16":"first","17":"instock","18":"taxable","19":"shipping-taxable","20":"purchasable","21":"product-type-simple"},"acf":[],"_links":{"self":[{"href":"https:\/\/yotavis.ch\/it\/wp-json\/wp\/v2\/product\/3638","targetHints":{"allow":["GET"]}}],"collection":[{"href":"https:\/\/yotavis.ch\/it\/wp-json\/wp\/v2\/product"}],"about":[{"href":"https:\/\/yotavis.ch\/it\/wp-json\/wp\/v2\/types\/product"}],"replies":[{"embeddable":true,"href":"https:\/\/yotavis.ch\/it\/wp-json\/wp\/v2\/comments?post=3638"}],"wp:featuredmedia":[{"embeddable":true,"href":"https:\/\/yotavis.ch\/it\/wp-json\/wp\/v2\/media\/5202"}],"wp:attachment":[{"href":"https:\/\/yotavis.ch\/it\/wp-json\/wp\/v2\/media?parent=3638"}],"wp:term":[{"taxonomy":"product_brand","embeddable":true,"href":"https:\/\/yotavis.ch\/it\/wp-json\/wp\/v2\/product_brand?post=3638"},{"taxonomy":"product_cat","embeddable":true,"href":"https:\/\/yotavis.ch\/it\/wp-json\/wp\/v2\/product_cat?post=3638"},{"taxonomy":"product_tag","embeddable":true,"href":"https:\/\/yotavis.ch\/it\/wp-json\/wp\/v2\/product_tag?post=3638"}],"curies":[{"name":"wp","href":"https:\/\/api.w.org\/{rel}","templated":true}]}}