{"id":3640,"date":"2025-10-09T00:00:00","date_gmt":"2025-10-08T22:00:00","guid":{"rendered":"https:\/\/yotavis.ch\/product\/ssa3075x-r\/"},"modified":"2026-04-24T13:28:05","modified_gmt":"2026-04-24T11:28:05","slug":"ssa3075x-r","status":"publish","type":"product","link":"https:\/\/yotavis.ch\/it\/prodotto\/ssa3075x-r\/","title":{"rendered":"SSA3075X-R"},"content":{"rendered":"<p>L'SSA3075X-R di Siglent opera in una gamma di frequenze da 9 kHz a 7,5 GHz, con una larghezza di banda di risoluzione (RBW) regolabile tra 1 Hz e 3 MHz. \u00c8 dotato di un livello di rumore medio visualizzato (DANL) di -165 dBm\/Hz, che fornisce un basso rumore di fondo per l'analisi del segnale. Il rumore di fase \u00e8 inferiore a -98 dBc\/Hz e contribuisce alla chiarezza del segnale durante le misure. Questo modello supporta le opzioni di larghezza di banda in tempo reale di 25 MHz e 40 MHz, consentendo l'acquisizione e l'analisi dettagliata del segnale. Le capacit\u00e0 di misura dell'analizzatore di spettro in tempo reale (RTSA) includono densit\u00e0, spettrogramma, 3D, PvT, oltre alle funzioni standard di analizzatore di rete vettoriale (VNA) e di distanza dal guasto (DTF). La frequenza massima supportata \u00e8 di 7,5 GHz, mentre la frequenza minima \u00e8 di 9 kHz. La larghezza di banda di analisi \u00e8 di 40 MHz, consentendo un esame completo delle caratteristiche del segnale su un ampio spettro. Questo strumento non \u00e8 portatile, ma \u00e8 progettato per l'uso su banco o fisso.<\/p>","protected":false},"excerpt":{"rendered":"<p>SA 9 kHz &#8211; 7.5 GHz; RBW 1 Hz &#8211; 3 MHz; DANL -165 dBm\/Hz; Phase Noise &lt;-98 dBc\/Hz; larghezza di banda in tempo reale 25 MHz, 40 MHz; misurazione RTSA: Densit\u00e0, spettrogramma, 3D, PvT, VNA standard e funzione DTF\n<\/p>","protected":false},"featured_media":5205,"comment_status":"closed","ping_status":"closed","template":"","meta":{"_acf_changed":false,"slim_seo":{"title":"SSA3075X-R - YOTAVIS AG","description":"SA 9 kHz - 7,5 GHz; RBW 1 Hz - 3 MHz; DANL -165 dBm\/Hz; Rumore di fase <-98 dBc\/Hz; Real Time Band Width 25 MHz, 40 MHz; RTSA Measurement: Density, Spectrogram, 3D"}},"product_brand":[506],"product_cat":[523,524],"product_tag":[],"class_list":{"0":"post-3640","1":"product","2":"type-product","3":"status-publish","4":"has-post-thumbnail","6":"product_brand-siglent","7":"product_cat-analyser","8":"product_cat-signal-spectrum-analyser","9":"pa_analysis-bandwidth-mhz-185","10":"pa_danl-dbm-hz-184","11":"pa_frequency-max-mhz-431","12":"pa_frequency-min-hz-177","13":"pa_handheld-no","14":"pa_rtsa-opt","16":"first","17":"instock","18":"taxable","19":"shipping-taxable","20":"purchasable","21":"product-type-simple"},"acf":[],"_links":{"self":[{"href":"https:\/\/yotavis.ch\/it\/wp-json\/wp\/v2\/product\/3640","targetHints":{"allow":["GET"]}}],"collection":[{"href":"https:\/\/yotavis.ch\/it\/wp-json\/wp\/v2\/product"}],"about":[{"href":"https:\/\/yotavis.ch\/it\/wp-json\/wp\/v2\/types\/product"}],"replies":[{"embeddable":true,"href":"https:\/\/yotavis.ch\/it\/wp-json\/wp\/v2\/comments?post=3640"}],"wp:featuredmedia":[{"embeddable":true,"href":"https:\/\/yotavis.ch\/it\/wp-json\/wp\/v2\/media\/5205"}],"wp:attachment":[{"href":"https:\/\/yotavis.ch\/it\/wp-json\/wp\/v2\/media?parent=3640"}],"wp:term":[{"taxonomy":"product_brand","embeddable":true,"href":"https:\/\/yotavis.ch\/it\/wp-json\/wp\/v2\/product_brand?post=3640"},{"taxonomy":"product_cat","embeddable":true,"href":"https:\/\/yotavis.ch\/it\/wp-json\/wp\/v2\/product_cat?post=3640"},{"taxonomy":"product_tag","embeddable":true,"href":"https:\/\/yotavis.ch\/it\/wp-json\/wp\/v2\/product_tag?post=3640"}],"curies":[{"name":"wp","href":"https:\/\/api.w.org\/{rel}","templated":true}]}}