{"id":3642,"date":"2025-10-09T00:00:00","date_gmt":"2025-10-08T22:00:00","guid":{"rendered":"https:\/\/yotavis.ch\/product\/sva1032x\/"},"modified":"2026-04-24T13:28:06","modified_gmt":"2026-04-24T11:28:06","slug":"sva1032x","status":"publish","type":"product","link":"https:\/\/yotavis.ch\/it\/prodotto\/sva1032x\/","title":{"rendered":"SVA1032X"},"content":{"rendered":"<p>Il Siglent SVA1032X opera su una gamma di frequenze da 9 kHz a 3,2 GHz, combinando un analizzatore di spettro e un analizzatore di rete vettoriale con una gamma di frequenze da 100 kHz a 3,2 GHz. Presenta un livello di rumore di fase inferiore a -98 dBc\/Hz e offre una larghezza di banda di risoluzione (RBW) regolabile da 1 Hz a 1 MHz. Il dispositivo raggiunge un livello minimo di rumore medio visualizzato (DANL) di -161 dBm\/Hz, garantendo un'elevata sensibilit\u00e0 nel rilevamento dei segnali. L'accuratezza dell'ampiezza totale \u00e8 mantenuta al di sotto di 0,7 dB, a supporto di misure di ampiezza precise. L'analizzatore supporta la funzione di tracking generator (TG), migliorando le sue capacit\u00e0 di test. Con una gamma dinamica di 90 dB e due porte disponibili, lo SVA1032X \u00e8 progettato per applicazioni versatili di analisi del segnale. Questo modello non \u00e8 portatile e copre una frequenza massima di 3,2 GHz, rendendolo adatto a un'ampia gamma di scenari di test RF.<\/p>","protected":false},"excerpt":{"rendered":"<p>9 KHz &#8211; 3.2 GHz SA, 100kHz-3.2GHz VNA, Phase Noise &lt; -98 dBc\/Hz, RBW 1 Hz - 1 MHz, Min. DANL -161 dBm\/Hz, Precisione ampiezza totale&lt;0,7 dB, Supporto TG;\n<\/p>","protected":false},"featured_media":5210,"comment_status":"closed","ping_status":"closed","template":"","meta":{"_acf_changed":false,"slim_seo":{"title":"SVA1032X - YOTAVIS AG","description":"9 KHz - 3,2 GHz SA, 100kHz-3,2GHz VNA, rumore di fase &lt; -98 dBc\/Hz, RBW 1 Hz - 1 MHz, Min. DANL -161 dBm\/Hz, Precisione ampiezza totale&lt;0,7 dB, Supporto TG;"}},"product_brand":[506],"product_cat":[523,525],"product_tag":[],"class_list":{"0":"post-3642","1":"product","2":"type-product","3":"status-publish","4":"has-post-thumbnail","6":"product_brand-siglent","7":"product_cat-analyser","8":"product_cat-vna","9":"pa_dynamic-range-db-187","10":"pa_frequency-max-mhz-429","11":"pa_frequency-min-hz-177","12":"pa_handheld-no","13":"pa_ports-188","15":"first","16":"instock","17":"taxable","18":"shipping-taxable","19":"purchasable","20":"product-type-simple"},"acf":[],"_links":{"self":[{"href":"https:\/\/yotavis.ch\/it\/wp-json\/wp\/v2\/product\/3642","targetHints":{"allow":["GET"]}}],"collection":[{"href":"https:\/\/yotavis.ch\/it\/wp-json\/wp\/v2\/product"}],"about":[{"href":"https:\/\/yotavis.ch\/it\/wp-json\/wp\/v2\/types\/product"}],"replies":[{"embeddable":true,"href":"https:\/\/yotavis.ch\/it\/wp-json\/wp\/v2\/comments?post=3642"}],"wp:featuredmedia":[{"embeddable":true,"href":"https:\/\/yotavis.ch\/it\/wp-json\/wp\/v2\/media\/5210"}],"wp:attachment":[{"href":"https:\/\/yotavis.ch\/it\/wp-json\/wp\/v2\/media?parent=3642"}],"wp:term":[{"taxonomy":"product_brand","embeddable":true,"href":"https:\/\/yotavis.ch\/it\/wp-json\/wp\/v2\/product_brand?post=3642"},{"taxonomy":"product_cat","embeddable":true,"href":"https:\/\/yotavis.ch\/it\/wp-json\/wp\/v2\/product_cat?post=3642"},{"taxonomy":"product_tag","embeddable":true,"href":"https:\/\/yotavis.ch\/it\/wp-json\/wp\/v2\/product_tag?post=3642"}],"curies":[{"name":"wp","href":"https:\/\/api.w.org\/{rel}","templated":true}]}}