{"id":3643,"date":"2025-10-09T00:00:00","date_gmt":"2025-10-08T22:00:00","guid":{"rendered":"https:\/\/yotavis.ch\/product\/sva1075x\/"},"modified":"2026-04-24T13:28:07","modified_gmt":"2026-04-24T11:28:07","slug":"sva1075x","status":"publish","type":"product","link":"https:\/\/yotavis.ch\/it\/prodotto\/sva1075x\/","title":{"rendered":"SVA1075X"},"content":{"rendered":"<p>Il Siglent SVA1075X opera su una gamma di frequenze da 9 kHz a 7,5 GHz, combinando un analizzatore di spettro e un analizzatore di rete vettoriale con una gamma di frequenze da 100 kHz a 7,5 GHz. Il livello di rumore di fase \u00e8 inferiore a -98 dBc\/Hz e garantisce un'analisi precisa del segnale. La larghezza di banda di risoluzione (RBW) pu\u00f2 essere regolata da 1 Hz a 1 MHz, consentendo una risoluzione di frequenza dettagliata. Il dispositivo raggiunge un livello minimo di rumore medio visualizzato (DANL) di -165 dBm\/Hz, che contribuisce alla sua sensibilit\u00e0 nel rilevare segnali di basso livello. L'accuratezza dell'ampiezza totale viene mantenuta a meno di 0,7 dB, a supporto di misure di ampiezza affidabili. Lo SVA1075X supporta un generatore di tracking (TG), migliorando le sue capacit\u00e0 per le applicazioni di test e misurazione. Include due porte e offre una gamma dinamica di 90 dB, adatta a una variet\u00e0 di attivit\u00e0 di analisi del segnale. Questo modello non \u00e8 portatile e copre una gamma di frequenze da 9.000 Hz a 7.500 MHz.<\/p>","protected":false},"excerpt":{"rendered":"<p>9 KHz &#8211; 7.5 GHz SA, 100kHz-7.5GHz VNA, Phase Noise &lt; -98 dBc\/Hz, RBW 1 Hz - 1 MHz, Min. DANL -165 dBm\/Hz, Precisione ampiezza totale&lt;0,7 dB, Supporto TG;\n<\/p>","protected":false},"featured_media":5216,"comment_status":"closed","ping_status":"closed","template":"","meta":{"_acf_changed":false,"slim_seo":{"title":"SVA1075X - YOTAVIS AG","description":"9 KHz - 7,5 GHz SA, 100kHz-7,5GHz VNA, rumore di fase &lt; -98 dBc\/Hz, RBW 1 Hz - 1 MHz, Min. DANL -165 dBm\/Hz, Precisione ampiezza totale&lt;0,7 dB, Supporto TG;"}},"product_brand":[506],"product_cat":[523,525],"product_tag":[],"class_list":{"0":"post-3643","1":"product","2":"type-product","3":"status-publish","4":"has-post-thumbnail","6":"product_brand-siglent","7":"product_cat-analyser","8":"product_cat-vna","9":"pa_dynamic-range-db-187","10":"pa_frequency-max-mhz-431","11":"pa_frequency-min-hz-177","12":"pa_handheld-no","13":"pa_ports-188","15":"first","16":"instock","17":"taxable","18":"shipping-taxable","19":"purchasable","20":"product-type-simple"},"acf":[],"_links":{"self":[{"href":"https:\/\/yotavis.ch\/it\/wp-json\/wp\/v2\/product\/3643","targetHints":{"allow":["GET"]}}],"collection":[{"href":"https:\/\/yotavis.ch\/it\/wp-json\/wp\/v2\/product"}],"about":[{"href":"https:\/\/yotavis.ch\/it\/wp-json\/wp\/v2\/types\/product"}],"replies":[{"embeddable":true,"href":"https:\/\/yotavis.ch\/it\/wp-json\/wp\/v2\/comments?post=3643"}],"wp:featuredmedia":[{"embeddable":true,"href":"https:\/\/yotavis.ch\/it\/wp-json\/wp\/v2\/media\/5216"}],"wp:attachment":[{"href":"https:\/\/yotavis.ch\/it\/wp-json\/wp\/v2\/media?parent=3643"}],"wp:term":[{"taxonomy":"product_brand","embeddable":true,"href":"https:\/\/yotavis.ch\/it\/wp-json\/wp\/v2\/product_brand?post=3643"},{"taxonomy":"product_cat","embeddable":true,"href":"https:\/\/yotavis.ch\/it\/wp-json\/wp\/v2\/product_cat?post=3643"},{"taxonomy":"product_tag","embeddable":true,"href":"https:\/\/yotavis.ch\/it\/wp-json\/wp\/v2\/product_tag?post=3643"}],"curies":[{"name":"wp","href":"https:\/\/api.w.org\/{rel}","templated":true}]}}